{"id":809,"date":"2022-05-10T11:21:12","date_gmt":"2022-05-10T09:21:12","guid":{"rendered":"https:\/\/www.texible.com\/impressum\/"},"modified":"2022-07-29T09:32:36","modified_gmt":"2022-07-29T07:32:36","slug":"impressum","status":"publish","type":"page","link":"https:\/\/www.texible.com\/de\/impressum\/","title":{"rendered":"Impressum"},"content":{"rendered":"<p>[vc_row full_width=&#8220;stretch_row&#8220; content_placement=&#8220;middle&#8220; el_class=&#8220;pagekey-light&#8220;][vc_column][vc_row_inner][vc_column_inner width=&#8220;11\/12&#8243;][vc_column_text css_animation=&#8220;fadeIn&#8220;]<\/p>\n<h4>Texible<\/h4>\n<p>[\/vc_column_text][vc_column_text css_animation=&#8220;fadeIn&#8220;]<\/p>\n<h1>Impressum<\/h1>\n<p>[\/vc_column_text][\/vc_column_inner][vc_column_inner el_class=&#8220;rwdhide&#8220; width=&#8220;1\/12&#8243;][\/vc_column_inner][\/vc_row_inner][\/vc_column][\/vc_row][vc_row el_class=&#8220;section_large padbottom&#8220;][vc_column][vc_row_inner content_placement=&#8220;middle&#8220;][vc_column_inner width=&#8220;2\/3&#8243;][vc_column_text css_animation=&#8220;fadeIn&#8220;]Texible Gmbh<br \/>\nWidagasse 9<br \/>\n6850 Dornbirn<\/p>\n<p>Gesch\u00e4ftsf\u00fchrung:<br \/>\nThomas Fr\u00f6is<br \/>\n&#x69;&#x6e;&#x66;&#x6f;&#x40;&#x74;&#101;&#120;&#105;&#98;le&#46;c&#x6f;&#x6d;<\/p>\n<p>Gesch\u00e4ftsfeld:<br \/>\nDie Entwicklung, Produktion und der Handel von technischen und smarten Textilien und deren Accessoires.<\/p>\n<p>Firmenbuchnummer: 454058 h<br \/>\nUID: ATU71146645[\/vc_column_text][\/vc_column_inner][vc_column_inner width=&#8220;1\/3&#8243;][\/vc_column_inner][\/vc_row_inner][\/vc_column][\/vc_row]<\/p>\n","protected":false},"excerpt":{"rendered":"<p>[vc_row full_width=&#8220;stretch_row&#8220; content_placement=&#8220;middle&#8220; el_class=&#8220;pagekey-light&#8220;][vc_column][vc_row_inner][vc_column_inner width=&#8220;11\/12&#8243;][vc_column_text css_animation=&#8220;fadeIn&#8220;] Texible [\/vc_column_text][vc_column_text css_animation=&#8220;fadeIn&#8220;] Impressum [\/vc_column_text][\/vc_column_inner][vc_column_inner el_class=&#8220;rwdhide&#8220; width=&#8220;1\/12&#8243;][\/vc_column_inner][\/vc_row_inner][\/vc_column][\/vc_row][vc_row el_class=&#8220;section_large padbottom&#8220;][vc_column][vc_row_inner content_placement=&#8220;middle&#8220;][vc_column_inner width=&#8220;2\/3&#8243;][vc_column_text css_animation=&#8220;fadeIn&#8220;]Texible Gmbh Widagasse 9 6850 Dornbirn Gesch\u00e4ftsf\u00fchrung: Thomas Fr\u00f6is &#105;&#x6e;&#102;&#x6f;&#64;&#x74;&#101;&#x78;i&#x62;l&#x65;&#46;&#x63;o&#109; Gesch\u00e4ftsfeld: Die Entwicklung, Produktion und der Handel von technischen und smarten Textilien und deren Accessoires. Firmenbuchnummer: 454058 h UID: ATU71146645[\/vc_column_text][\/vc_column_inner][vc_column_inner width=&#8220;1\/3&#8243;][\/vc_column_inner][\/vc_row_inner][\/vc_column][\/vc_row]<\/p>\n","protected":false},"author":2,"featured_media":0,"parent":0,"menu_order":11,"comment_status":"closed","ping_status":"closed","template":"","meta":{"footnotes":""},"class_list":["post-809","page","type-page","status-publish","hentry"],"yoast_head":"<!-- This site is optimized with the Yoast SEO plugin v20.0 - https:\/\/yoast.com\/wordpress\/plugins\/seo\/ -->\n<title>Impressum - TEXIBLE<\/title>\n<meta name=\"robots\" content=\"index, follow, max-snippet:-1, max-image-preview:large, max-video-preview:-1\" \/>\n<link rel=\"canonical\" href=\"https:\/\/www.texible.com\/de\/impressum\/\" \/>\n<meta property=\"og:locale\" content=\"de_DE\" \/>\n<meta property=\"og:type\" content=\"article\" \/>\n<meta property=\"og:title\" content=\"Impressum - TEXIBLE\" \/>\n<meta property=\"og:description\" content=\"[vc_row full_width=&#8220;stretch_row&#8220; content_placement=&#8220;middle&#8220; el_class=&#8220;pagekey-light&#8220;][vc_column][vc_row_inner][vc_column_inner width=&#8220;11\/12&#8243;][vc_column_text css_animation=&#8220;fadeIn&#8220;] Texible [\/vc_column_text][vc_column_text css_animation=&#8220;fadeIn&#8220;] Impressum [\/vc_column_text][\/vc_column_inner][vc_column_inner el_class=&#8220;rwdhide&#8220; width=&#8220;1\/12&#8243;][\/vc_column_inner][\/vc_row_inner][\/vc_column][\/vc_row][vc_row el_class=&#8220;section_large padbottom&#8220;][vc_column][vc_row_inner content_placement=&#8220;middle&#8220;][vc_column_inner width=&#8220;2\/3&#8243;][vc_column_text css_animation=&#8220;fadeIn&#8220;]Texible Gmbh Widagasse 9 6850 Dornbirn Gesch\u00e4ftsf\u00fchrung: Thomas Fr\u00f6is &#x69;&#110;&#x66;&#111;&#064;&#x74;&#101;x&#x69;&#098;&#x6c;&#x65;&#046;&#x63;&#111;m Gesch\u00e4ftsfeld: Die Entwicklung, Produktion und der Handel von technischen und smarten Textilien und deren Accessoires. Firmenbuchnummer: 454058 h UID: ATU71146645[\/vc_column_text][\/vc_column_inner][vc_column_inner width=&#8220;1\/3&#8243;][\/vc_column_inner][\/vc_row_inner][\/vc_column][\/vc_row]\" \/>\n<meta property=\"og:url\" content=\"https:\/\/www.texible.com\/de\/impressum\/\" \/>\n<meta property=\"og:site_name\" content=\"TEXIBLE\" \/>\n<meta property=\"article:modified_time\" content=\"2022-07-29T07:32:36+00:00\" \/>\n<meta name=\"twitter:card\" content=\"summary_large_image\" \/>\n<meta name=\"twitter:label1\" content=\"Gesch\u00e4tzte Lesezeit\" \/>\n\t<meta name=\"twitter:data1\" content=\"1\u00a0Minute\" \/>\n<script type=\"application\/ld+json\" class=\"yoast-schema-graph\">{\"@context\":\"https:\/\/schema.org\",\"@graph\":[{\"@type\":\"WebPage\",\"@id\":\"https:\/\/www.texible.com\/de\/impressum\/\",\"url\":\"https:\/\/www.texible.com\/de\/impressum\/\",\"name\":\"Impressum - TEXIBLE\",\"isPartOf\":{\"@id\":\"https:\/\/www.texible.com\/#website\"},\"datePublished\":\"2022-05-10T09:21:12+00:00\",\"dateModified\":\"2022-07-29T07:32:36+00:00\",\"breadcrumb\":{\"@id\":\"https:\/\/www.texible.com\/de\/impressum\/#breadcrumb\"},\"inLanguage\":\"de\",\"potentialAction\":[{\"@type\":\"ReadAction\",\"target\":[\"https:\/\/www.texible.com\/de\/impressum\/\"]}]},{\"@type\":\"BreadcrumbList\",\"@id\":\"https:\/\/www.texible.com\/de\/impressum\/#breadcrumb\",\"itemListElement\":[{\"@type\":\"ListItem\",\"position\":1,\"name\":\"Home\",\"item\":\"https:\/\/www.texible.com\/de\/\"},{\"@type\":\"ListItem\",\"position\":2,\"name\":\"Impressum\"}]},{\"@type\":\"WebSite\",\"@id\":\"https:\/\/www.texible.com\/#website\",\"url\":\"https:\/\/www.texible.com\/\",\"name\":\"TEXIBLE\",\"description\":\"Realize your next innovation, using smart textiles\",\"publisher\":{\"@id\":\"https:\/\/www.texible.com\/#organization\"},\"potentialAction\":[{\"@type\":\"SearchAction\",\"target\":{\"@type\":\"EntryPoint\",\"urlTemplate\":\"https:\/\/www.texible.com\/?s={search_term_string}\"},\"query-input\":\"required name=search_term_string\"}],\"inLanguage\":\"de\"},{\"@type\":\"Organization\",\"@id\":\"https:\/\/www.texible.com\/#organization\",\"name\":\"TEXIBLE\",\"url\":\"https:\/\/www.texible.com\/\",\"logo\":{\"@type\":\"ImageObject\",\"inLanguage\":\"de\",\"@id\":\"https:\/\/www.texible.com\/#\/schema\/logo\/image\/\",\"url\":\"https:\/\/www.texible.com\/wp-content\/uploads\/2022\/06\/TEXIBLE-Brand1x.png\",\"contentUrl\":\"https:\/\/www.texible.com\/wp-content\/uploads\/2022\/06\/TEXIBLE-Brand1x.png\",\"width\":150,\"height\":20,\"caption\":\"TEXIBLE\"},\"image\":{\"@id\":\"https:\/\/www.texible.com\/#\/schema\/logo\/image\/\"}}]}<\/script>\n<!-- \/ Yoast SEO plugin. -->","yoast_head_json":{"title":"Impressum - TEXIBLE","robots":{"index":"index","follow":"follow","max-snippet":"max-snippet:-1","max-image-preview":"max-image-preview:large","max-video-preview":"max-video-preview:-1"},"canonical":"https:\/\/www.texible.com\/de\/impressum\/","og_locale":"de_DE","og_type":"article","og_title":"Impressum - TEXIBLE","og_description":"[vc_row full_width=&#8220;stretch_row&#8220; content_placement=&#8220;middle&#8220; el_class=&#8220;pagekey-light&#8220;][vc_column][vc_row_inner][vc_column_inner width=&#8220;11\/12&#8243;][vc_column_text css_animation=&#8220;fadeIn&#8220;] Texible [\/vc_column_text][vc_column_text css_animation=&#8220;fadeIn&#8220;] Impressum [\/vc_column_text][\/vc_column_inner][vc_column_inner el_class=&#8220;rwdhide&#8220; width=&#8220;1\/12&#8243;][\/vc_column_inner][\/vc_row_inner][\/vc_column][\/vc_row][vc_row el_class=&#8220;section_large padbottom&#8220;][vc_column][vc_row_inner content_placement=&#8220;middle&#8220;][vc_column_inner width=&#8220;2\/3&#8243;][vc_column_text css_animation=&#8220;fadeIn&#8220;]Texible Gmbh Widagasse 9 6850 Dornbirn Gesch\u00e4ftsf\u00fchrung: Thomas Fr\u00f6is &#x69;&#110;&#x66;&#111;&#64;&#x74;&#101;x&#x69;&#98;&#x6c;&#x65;&#46;&#x63;&#111;m Gesch\u00e4ftsfeld: Die Entwicklung, Produktion und der Handel von technischen und smarten Textilien und deren Accessoires. Firmenbuchnummer: 454058 h UID: ATU71146645[\/vc_column_text][\/vc_column_inner][vc_column_inner width=&#8220;1\/3&#8243;][\/vc_column_inner][\/vc_row_inner][\/vc_column][\/vc_row]","og_url":"https:\/\/www.texible.com\/de\/impressum\/","og_site_name":"TEXIBLE","article_modified_time":"2022-07-29T07:32:36+00:00","twitter_card":"summary_large_image","twitter_misc":{"Gesch\u00e4tzte Lesezeit":"1\u00a0Minute"},"schema":{"@context":"https:\/\/schema.org","@graph":[{"@type":"WebPage","@id":"https:\/\/www.texible.com\/de\/impressum\/","url":"https:\/\/www.texible.com\/de\/impressum\/","name":"Impressum - TEXIBLE","isPartOf":{"@id":"https:\/\/www.texible.com\/#website"},"datePublished":"2022-05-10T09:21:12+00:00","dateModified":"2022-07-29T07:32:36+00:00","breadcrumb":{"@id":"https:\/\/www.texible.com\/de\/impressum\/#breadcrumb"},"inLanguage":"de","potentialAction":[{"@type":"ReadAction","target":["https:\/\/www.texible.com\/de\/impressum\/"]}]},{"@type":"BreadcrumbList","@id":"https:\/\/www.texible.com\/de\/impressum\/#breadcrumb","itemListElement":[{"@type":"ListItem","position":1,"name":"Home","item":"https:\/\/www.texible.com\/de\/"},{"@type":"ListItem","position":2,"name":"Impressum"}]},{"@type":"WebSite","@id":"https:\/\/www.texible.com\/#website","url":"https:\/\/www.texible.com\/","name":"TEXIBLE","description":"Realize your next innovation, using smart textiles","publisher":{"@id":"https:\/\/www.texible.com\/#organization"},"potentialAction":[{"@type":"SearchAction","target":{"@type":"EntryPoint","urlTemplate":"https:\/\/www.texible.com\/?s={search_term_string}"},"query-input":"required name=search_term_string"}],"inLanguage":"de"},{"@type":"Organization","@id":"https:\/\/www.texible.com\/#organization","name":"TEXIBLE","url":"https:\/\/www.texible.com\/","logo":{"@type":"ImageObject","inLanguage":"de","@id":"https:\/\/www.texible.com\/#\/schema\/logo\/image\/","url":"https:\/\/www.texible.com\/wp-content\/uploads\/2022\/06\/TEXIBLE-Brand1x.png","contentUrl":"https:\/\/www.texible.com\/wp-content\/uploads\/2022\/06\/TEXIBLE-Brand1x.png","width":150,"height":20,"caption":"TEXIBLE"},"image":{"@id":"https:\/\/www.texible.com\/#\/schema\/logo\/image\/"}}]}},"_links":{"self":[{"href":"https:\/\/www.texible.com\/de\/wp-json\/wp\/v2\/pages\/809","targetHints":{"allow":["GET"]}}],"collection":[{"href":"https:\/\/www.texible.com\/de\/wp-json\/wp\/v2\/pages"}],"about":[{"href":"https:\/\/www.texible.com\/de\/wp-json\/wp\/v2\/types\/page"}],"author":[{"embeddable":true,"href":"https:\/\/www.texible.com\/de\/wp-json\/wp\/v2\/users\/2"}],"replies":[{"embeddable":true,"href":"https:\/\/www.texible.com\/de\/wp-json\/wp\/v2\/comments?post=809"}],"version-history":[{"count":7,"href":"https:\/\/www.texible.com\/de\/wp-json\/wp\/v2\/pages\/809\/revisions"}],"predecessor-version":[{"id":935,"href":"https:\/\/www.texible.com\/de\/wp-json\/wp\/v2\/pages\/809\/revisions\/935"}],"wp:attachment":[{"href":"https:\/\/www.texible.com\/de\/wp-json\/wp\/v2\/media?parent=809"}],"curies":[{"name":"wp","href":"https:\/\/api.w.org\/{rel}","templated":true}]}}