{"id":814,"date":"2022-05-03T17:46:30","date_gmt":"2022-05-03T15:46:30","guid":{"rendered":"https:\/\/www.texible.com\/ueber-uns\/"},"modified":"2022-12-23T12:45:28","modified_gmt":"2022-12-23T10:45:28","slug":"ueber-uns","status":"publish","type":"page","link":"https:\/\/www.texible.com\/de\/ueber-uns\/","title":{"rendered":"\u00dcber uns"},"content":{"rendered":"<p>[vc_row full_width=&#8220;stretch_row&#8220; content_placement=&#8220;middle&#8220; el_class=&#8220;pagekey-light&#8220;][vc_column][vc_row_inner][vc_column_inner width=&#8220;11\/12&#8243;][vc_column_text css_animation=&#8220;fadeIn&#8220;]<\/p>\n<h4>Entwickeln Sie Ihre n\u00e4chste Innovation mit Smart Textiles<\/h4>\n<p>[\/vc_column_text][vc_column_text css_animation=&#8220;fadeIn&#8220;]<\/p>\n<h1>Texible designt, entwickelt und produziert Smart Textiles L\u00f6sungen, die punktgenau den kundenspezifischen Anforderungen entsprechen.<\/h1>\n<p>[\/vc_column_text][\/vc_column_inner][vc_column_inner el_class=&#8220;rwdhide&#8220; width=&#8220;1\/12&#8243;][\/vc_column_inner][\/vc_row_inner][vc_row_inner][vc_column_inner width=&#8220;1\/2&#8243;][vc_column_text css_animation=&#8220;fadeIn&#8220;]Im Jahr 2016 als Start-up und Ausgr\u00fcndung der Universit\u00e4t Innsbruck gegr\u00fcndet, hat sich die Texible zu einem hochtechnologischen Unternehmen mit Expertise im Bereich Smart Textiles Engineering entwickelt. Heute designt, entwickelt und produziert Texible Smart Textiles L\u00f6sungen, die punktgenau den kundenspezifischen Anforderungen entsprechen. Geb\u00fcndeltes Fachwissen[\/vc_column_text][\/vc_column_inner][vc_column_inner width=&#8220;1\/2&#8243;][vc_column_text]Die zentrale Lage im Rheintal Vorarlbergs mit ihrer vielf\u00e4ltigen Industrielandschaft erm\u00f6glicht uns, in kurzen Distanzen die gesamte textile Wertsch\u00f6pfungskette abzubilden. Denn der Einsatz der richtigen Herstellungstechnologie stellt einen zentralen Erfolgsfaktor f\u00fcr Ihr Produkt dar.[\/vc_column_text][\/vc_column_inner][\/vc_row_inner][\/vc_column][\/vc_row][vc_row full_width=&#8220;stretch_row_content_no_spaces&#8220; content_placement=&#8220;middle&#8220; el_class=&#8220;imagefull&#8220;][vc_column][vc_single_image image=&#8220;815&#8243; img_size=&#8220;full&#8220; el_class=&#8220;imageFullwidth&#8220;][\/vc_column][\/vc_row][vc_row el_class=&#8220;section_large&#8220;][vc_column][vc_row_inner content_placement=&#8220;middle&#8220;][vc_column_inner width=&#8220;6\/12&#8243;][vc_column_text css_animation=&#8220;fadeIn&#8220;]<\/p>\n<h4>Unsere Vision<\/h4>\n<p>[\/vc_column_text][vc_column_text css_animation=&#8220;fadeIn&#8220;]<\/p>\n<h2>L\u00f6sungsans\u00e4tze komplett neu gedacht und mit Leidenschaft umgesetzt.<\/h2>\n<p>[\/vc_column_text][vc_column_text css_animation=&#8220;fadeIn&#8220;]Ganz nach Anforderung der individuellen Entwicklung stellen wir interdisziplin\u00e4re Projektteams zusammen und erm\u00f6glichen so Komplettl\u00f6sungen aus einer Hand. In der Umsetzung legen wir gro\u00dfen Wert auf Pr\u00e4zision und Diskretion. Wir nutzen innovativste Technologien und unser umfassendes Know-how, um perfekte Ergebnisse zu erm\u00f6glichen.[\/vc_column_text][vc_column_text css_animation=&#8220;fadeInUp&#8220;]<a href=\"https:\/\/www.texible.com\/de\/engineering\/\">Mehr erfahren<\/a>[\/vc_column_text][\/vc_column_inner][vc_column_inner width=&#8220;5\/12&#8243;][vc_empty_space height=&#8220;40&#8243; el_class=&#8220;rwdshow&#8220;][vc_single_image image=&#8220;1009&#8243; img_size=&#8220;full&#8220; css_animation=&#8220;fadeIn&#8220;][\/vc_column_inner][vc_column_inner el_class=&#8220;rwdhide&#8220; width=&#8220;1\/12&#8243;][\/vc_column_inner][\/vc_row_inner][\/vc_column][\/vc_row][vc_row el_class=&#8220;section_mid padbottom&#8220;][vc_column][vc_row_inner content_placement=&#8220;middle&#8220; el_class=&#8220;flexrev&#8220;][vc_column_inner el_class=&#8220;rwdhide&#8220; width=&#8220;1\/12&#8243;][\/vc_column_inner][vc_column_inner width=&#8220;5\/12&#8243;][vc_single_image image=&#8220;1010&#8243; img_size=&#8220;full&#8220; css_animation=&#8220;fadeIn&#8220;][\/vc_column_inner][vc_column_inner width=&#8220;6\/12&#8243;][vc_column_text css_animation=&#8220;fadeIn&#8220;]<\/p>\n<h4>Entwicklungsvorsprung, wisbi<\/h4>\n<p>[\/vc_column_text][vc_column_text css_animation=&#8220;fadeIn&#8220;]<\/p>\n<h2>Unsere Entwicklungen stehen f\u00fcr vielf\u00e4ltige Produkte, vor allem aber f\u00fcr unseren Drang, Innovationen zu schaffen und auf den Markt zu bringen<\/h2>\n<p>[\/vc_column_text][vc_column_text css_animation=&#8220;fadeIn&#8220;]Neugierde, Experimentierfreude und der Mut, Neues auszuprobieren, zeichnen die Texible vom Zeitpunkt ihrer Gr\u00fcndung an aus. Wir wollen uns nicht entscheiden, f\u00fcr welchen Anwendungsbereich Smart Textiles am besten nutzbar sind, und das ist auch gut so \u2013 denn es sind so viele![\/vc_column_text][vc_column_text css_animation=&#8220;fadeInUp&#8220;]<a href=\"https:\/\/www.texible.com\/projects\/\">Unsere Projekte<\/a>[\/vc_column_text][vc_empty_space height=&#8220;40&#8243; el_class=&#8220;rwdshow&#8220;][\/vc_column_inner][\/vc_row_inner][\/vc_column][\/vc_row][vc_row full_width=&#8220;stretch_row&#8220; el_class=&#8220;ctabottom&#8220;][vc_column][vc_row_inner equal_height=&#8220;yes&#8220; content_placement=&#8220;middle&#8220;][vc_column_inner width=&#8220;7\/12&#8243;][vc_column_text css_animation=&#8220;fadeIn&#8220; el_class=&#8220;title&#8220;]Haben wir Sie neugierig gemacht?[\/vc_column_text][vc_column_text css_animation=&#8220;fadeIn&#8220;]Sie suchen nach einer neuen L\u00f6sung f\u00fcr ein bestehendes Produkt oder arbeiten an einer innovativen Idee? Hier sind sie richtig! Jetzt Smart Textiles Expertise anheuern![\/vc_column_text][vc_btn title=&#8220;Kontaktieren Sie uns!&#8220; style=&#8220;flat&#8220; shape=&#8220;square&#8220; color=&#8220;white&#8220; css_animation=&#8220;fadeInUp&#8220; link=&#8220;url:https%3A%2F%2Fwww.texible.com%2Fde%2Fkontakt%2F|&#8220;][\/vc_column_inner][vc_column_inner el_class=&#8220;right&#8220; width=&#8220;5\/12&#8243;][\/vc_column_inner][\/vc_row_inner][vc_separator color=&#8220;white&#8220; css=&#8220;.vc_custom_1651676816861{margin-top: 60px !important;}&#8220;][\/vc_column][\/vc_row]<\/p>\n","protected":false},"excerpt":{"rendered":"<p>[vc_row full_width=&#8220;stretch_row&#8220; content_placement=&#8220;middle&#8220; el_class=&#8220;pagekey-light&#8220;][vc_column][vc_row_inner][vc_column_inner width=&#8220;11\/12&#8243;][vc_column_text css_animation=&#8220;fadeIn&#8220;] Entwickeln Sie Ihre n\u00e4chste Innovation mit Smart Textiles [\/vc_column_text][vc_column_text css_animation=&#8220;fadeIn&#8220;] Texible designt, entwickelt und produziert Smart Textiles L\u00f6sungen, die punktgenau den kundenspezifischen Anforderungen entsprechen. [\/vc_column_text][\/vc_column_inner][vc_column_inner el_class=&#8220;rwdhide&#8220; width=&#8220;1\/12&#8243;][\/vc_column_inner][\/vc_row_inner][vc_row_inner][vc_column_inner width=&#8220;1\/2&#8243;][vc_column_text css_animation=&#8220;fadeIn&#8220;]Im Jahr 2016 als Start-up und Ausgr\u00fcndung der Universit\u00e4t Innsbruck gegr\u00fcndet, hat sich die Texible zu einem hochtechnologischen Unternehmen mit Expertise [&hellip;]<\/p>\n","protected":false},"author":2,"featured_media":0,"parent":0,"menu_order":6,"comment_status":"closed","ping_status":"closed","template":"","meta":{"footnotes":""},"class_list":["post-814","page","type-page","status-publish","hentry"],"yoast_head":"<!-- This site is optimized with the Yoast SEO plugin v20.0 - https:\/\/yoast.com\/wordpress\/plugins\/seo\/ -->\n<title>\u00dcber uns - TEXIBLE<\/title>\n<meta name=\"description\" content=\"L\u00f6sungen komplett neu gedacht und mit Leidenschaft umgesetzt. Entdecke mehr \u00fcber unser Vorarlberger Unternehmen!\" \/>\n<meta name=\"robots\" content=\"index, follow, max-snippet:-1, max-image-preview:large, max-video-preview:-1\" \/>\n<link rel=\"canonical\" href=\"https:\/\/www.texible.com\/about-us\/\" \/>\n<meta property=\"og:locale\" content=\"de_DE\" \/>\n<meta property=\"og:type\" content=\"article\" \/>\n<meta property=\"og:title\" content=\"\u00dcber uns - TEXIBLE\" \/>\n<meta property=\"og:description\" content=\"L\u00f6sungen komplett neu gedacht und mit Leidenschaft umgesetzt. Entdecke mehr \u00fcber unser Vorarlberger Unternehmen!\" \/>\n<meta property=\"og:url\" content=\"https:\/\/www.texible.com\/about-us\/\" \/>\n<meta property=\"og:site_name\" content=\"TEXIBLE\" \/>\n<meta property=\"article:modified_time\" content=\"2022-12-23T10:45:28+00:00\" \/>\n<meta name=\"twitter:card\" content=\"summary_large_image\" \/>\n<meta name=\"twitter:label1\" content=\"Gesch\u00e4tzte Lesezeit\" \/>\n\t<meta name=\"twitter:data1\" content=\"2\u00a0Minuten\" \/>\n<script type=\"application\/ld+json\" class=\"yoast-schema-graph\">{\"@context\":\"https:\/\/schema.org\",\"@graph\":[{\"@type\":\"WebPage\",\"@id\":\"https:\/\/www.texible.com\/about-us\/\",\"url\":\"https:\/\/www.texible.com\/about-us\/\",\"name\":\"\u00dcber uns - TEXIBLE\",\"isPartOf\":{\"@id\":\"https:\/\/www.texible.com\/#website\"},\"datePublished\":\"2022-05-03T15:46:30+00:00\",\"dateModified\":\"2022-12-23T10:45:28+00:00\",\"description\":\"L\u00f6sungen komplett neu gedacht und mit Leidenschaft umgesetzt. Entdecke mehr \u00fcber unser Vorarlberger Unternehmen!\",\"breadcrumb\":{\"@id\":\"https:\/\/www.texible.com\/about-us\/#breadcrumb\"},\"inLanguage\":\"de\",\"potentialAction\":[{\"@type\":\"ReadAction\",\"target\":[\"https:\/\/www.texible.com\/about-us\/\"]}]},{\"@type\":\"BreadcrumbList\",\"@id\":\"https:\/\/www.texible.com\/about-us\/#breadcrumb\",\"itemListElement\":[{\"@type\":\"ListItem\",\"position\":1,\"name\":\"Home\",\"item\":\"https:\/\/www.texible.com\/de\/\"},{\"@type\":\"ListItem\",\"position\":2,\"name\":\"\u00dcber uns\"}]},{\"@type\":\"WebSite\",\"@id\":\"https:\/\/www.texible.com\/#website\",\"url\":\"https:\/\/www.texible.com\/\",\"name\":\"TEXIBLE\",\"description\":\"Realize your next innovation, using smart textiles\",\"publisher\":{\"@id\":\"https:\/\/www.texible.com\/#organization\"},\"potentialAction\":[{\"@type\":\"SearchAction\",\"target\":{\"@type\":\"EntryPoint\",\"urlTemplate\":\"https:\/\/www.texible.com\/?s={search_term_string}\"},\"query-input\":\"required name=search_term_string\"}],\"inLanguage\":\"de\"},{\"@type\":\"Organization\",\"@id\":\"https:\/\/www.texible.com\/#organization\",\"name\":\"TEXIBLE\",\"url\":\"https:\/\/www.texible.com\/\",\"logo\":{\"@type\":\"ImageObject\",\"inLanguage\":\"de\",\"@id\":\"https:\/\/www.texible.com\/#\/schema\/logo\/image\/\",\"url\":\"https:\/\/www.texible.com\/wp-content\/uploads\/2022\/06\/TEXIBLE-Brand1x.png\",\"contentUrl\":\"https:\/\/www.texible.com\/wp-content\/uploads\/2022\/06\/TEXIBLE-Brand1x.png\",\"width\":150,\"height\":20,\"caption\":\"TEXIBLE\"},\"image\":{\"@id\":\"https:\/\/www.texible.com\/#\/schema\/logo\/image\/\"}}]}<\/script>\n<!-- \/ Yoast SEO plugin. -->","yoast_head_json":{"title":"\u00dcber uns - TEXIBLE","description":"L\u00f6sungen komplett neu gedacht und mit Leidenschaft umgesetzt. Entdecke mehr \u00fcber unser Vorarlberger Unternehmen!","robots":{"index":"index","follow":"follow","max-snippet":"max-snippet:-1","max-image-preview":"max-image-preview:large","max-video-preview":"max-video-preview:-1"},"canonical":"https:\/\/www.texible.com\/about-us\/","og_locale":"de_DE","og_type":"article","og_title":"\u00dcber uns - TEXIBLE","og_description":"L\u00f6sungen komplett neu gedacht und mit Leidenschaft umgesetzt. Entdecke mehr \u00fcber unser Vorarlberger Unternehmen!","og_url":"https:\/\/www.texible.com\/about-us\/","og_site_name":"TEXIBLE","article_modified_time":"2022-12-23T10:45:28+00:00","twitter_card":"summary_large_image","twitter_misc":{"Gesch\u00e4tzte Lesezeit":"2\u00a0Minuten"},"schema":{"@context":"https:\/\/schema.org","@graph":[{"@type":"WebPage","@id":"https:\/\/www.texible.com\/about-us\/","url":"https:\/\/www.texible.com\/about-us\/","name":"\u00dcber uns - TEXIBLE","isPartOf":{"@id":"https:\/\/www.texible.com\/#website"},"datePublished":"2022-05-03T15:46:30+00:00","dateModified":"2022-12-23T10:45:28+00:00","description":"L\u00f6sungen komplett neu gedacht und mit Leidenschaft umgesetzt. Entdecke mehr \u00fcber unser Vorarlberger Unternehmen!","breadcrumb":{"@id":"https:\/\/www.texible.com\/about-us\/#breadcrumb"},"inLanguage":"de","potentialAction":[{"@type":"ReadAction","target":["https:\/\/www.texible.com\/about-us\/"]}]},{"@type":"BreadcrumbList","@id":"https:\/\/www.texible.com\/about-us\/#breadcrumb","itemListElement":[{"@type":"ListItem","position":1,"name":"Home","item":"https:\/\/www.texible.com\/de\/"},{"@type":"ListItem","position":2,"name":"\u00dcber uns"}]},{"@type":"WebSite","@id":"https:\/\/www.texible.com\/#website","url":"https:\/\/www.texible.com\/","name":"TEXIBLE","description":"Realize your next innovation, using smart textiles","publisher":{"@id":"https:\/\/www.texible.com\/#organization"},"potentialAction":[{"@type":"SearchAction","target":{"@type":"EntryPoint","urlTemplate":"https:\/\/www.texible.com\/?s={search_term_string}"},"query-input":"required name=search_term_string"}],"inLanguage":"de"},{"@type":"Organization","@id":"https:\/\/www.texible.com\/#organization","name":"TEXIBLE","url":"https:\/\/www.texible.com\/","logo":{"@type":"ImageObject","inLanguage":"de","@id":"https:\/\/www.texible.com\/#\/schema\/logo\/image\/","url":"https:\/\/www.texible.com\/wp-content\/uploads\/2022\/06\/TEXIBLE-Brand1x.png","contentUrl":"https:\/\/www.texible.com\/wp-content\/uploads\/2022\/06\/TEXIBLE-Brand1x.png","width":150,"height":20,"caption":"TEXIBLE"},"image":{"@id":"https:\/\/www.texible.com\/#\/schema\/logo\/image\/"}}]}},"_links":{"self":[{"href":"https:\/\/www.texible.com\/de\/wp-json\/wp\/v2\/pages\/814","targetHints":{"allow":["GET"]}}],"collection":[{"href":"https:\/\/www.texible.com\/de\/wp-json\/wp\/v2\/pages"}],"about":[{"href":"https:\/\/www.texible.com\/de\/wp-json\/wp\/v2\/types\/page"}],"author":[{"embeddable":true,"href":"https:\/\/www.texible.com\/de\/wp-json\/wp\/v2\/users\/2"}],"replies":[{"embeddable":true,"href":"https:\/\/www.texible.com\/de\/wp-json\/wp\/v2\/comments?post=814"}],"version-history":[{"count":15,"href":"https:\/\/www.texible.com\/de\/wp-json\/wp\/v2\/pages\/814\/revisions"}],"predecessor-version":[{"id":1206,"href":"https:\/\/www.texible.com\/de\/wp-json\/wp\/v2\/pages\/814\/revisions\/1206"}],"wp:attachment":[{"href":"https:\/\/www.texible.com\/de\/wp-json\/wp\/v2\/media?parent=814"}],"curies":[{"name":"wp","href":"https:\/\/api.w.org\/{rel}","templated":true}]}}