{"id":818,"date":"2022-05-04T15:27:36","date_gmt":"2022-05-04T13:27:36","guid":{"rendered":"https:\/\/www.texible.com\/wissenschaftliche-partnerschaften\/"},"modified":"2022-12-22T22:53:15","modified_gmt":"2022-12-22T20:53:15","slug":"wissenschaftliche-partnerschaften","status":"publish","type":"page","link":"https:\/\/www.texible.com\/de\/wissenschaftliche-partnerschaften\/","title":{"rendered":"Wissenschaftliche Partnerschaften"},"content":{"rendered":"<p>[vc_row full_width=&#8220;stretch_row&#8220; content_placement=&#8220;middle&#8220; el_class=&#8220;pagekey-light&#8220;][vc_column][vc_row_inner][vc_column_inner width=&#8220;11\/12&#8243;][vc_column_text css_animation=&#8220;fadeIn&#8220;]<\/p>\n<h4>Wissenschaftliche Partnerschaften<\/h4>\n<p>[\/vc_column_text][vc_column_text css_animation=&#8220;fadeIn&#8220;]<\/p>\n<h1>Forschen, testen, verbessern. Wir legen gro\u00dfen Wert auf eine enge Zusammenarbeit mit wissenschaftlichen Partnerinstituten.<\/h1>\n<p>[\/vc_column_text][vc_column_text css_animation=&#8220;fadeIn&#8220; el_class=&#8220;padright&#8220;]Als Innovationstreiber ben\u00f6tigen wir die enge Zusammenarbeit mit ForschungspartnerInnen, um unsere Produktl\u00f6sungen faktenbasiert und experimentell erprobt weiterzuentwickeln. Eines unserer obersten Ziele ist es, gemeinsam mit unseren KundInnen L\u00f6sungen zu entwickeln, die in der praktischen Anwendung einwandfrei funktionieren und den Anforderungen unserer KundInnen entsprechen.[\/vc_column_text][\/vc_column_inner][vc_column_inner el_class=&#8220;rwdhide&#8220; width=&#8220;1\/12&#8243;][\/vc_column_inner][\/vc_row_inner][\/vc_column][\/vc_row][vc_row full_width=&#8220;stretch_row_content_no_spaces&#8220; content_placement=&#8220;middle&#8220; el_class=&#8220;imagefull&#8220;][vc_column][vc_single_image image=&#8220;1007&#8243; img_size=&#8220;full&#8220; el_class=&#8220;imageFullwidth&#8220;][\/vc_column][\/vc_row][vc_row full_width=&#8220;stretch_row&#8220; el_class=&#8220;section_large padbottom&#8220;][vc_column][vc_row_inner gap=&#8220;30&#8243;][vc_column_inner width=&#8220;1\/2&#8243;][vc_single_image image=&#8220;1158&#8243; img_size=&#8220;full&#8220; css_animation=&#8220;fadeIn&#8220; css=&#8220;.vc_custom_1655196849031{margin-bottom: 40px !important;}&#8220;][vc_column_text css_animation=&#8220;fadeIn&#8220; el_class=&#8220;padright&#8220;]<\/p>\n<h4>FH Ober\u00f6sterreich Campus Hagenberg<\/h4>\n<p>[\/vc_column_text][vc_column_text css_animation=&#8220;fadeIn&#8220;]<\/p>\n<h2>Embedded Systems Lab<\/h2>\n<p>[\/vc_column_text][vc_column_text css_animation=&#8220;fadeIn&#8220; el_class=&#8220;padright&#8220;]Seit dem Jahr 2005 verf\u00fcgt der Studiengang \u201eEmbedded Systems Design\u201c \u00fcber eine eigene Forschungsabteilung: das Embedded Systems Lab. Gegr\u00fcndet unter der Leitung von FH-Prof Dr. Josef Langer werden hier Forschungs- und Studienprojekte gemeinsam mit den Studierenden durchgef\u00fchrt.<\/p>\n<p>Dabei gibt es zwei verschiedene Sparten:<\/p>\n<p>1) Forschung &amp; Entwicklung im Zukunftsfeld der digitalen Smart Systems. Die Schwerpunkte liegen dabei auf der Entwicklung intelligenter Hardware-Software-Systeme im Bereich Internet of Things (IoT), Cyber-physischen Anwendungen und Wearable Computing.<\/p>\n<p>2) Anwendungsbezogene Grundlagenforschung im Bereich der Electronic Design Automation und der Digitalen Signalverarbeitung. Der Bereich erstreckt sich von Simulationswerkzeugen f\u00fcr nanoelektronische Schaltungen im THz-Bereich, optimierten Modulationsformen f\u00fcr die Digitale \u00dcbertragung bis zu Algorithmen der Signalverarbeitung.[\/vc_column_text][\/vc_column_inner][vc_column_inner width=&#8220;1\/2&#8243;][vc_single_image image=&#8220;1157&#8243; img_size=&#8220;full&#8220; css_animation=&#8220;fadeIn&#8220; css=&#8220;.vc_custom_1655196855255{margin-bottom: 40px !important;}&#8220;][vc_column_text css_animation=&#8220;fadeIn&#8220;]<\/p>\n<h4>Universit\u00e4t Innsbruck<\/h4>\n<p>[\/vc_column_text][vc_column_text css_animation=&#8220;fadeIn&#8220;]<\/p>\n<h2>Forschungsinstitut f\u00fcr Textilchemie und Textilphysik<\/h2>\n<p>[\/vc_column_text][vc_column_text css_animation=&#8220;fadeIn&#8220; el_class=&#8220;padright&#8220;]Die Universit\u00e4t Innsbruck und das Textile Competence Center Vorarlberg begleiten uns seit der Gr\u00fcndung als verl\u00e4ssliche Forschungspartner. Gemeinsam konnten schon mehrere innovative F&amp;E Projekte umgesetzt werden.<br \/>\nDas Forschungsinstitut f\u00fcr Textilchemie und Textilphysik und das Textile Competence Center Vorarlberg verf\u00fcgt \u00fcber langj\u00e4hrige Forschungserfahrungen im Bereich Textilchemie, Textilveredelung, textile Materialien und Werkstoffe, Textilpr\u00fcfung und Materialwissenschaften von Cellulosefasern und Synthesefasern.[\/vc_column_text][\/vc_column_inner][\/vc_row_inner][\/vc_column][\/vc_row][vc_row full_width=&#8220;stretch_row&#8220; el_class=&#8220;ctabottom&#8220;][vc_column][vc_row_inner equal_height=&#8220;yes&#8220; content_placement=&#8220;middle&#8220;][vc_column_inner width=&#8220;7\/12&#8243;][vc_column_text css_animation=&#8220;fadeIn&#8220; el_class=&#8220;title&#8220;]Haben wir Sie neugierig gemacht?[\/vc_column_text][vc_column_text css_animation=&#8220;fadeIn&#8220;]Sie suchen nach einer innovativen L\u00f6sung f\u00fcr ein bestehendes Produkt oder arbeiten an einer neuen Produktidee? Hier sind Sie richtig! Jetzt Smart Textiles Expertise anheuern![\/vc_column_text][vc_btn title=&#8220;Kontaktieren Sie uns!&#8220; style=&#8220;flat&#8220; shape=&#8220;square&#8220; color=&#8220;white&#8220; css_animation=&#8220;fadeInUp&#8220; link=&#8220;url:https%3A%2F%2Fwww.texible.com%2Fcontact%2F|&#8220;][\/vc_column_inner][vc_column_inner el_class=&#8220;right&#8220; width=&#8220;5\/12&#8243;][\/vc_column_inner][\/vc_row_inner][vc_separator color=&#8220;white&#8220; css=&#8220;.vc_custom_1651676816861{margin-top: 60px !important;}&#8220;][\/vc_column][\/vc_row]<\/p>\n","protected":false},"excerpt":{"rendered":"<p>[vc_row full_width=&#8220;stretch_row&#8220; content_placement=&#8220;middle&#8220; el_class=&#8220;pagekey-light&#8220;][vc_column][vc_row_inner][vc_column_inner width=&#8220;11\/12&#8243;][vc_column_text css_animation=&#8220;fadeIn&#8220;] Wissenschaftliche Partnerschaften [\/vc_column_text][vc_column_text css_animation=&#8220;fadeIn&#8220;] Forschen, testen, verbessern. Wir legen gro\u00dfen Wert auf eine enge Zusammenarbeit mit wissenschaftlichen Partnerinstituten. [\/vc_column_text][vc_column_text css_animation=&#8220;fadeIn&#8220; el_class=&#8220;padright&#8220;]Als Innovationstreiber ben\u00f6tigen wir die enge Zusammenarbeit mit ForschungspartnerInnen, um unsere Produktl\u00f6sungen faktenbasiert und experimentell erprobt weiterzuentwickeln. Eines unserer obersten Ziele ist es, gemeinsam mit unseren KundInnen L\u00f6sungen zu [&hellip;]<\/p>\n","protected":false},"author":2,"featured_media":0,"parent":0,"menu_order":6,"comment_status":"closed","ping_status":"closed","template":"","meta":{"footnotes":""},"class_list":["post-818","page","type-page","status-publish","hentry"],"yoast_head":"<!-- This site is optimized with the Yoast SEO plugin v20.0 - https:\/\/yoast.com\/wordpress\/plugins\/seo\/ -->\n<title>Wissenschaftliche Partnerschaften - TEXIBLE<\/title>\n<meta name=\"description\" content=\"Forschen, Testen und Verbessern: Enge Kooperationen mit Forschungspartnern und -einrichtungen sind f\u00fcr uns unerl\u00e4sslich.\" \/>\n<meta name=\"robots\" content=\"index, follow, max-snippet:-1, max-image-preview:large, max-video-preview:-1\" \/>\n<link rel=\"canonical\" href=\"https:\/\/www.texible.com\/de\/wissenschaftliche-partnerschaften\/\" \/>\n<meta property=\"og:locale\" content=\"de_DE\" \/>\n<meta property=\"og:type\" content=\"article\" \/>\n<meta property=\"og:title\" content=\"Wissenschaftliche Partnerschaften - TEXIBLE\" \/>\n<meta property=\"og:description\" content=\"Forschen, Testen und Verbessern: Enge Kooperationen mit Forschungspartnern und -einrichtungen sind f\u00fcr uns unerl\u00e4sslich.\" \/>\n<meta property=\"og:url\" content=\"https:\/\/www.texible.com\/de\/wissenschaftliche-partnerschaften\/\" \/>\n<meta property=\"og:site_name\" content=\"TEXIBLE\" \/>\n<meta property=\"article:modified_time\" content=\"2022-12-22T20:53:15+00:00\" \/>\n<meta name=\"twitter:card\" content=\"summary_large_image\" \/>\n<meta name=\"twitter:label1\" content=\"Gesch\u00e4tzte Lesezeit\" \/>\n\t<meta name=\"twitter:data1\" content=\"2\u00a0Minuten\" \/>\n<script type=\"application\/ld+json\" class=\"yoast-schema-graph\">{\"@context\":\"https:\/\/schema.org\",\"@graph\":[{\"@type\":\"WebPage\",\"@id\":\"https:\/\/www.texible.com\/de\/wissenschaftliche-partnerschaften\/\",\"url\":\"https:\/\/www.texible.com\/de\/wissenschaftliche-partnerschaften\/\",\"name\":\"Wissenschaftliche Partnerschaften - TEXIBLE\",\"isPartOf\":{\"@id\":\"https:\/\/www.texible.com\/#website\"},\"datePublished\":\"2022-05-04T13:27:36+00:00\",\"dateModified\":\"2022-12-22T20:53:15+00:00\",\"description\":\"Forschen, Testen und Verbessern: Enge Kooperationen mit Forschungspartnern und -einrichtungen sind f\u00fcr uns unerl\u00e4sslich.\",\"breadcrumb\":{\"@id\":\"https:\/\/www.texible.com\/de\/wissenschaftliche-partnerschaften\/#breadcrumb\"},\"inLanguage\":\"de\",\"potentialAction\":[{\"@type\":\"ReadAction\",\"target\":[\"https:\/\/www.texible.com\/de\/wissenschaftliche-partnerschaften\/\"]}]},{\"@type\":\"BreadcrumbList\",\"@id\":\"https:\/\/www.texible.com\/de\/wissenschaftliche-partnerschaften\/#breadcrumb\",\"itemListElement\":[{\"@type\":\"ListItem\",\"position\":1,\"name\":\"Home\",\"item\":\"https:\/\/www.texible.com\/de\/\"},{\"@type\":\"ListItem\",\"position\":2,\"name\":\"Wissenschaftliche Partnerschaften\"}]},{\"@type\":\"WebSite\",\"@id\":\"https:\/\/www.texible.com\/#website\",\"url\":\"https:\/\/www.texible.com\/\",\"name\":\"TEXIBLE\",\"description\":\"Realize your next innovation, using smart textiles\",\"publisher\":{\"@id\":\"https:\/\/www.texible.com\/#organization\"},\"potentialAction\":[{\"@type\":\"SearchAction\",\"target\":{\"@type\":\"EntryPoint\",\"urlTemplate\":\"https:\/\/www.texible.com\/?s={search_term_string}\"},\"query-input\":\"required name=search_term_string\"}],\"inLanguage\":\"de\"},{\"@type\":\"Organization\",\"@id\":\"https:\/\/www.texible.com\/#organization\",\"name\":\"TEXIBLE\",\"url\":\"https:\/\/www.texible.com\/\",\"logo\":{\"@type\":\"ImageObject\",\"inLanguage\":\"de\",\"@id\":\"https:\/\/www.texible.com\/#\/schema\/logo\/image\/\",\"url\":\"https:\/\/www.texible.com\/wp-content\/uploads\/2022\/06\/TEXIBLE-Brand1x.png\",\"contentUrl\":\"https:\/\/www.texible.com\/wp-content\/uploads\/2022\/06\/TEXIBLE-Brand1x.png\",\"width\":150,\"height\":20,\"caption\":\"TEXIBLE\"},\"image\":{\"@id\":\"https:\/\/www.texible.com\/#\/schema\/logo\/image\/\"}}]}<\/script>\n<!-- \/ Yoast SEO plugin. -->","yoast_head_json":{"title":"Wissenschaftliche Partnerschaften - TEXIBLE","description":"Forschen, Testen und Verbessern: Enge Kooperationen mit Forschungspartnern und -einrichtungen sind f\u00fcr uns unerl\u00e4sslich.","robots":{"index":"index","follow":"follow","max-snippet":"max-snippet:-1","max-image-preview":"max-image-preview:large","max-video-preview":"max-video-preview:-1"},"canonical":"https:\/\/www.texible.com\/de\/wissenschaftliche-partnerschaften\/","og_locale":"de_DE","og_type":"article","og_title":"Wissenschaftliche Partnerschaften - TEXIBLE","og_description":"Forschen, Testen und Verbessern: Enge Kooperationen mit Forschungspartnern und -einrichtungen sind f\u00fcr uns unerl\u00e4sslich.","og_url":"https:\/\/www.texible.com\/de\/wissenschaftliche-partnerschaften\/","og_site_name":"TEXIBLE","article_modified_time":"2022-12-22T20:53:15+00:00","twitter_card":"summary_large_image","twitter_misc":{"Gesch\u00e4tzte Lesezeit":"2\u00a0Minuten"},"schema":{"@context":"https:\/\/schema.org","@graph":[{"@type":"WebPage","@id":"https:\/\/www.texible.com\/de\/wissenschaftliche-partnerschaften\/","url":"https:\/\/www.texible.com\/de\/wissenschaftliche-partnerschaften\/","name":"Wissenschaftliche Partnerschaften - TEXIBLE","isPartOf":{"@id":"https:\/\/www.texible.com\/#website"},"datePublished":"2022-05-04T13:27:36+00:00","dateModified":"2022-12-22T20:53:15+00:00","description":"Forschen, Testen und Verbessern: Enge Kooperationen mit Forschungspartnern und -einrichtungen sind f\u00fcr uns unerl\u00e4sslich.","breadcrumb":{"@id":"https:\/\/www.texible.com\/de\/wissenschaftliche-partnerschaften\/#breadcrumb"},"inLanguage":"de","potentialAction":[{"@type":"ReadAction","target":["https:\/\/www.texible.com\/de\/wissenschaftliche-partnerschaften\/"]}]},{"@type":"BreadcrumbList","@id":"https:\/\/www.texible.com\/de\/wissenschaftliche-partnerschaften\/#breadcrumb","itemListElement":[{"@type":"ListItem","position":1,"name":"Home","item":"https:\/\/www.texible.com\/de\/"},{"@type":"ListItem","position":2,"name":"Wissenschaftliche Partnerschaften"}]},{"@type":"WebSite","@id":"https:\/\/www.texible.com\/#website","url":"https:\/\/www.texible.com\/","name":"TEXIBLE","description":"Realize your next innovation, using smart textiles","publisher":{"@id":"https:\/\/www.texible.com\/#organization"},"potentialAction":[{"@type":"SearchAction","target":{"@type":"EntryPoint","urlTemplate":"https:\/\/www.texible.com\/?s={search_term_string}"},"query-input":"required name=search_term_string"}],"inLanguage":"de"},{"@type":"Organization","@id":"https:\/\/www.texible.com\/#organization","name":"TEXIBLE","url":"https:\/\/www.texible.com\/","logo":{"@type":"ImageObject","inLanguage":"de","@id":"https:\/\/www.texible.com\/#\/schema\/logo\/image\/","url":"https:\/\/www.texible.com\/wp-content\/uploads\/2022\/06\/TEXIBLE-Brand1x.png","contentUrl":"https:\/\/www.texible.com\/wp-content\/uploads\/2022\/06\/TEXIBLE-Brand1x.png","width":150,"height":20,"caption":"TEXIBLE"},"image":{"@id":"https:\/\/www.texible.com\/#\/schema\/logo\/image\/"}}]}},"_links":{"self":[{"href":"https:\/\/www.texible.com\/de\/wp-json\/wp\/v2\/pages\/818","targetHints":{"allow":["GET"]}}],"collection":[{"href":"https:\/\/www.texible.com\/de\/wp-json\/wp\/v2\/pages"}],"about":[{"href":"https:\/\/www.texible.com\/de\/wp-json\/wp\/v2\/types\/page"}],"author":[{"embeddable":true,"href":"https:\/\/www.texible.com\/de\/wp-json\/wp\/v2\/users\/2"}],"replies":[{"embeddable":true,"href":"https:\/\/www.texible.com\/de\/wp-json\/wp\/v2\/comments?post=818"}],"version-history":[{"count":8,"href":"https:\/\/www.texible.com\/de\/wp-json\/wp\/v2\/pages\/818\/revisions"}],"predecessor-version":[{"id":1193,"href":"https:\/\/www.texible.com\/de\/wp-json\/wp\/v2\/pages\/818\/revisions\/1193"}],"wp:attachment":[{"href":"https:\/\/www.texible.com\/de\/wp-json\/wp\/v2\/media?parent=818"}],"curies":[{"name":"wp","href":"https:\/\/api.w.org\/{rel}","templated":true}]}}