{"id":820,"date":"2022-05-03T17:39:03","date_gmt":"2022-05-03T15:39:03","guid":{"rendered":"https:\/\/www.texible.com\/smart-textiles\/"},"modified":"2022-12-23T11:35:40","modified_gmt":"2022-12-23T09:35:40","slug":"smart-textiles","status":"publish","type":"page","link":"https:\/\/www.texible.com\/de\/smart-textiles\/","title":{"rendered":"Smart Textiles"},"content":{"rendered":"<p>[vc_row full_width=&#8220;stretch_row&#8220; content_placement=&#8220;middle&#8220; el_class=&#8220;pagekey-dark&#8220;][vc_column][vc_row_inner][vc_column_inner width=&#8220;10\/12&#8243;][vc_column_text css_animation=&#8220;fadeIn&#8220;]<\/p>\n<h4>Smart Textiles<\/h4>\n<p>[\/vc_column_text][vc_column_text css_animation=&#8220;fadeIn&#8220;]<\/p>\n<h1>Intelligente Textilien, sowie High Performance Textilien gelten als die Schl\u00fcsseltechnologien der Zukunft.<\/h1>\n<p>[\/vc_column_text][vc_column_text css_animation=&#8220;fadeIn&#8220; css=&#8220;.vc_custom_1668460261825{padding-right: 10% !important;}&#8220;]Smart Textiles haben viele Vorteile gegen\u00fcber konventionellen Wearables. Sie kombinieren textile und elektronische Eigenschaften in einer einzigartigen Art und Weise.<\/p>\n<p>Smart Textiles k\u00f6nnen gleichzeitig Feuchtigkeit gut aufnehmen und trotzdem wasserabweisend sein. Sie k\u00f6nnen statischen und dynamischen Belastungen standhalten und je nach Anforderung atmungsaktiv, robust oder dehnbar sein. Gleichzeitig messen sie spezifische Werte, wie z. B. Druck. Smart Textiles analysieren und \u00fcbertragen Daten und geben mittels Aktoren direktes Feedback.<\/p>\n<p>Profitieren Sie von unserer Smart Textiles Expertise![\/vc_column_text][\/vc_column_inner][vc_column_inner el_class=&#8220;rwdhide&#8220; width=&#8220;2\/12&#8243;][\/vc_column_inner][\/vc_row_inner][\/vc_column][\/vc_row][vc_row full_width=&#8220;stretch_row_content&#8220; full_height=&#8220;yes&#8220; equal_height=&#8220;yes&#8220; content_placement=&#8220;middle&#8220; el_class=&#8220;imagebg&#8220;][vc_column width=&#8220;1\/2&#8243;][vc_row_inner equal_height=&#8220;yes&#8220; content_placement=&#8220;middle&#8220; el_class=&#8220;imagebg&#8220;][vc_column_inner el_class=&#8220;text&#8220;][vc_single_image image=&#8220;1014&#8243; img_size=&#8220;full&#8220; el_class=&#8220;rwdshow&#8220; css=&#8220;.vc_custom_1655196348060{margin-top: 100px !important;margin-bottom: 40px !important;}&#8220;][vc_column_text css_animation=&#8220;fadeIn&#8220;]<\/p>\n<h4>Sensoren<\/h4>\n<p>[\/vc_column_text][vc_column_text css_animation=&#8220;fadeIn&#8220;]<\/p>\n<h2>Technische Sinnesorgane<\/h2>\n<p>[\/vc_column_text][vc_column_text css_animation=&#8220;fadeIn&#8220;]Schl\u00fcsselkomponenten von intelligenten Textilien.<\/p>\n<p>Feuchtigkeit, Herzfrequenz, Temperatur, Schwei\u00df, Druck und Zug &#8211; textile Sensoren erm\u00f6glichen komplett neue Dimensionen im Bereich der Messung und Erfassung von Daten.[\/vc_column_text][vc_column_text css_animation=&#8220;fadeIn&#8220; el_class=&#8220;link&#8220;]<a href=\"https:\/\/www.texible.com\/de\/smart-textiles\/sensoren\/\">Mehr zu unseren Sensoren<\/a>[\/vc_column_text][\/vc_column_inner][\/vc_row_inner][\/vc_column][vc_column width=&#8220;1\/2&#8243; css=&#8220;.vc_custom_1655196371170{background-image: url(https:\/\/www.texible.com\/wp-content\/uploads\/2022\/06\/TEXIBLE-Smart-Textiles-Sensors-min.webp?id=627) !important;}&#8220; el_class=&#8220;imagesizer&#8220;][\/vc_column][\/vc_row][vc_row full_width=&#8220;stretch_row_content&#8220; full_height=&#8220;yes&#8220; equal_height=&#8220;yes&#8220; content_placement=&#8220;middle&#8220; el_class=&#8220;imagebg&#8220;][vc_column width=&#8220;1\/2&#8243; css=&#8220;.vc_custom_1655196438044{background-image: url(https:\/\/www.texible.com\/wp-content\/uploads\/2022\/06\/TEXIBLE-Smart-Textiles-Actuators-min.webp?id=631) !important;}&#8220; el_class=&#8220;fwimg imagesizer&#8220;][\/vc_column][vc_column width=&#8220;1\/2&#8243; el_class=&#8220;flexrev&#8220;][vc_row_inner equal_height=&#8220;yes&#8220; content_placement=&#8220;middle&#8220; el_class=&#8220;imagebg&#8220;][vc_column_inner el_class=&#8220;text&#8220;][vc_single_image image=&#8220;1012&#8243; img_size=&#8220;full&#8220; el_class=&#8220;rwdshow&#8220; css=&#8220;.vc_custom_1655196445428{margin-top: 100px !important;margin-bottom: 40px !important;}&#8220;][vc_column_text css_animation=&#8220;fadeIn&#8220;]<\/p>\n<h4>Aktoren<\/h4>\n<p>[\/vc_column_text][vc_column_text css_animation=&#8220;fadeIn&#8220;]<\/p>\n<h2>Sp\u00fcrbares Feedback<\/h2>\n<p>[\/vc_column_text][vc_column_text css_animation=&#8220;fadeIn&#8220;]Heizen, k\u00fchlen, vibrieren oder stimulieren \u2013 unabh\u00e4ngig davon, welches Feedback in Ihrer Anwendung ben\u00f6tigt wird &#8211; mit Hilfe von Smart Textiles wird dies m\u00f6glich.[\/vc_column_text][vc_column_text css_animation=&#8220;fadeIn&#8220; el_class=&#8220;link&#8220;]<a href=\"https:\/\/www.texible.com\/de\/smart-textiles\/aktoren\/\">Mehr zu unseren Aktoren<\/a>[\/vc_column_text][\/vc_column_inner][\/vc_row_inner][\/vc_column][\/vc_row][vc_row full_width=&#8220;stretch_row_content&#8220; full_height=&#8220;yes&#8220; equal_height=&#8220;yes&#8220; content_placement=&#8220;middle&#8220; el_class=&#8220;imagebg&#8220;][vc_column width=&#8220;1\/2&#8243;][vc_row_inner equal_height=&#8220;yes&#8220; content_placement=&#8220;middle&#8220; el_class=&#8220;imagebg&#8220;][vc_column_inner el_class=&#8220;text&#8220;][vc_single_image image=&#8220;1013&#8243; img_size=&#8220;full&#8220; el_class=&#8220;rwdshow&#8220; css=&#8220;.vc_custom_1655196469373{margin-top: 100px !important;margin-bottom: 40px !important;}&#8220;][vc_column_text css_animation=&#8220;fadeIn&#8220;]<\/p>\n<h4>Interfaces<\/h4>\n<p>[\/vc_column_text][vc_column_text css_animation=&#8220;fadeIn&#8220;]<\/p>\n<h2>Bringt zusammen, was zusammengeh\u00f6rt<\/h2>\n<p>[\/vc_column_text][vc_column_text css_animation=&#8220;fadeIn&#8220;]Funktionell, robust, unauff\u00e4llig und optisch ansprechend \u2013 gut durchdachte Interfaces verbinden Textil und Elektronik.<\/p>\n<p>Diese Verbindung ist das Herzst\u00fcck einer durchdachten und alltagstauglichen L\u00f6sung. Ob als Druckknopf, magnetisch, als Rei\u00dfverschluss, gekrimpt oder als Stickerei integriert.<\/p>\n<p>Das Gesamtkonzept ergibt die ideale L\u00f6sung.[\/vc_column_text][vc_empty_space height=&#8220;100px&#8220; el_class=&#8220;rwdshow&#8220;][\/vc_column_inner][\/vc_row_inner][\/vc_column][vc_column width=&#8220;1\/2&#8243; el_class=&#8220;fwimg&#8220; css=&#8220;.vc_custom_1655196462234{background-image: url(https:\/\/www.texible.com\/wp-content\/uploads\/2022\/06\/TEXIBLE-Smart-Textiles-Interfaces-min.webp?id=630) !important;}&#8220;][\/vc_column][\/vc_row][vc_row full_width=&#8220;stretch_row&#8220; el_class=&#8220;ctabottom&#8220;][vc_column][vc_row_inner equal_height=&#8220;yes&#8220; content_placement=&#8220;middle&#8220;][vc_column_inner width=&#8220;7\/12&#8243;][vc_column_text css_animation=&#8220;fadeIn&#8220; el_class=&#8220;title&#8220;]Haben wir Sie neugierig gemacht?[\/vc_column_text][vc_column_text css_animation=&#8220;fadeIn&#8220;]Wenn Sie nach einer neuen L\u00f6sung f\u00fcr ein bestehendes Produkt suchen oder an einer innovativen Idee feilen, sind Sie bei uns genau richtig! Jetzt Smart Textiles Expertise anheuern![\/vc_column_text][vc_btn title=&#8220;Kontaktieren Sie uns!&#8220; style=&#8220;flat&#8220; shape=&#8220;square&#8220; color=&#8220;white&#8220; css_animation=&#8220;fadeInUp&#8220; link=&#8220;url:https%3A%2F%2Fwww.texible.com%2Fde%2Fkontakt%2F|&#8220;][\/vc_column_inner][vc_column_inner el_class=&#8220;right&#8220; width=&#8220;5\/12&#8243;][\/vc_column_inner][\/vc_row_inner][vc_separator color=&#8220;white&#8220; css=&#8220;.vc_custom_1651676816861{margin-top: 60px !important;}&#8220;][\/vc_column][\/vc_row]<\/p>\n","protected":false},"excerpt":{"rendered":"<p>[vc_row full_width=&#8220;stretch_row&#8220; content_placement=&#8220;middle&#8220; el_class=&#8220;pagekey-dark&#8220;][vc_column][vc_row_inner][vc_column_inner width=&#8220;10\/12&#8243;][vc_column_text css_animation=&#8220;fadeIn&#8220;] Smart Textiles [\/vc_column_text][vc_column_text css_animation=&#8220;fadeIn&#8220;] Intelligente Textilien, sowie High Performance Textilien gelten als die Schl\u00fcsseltechnologien der Zukunft. [\/vc_column_text][vc_column_text css_animation=&#8220;fadeIn&#8220; css=&#8220;.vc_custom_1668460261825{padding-right: 10% !important;}&#8220;]Smart Textiles haben viele Vorteile gegen\u00fcber konventionellen Wearables. Sie kombinieren textile und elektronische Eigenschaften in einer einzigartigen Art und Weise. Smart Textiles k\u00f6nnen gleichzeitig Feuchtigkeit gut aufnehmen und trotzdem [&hellip;]<\/p>\n","protected":false},"author":2,"featured_media":0,"parent":0,"menu_order":2,"comment_status":"closed","ping_status":"closed","template":"","meta":{"footnotes":""},"class_list":["post-820","page","type-page","status-publish","hentry"],"yoast_head":"<!-- This site is optimized with the Yoast SEO plugin v20.0 - https:\/\/yoast.com\/wordpress\/plugins\/seo\/ -->\n<title>Smart Textiles - Sensoren, Aktoren und Interfaces - TEXIBLE<\/title>\n<meta name=\"description\" content=\"Smart Textiles kombinieren textile und elektronische Eigenschaften. Diese Smart Textiles k\u00f6nnen aus Sensoren, Aktoren und Interfaces bestehen.\" \/>\n<meta name=\"robots\" content=\"index, follow, max-snippet:-1, max-image-preview:large, max-video-preview:-1\" \/>\n<link rel=\"canonical\" href=\"https:\/\/www.texible.com\/de\/smart-textiles\/\" \/>\n<meta property=\"og:locale\" content=\"de_DE\" \/>\n<meta property=\"og:type\" content=\"article\" \/>\n<meta property=\"og:title\" content=\"Smart Textiles - Sensoren, Aktoren und Interfaces - TEXIBLE\" \/>\n<meta property=\"og:description\" content=\"Smart Textiles kombinieren textile und elektronische Eigenschaften. Diese Smart Textiles k\u00f6nnen aus Sensoren, Aktoren und Interfaces bestehen.\" \/>\n<meta property=\"og:url\" content=\"https:\/\/www.texible.com\/de\/smart-textiles\/\" \/>\n<meta property=\"og:site_name\" content=\"TEXIBLE\" \/>\n<meta property=\"article:modified_time\" content=\"2022-12-23T09:35:40+00:00\" \/>\n<meta name=\"twitter:card\" content=\"summary_large_image\" \/>\n<meta name=\"twitter:label1\" content=\"Gesch\u00e4tzte Lesezeit\" \/>\n\t<meta name=\"twitter:data1\" content=\"2\u00a0Minuten\" \/>\n<script type=\"application\/ld+json\" class=\"yoast-schema-graph\">{\"@context\":\"https:\/\/schema.org\",\"@graph\":[{\"@type\":\"WebPage\",\"@id\":\"https:\/\/www.texible.com\/de\/smart-textiles\/\",\"url\":\"https:\/\/www.texible.com\/de\/smart-textiles\/\",\"name\":\"Smart Textiles - Sensoren, Aktoren und Interfaces - TEXIBLE\",\"isPartOf\":{\"@id\":\"https:\/\/www.texible.com\/#website\"},\"datePublished\":\"2022-05-03T15:39:03+00:00\",\"dateModified\":\"2022-12-23T09:35:40+00:00\",\"description\":\"Smart Textiles kombinieren textile und elektronische Eigenschaften. Diese Smart Textiles k\u00f6nnen aus Sensoren, Aktoren und Interfaces bestehen.\",\"breadcrumb\":{\"@id\":\"https:\/\/www.texible.com\/de\/smart-textiles\/#breadcrumb\"},\"inLanguage\":\"de\",\"potentialAction\":[{\"@type\":\"ReadAction\",\"target\":[\"https:\/\/www.texible.com\/de\/smart-textiles\/\"]}]},{\"@type\":\"BreadcrumbList\",\"@id\":\"https:\/\/www.texible.com\/de\/smart-textiles\/#breadcrumb\",\"itemListElement\":[{\"@type\":\"ListItem\",\"position\":1,\"name\":\"Home\",\"item\":\"https:\/\/www.texible.com\/de\/\"},{\"@type\":\"ListItem\",\"position\":2,\"name\":\"Smart Textiles\"}]},{\"@type\":\"WebSite\",\"@id\":\"https:\/\/www.texible.com\/#website\",\"url\":\"https:\/\/www.texible.com\/\",\"name\":\"TEXIBLE\",\"description\":\"Realize your next innovation, using smart textiles\",\"publisher\":{\"@id\":\"https:\/\/www.texible.com\/#organization\"},\"potentialAction\":[{\"@type\":\"SearchAction\",\"target\":{\"@type\":\"EntryPoint\",\"urlTemplate\":\"https:\/\/www.texible.com\/?s={search_term_string}\"},\"query-input\":\"required name=search_term_string\"}],\"inLanguage\":\"de\"},{\"@type\":\"Organization\",\"@id\":\"https:\/\/www.texible.com\/#organization\",\"name\":\"TEXIBLE\",\"url\":\"https:\/\/www.texible.com\/\",\"logo\":{\"@type\":\"ImageObject\",\"inLanguage\":\"de\",\"@id\":\"https:\/\/www.texible.com\/#\/schema\/logo\/image\/\",\"url\":\"https:\/\/www.texible.com\/wp-content\/uploads\/2022\/06\/TEXIBLE-Brand1x.png\",\"contentUrl\":\"https:\/\/www.texible.com\/wp-content\/uploads\/2022\/06\/TEXIBLE-Brand1x.png\",\"width\":150,\"height\":20,\"caption\":\"TEXIBLE\"},\"image\":{\"@id\":\"https:\/\/www.texible.com\/#\/schema\/logo\/image\/\"}}]}<\/script>\n<!-- \/ Yoast SEO plugin. -->","yoast_head_json":{"title":"Smart Textiles - Sensoren, Aktoren und Interfaces - TEXIBLE","description":"Smart Textiles kombinieren textile und elektronische Eigenschaften. Diese Smart Textiles k\u00f6nnen aus Sensoren, Aktoren und Interfaces bestehen.","robots":{"index":"index","follow":"follow","max-snippet":"max-snippet:-1","max-image-preview":"max-image-preview:large","max-video-preview":"max-video-preview:-1"},"canonical":"https:\/\/www.texible.com\/de\/smart-textiles\/","og_locale":"de_DE","og_type":"article","og_title":"Smart Textiles - Sensoren, Aktoren und Interfaces - TEXIBLE","og_description":"Smart Textiles kombinieren textile und elektronische Eigenschaften. Diese Smart Textiles k\u00f6nnen aus Sensoren, Aktoren und Interfaces bestehen.","og_url":"https:\/\/www.texible.com\/de\/smart-textiles\/","og_site_name":"TEXIBLE","article_modified_time":"2022-12-23T09:35:40+00:00","twitter_card":"summary_large_image","twitter_misc":{"Gesch\u00e4tzte Lesezeit":"2\u00a0Minuten"},"schema":{"@context":"https:\/\/schema.org","@graph":[{"@type":"WebPage","@id":"https:\/\/www.texible.com\/de\/smart-textiles\/","url":"https:\/\/www.texible.com\/de\/smart-textiles\/","name":"Smart Textiles - Sensoren, Aktoren und Interfaces - TEXIBLE","isPartOf":{"@id":"https:\/\/www.texible.com\/#website"},"datePublished":"2022-05-03T15:39:03+00:00","dateModified":"2022-12-23T09:35:40+00:00","description":"Smart Textiles kombinieren textile und elektronische Eigenschaften. Diese Smart Textiles k\u00f6nnen aus Sensoren, Aktoren und Interfaces bestehen.","breadcrumb":{"@id":"https:\/\/www.texible.com\/de\/smart-textiles\/#breadcrumb"},"inLanguage":"de","potentialAction":[{"@type":"ReadAction","target":["https:\/\/www.texible.com\/de\/smart-textiles\/"]}]},{"@type":"BreadcrumbList","@id":"https:\/\/www.texible.com\/de\/smart-textiles\/#breadcrumb","itemListElement":[{"@type":"ListItem","position":1,"name":"Home","item":"https:\/\/www.texible.com\/de\/"},{"@type":"ListItem","position":2,"name":"Smart Textiles"}]},{"@type":"WebSite","@id":"https:\/\/www.texible.com\/#website","url":"https:\/\/www.texible.com\/","name":"TEXIBLE","description":"Realize your next innovation, using smart textiles","publisher":{"@id":"https:\/\/www.texible.com\/#organization"},"potentialAction":[{"@type":"SearchAction","target":{"@type":"EntryPoint","urlTemplate":"https:\/\/www.texible.com\/?s={search_term_string}"},"query-input":"required name=search_term_string"}],"inLanguage":"de"},{"@type":"Organization","@id":"https:\/\/www.texible.com\/#organization","name":"TEXIBLE","url":"https:\/\/www.texible.com\/","logo":{"@type":"ImageObject","inLanguage":"de","@id":"https:\/\/www.texible.com\/#\/schema\/logo\/image\/","url":"https:\/\/www.texible.com\/wp-content\/uploads\/2022\/06\/TEXIBLE-Brand1x.png","contentUrl":"https:\/\/www.texible.com\/wp-content\/uploads\/2022\/06\/TEXIBLE-Brand1x.png","width":150,"height":20,"caption":"TEXIBLE"},"image":{"@id":"https:\/\/www.texible.com\/#\/schema\/logo\/image\/"}}]}},"_links":{"self":[{"href":"https:\/\/www.texible.com\/de\/wp-json\/wp\/v2\/pages\/820","targetHints":{"allow":["GET"]}}],"collection":[{"href":"https:\/\/www.texible.com\/de\/wp-json\/wp\/v2\/pages"}],"about":[{"href":"https:\/\/www.texible.com\/de\/wp-json\/wp\/v2\/types\/page"}],"author":[{"embeddable":true,"href":"https:\/\/www.texible.com\/de\/wp-json\/wp\/v2\/users\/2"}],"replies":[{"embeddable":true,"href":"https:\/\/www.texible.com\/de\/wp-json\/wp\/v2\/comments?post=820"}],"version-history":[{"count":10,"href":"https:\/\/www.texible.com\/de\/wp-json\/wp\/v2\/pages\/820\/revisions"}],"predecessor-version":[{"id":1197,"href":"https:\/\/www.texible.com\/de\/wp-json\/wp\/v2\/pages\/820\/revisions\/1197"}],"wp:attachment":[{"href":"https:\/\/www.texible.com\/de\/wp-json\/wp\/v2\/media?parent=820"}],"curies":[{"name":"wp","href":"https:\/\/api.w.org\/{rel}","templated":true}]}}