{"id":824,"date":"2022-05-03T18:37:26","date_gmt":"2022-05-03T16:37:26","guid":{"rendered":"https:\/\/www.texible.com\/engineering\/"},"modified":"2022-12-23T12:30:45","modified_gmt":"2022-12-23T10:30:45","slug":"services","status":"publish","type":"page","link":"https:\/\/www.texible.com\/de\/services\/","title":{"rendered":"Services"},"content":{"rendered":"<p>[vc_row full_width=&#8220;stretch_row&#8220; content_placement=&#8220;middle&#8220; el_class=&#8220;pagekey-dark&#8220;][vc_column][vc_row_inner][vc_column_inner width=&#8220;10\/12&#8243;][vc_column_text css_animation=&#8220;fadeIn&#8220;]<\/p>\n<h4>Service<\/h4>\n<p>[\/vc_column_text][vc_column_text css_animation=&#8220;fadeIn&#8220;]<\/p>\n<h1>Von der ersten Idee zur Serienproduktion \u2013 Alles aus einer Hand.<\/h1>\n<p>[\/vc_column_text][vc_column_text css_animation=&#8220;fadeIn&#8220;]Wir holen Sie genau dort ab, wo Sie gerade stehen. Egal ob Sie erst eine vage Vorstellung von einem k\u00fcnftigen Smart Textiles Produkt haben, oder bereits eine marktreife L\u00f6sung, die Sie erg\u00e4nzen oder verbessern m\u00f6chten: Wir nehmen uns Zeit und beraten Sie umfassend, wie es weitergehen kann.[\/vc_column_text][\/vc_column_inner][vc_column_inner width=&#8220;2\/12&#8243;][\/vc_column_inner][\/vc_row_inner][\/vc_column][\/vc_row][vc_row full_width=&#8220;stretch_row_content_no_spaces&#8220; content_placement=&#8220;middle&#8220; el_class=&#8220;imagefull&#8220;][vc_column][vc_single_image image=&#8220;1015&#8243; img_size=&#8220;full&#8220; el_class=&#8220;imageFullwidth&#8220;][\/vc_column][\/vc_row][vc_row el_class=&#8220;section_large padbottom&#8220;][vc_column][vc_row_inner][vc_column_inner width=&#8220;4\/12&#8243;][vc_column_text css_animation=&#8220;fadeIn&#8220;]<\/p>\n<h4>Die Kunst liegt im Detail<\/h4>\n<p>[\/vc_column_text][vc_column_text css_animation=&#8220;fadeIn&#8220;]<\/p>\n<h2>Deshalb k\u00f6nnen Sie mit einer Zusammenarbeit mit Texible profitieren:<\/h2>\n<p>[\/vc_column_text][vc_column_text css_animation=&#8220;fadeIn&#8220;]Wir legen besonderes Augenmerk auf die individuellen Anforderungen, die Sie an Ihre Entwicklung haben.<br \/>\nIn unserem iterativen Entwicklungsprozess bringen wir Ihr Produkt bis zur Serienreife.[\/vc_column_text][\/vc_column_inner][vc_column_inner width=&#8220;1\/12&#8243;][\/vc_column_inner][vc_column_inner width=&#8220;7\/12&#8243;][vc_toggle title=&#8220;Interdisziplin\u00e4re Projektteams&#8220; open=&#8220;true&#8220;]Wir verstehen uns nicht nur als Wissenstr\u00e4ger, sondern als Netzwerkdrehscheibe, die interdisziplin\u00e4re Projektteams, individuell auf die Anforderungen der zu l\u00f6senden Herausforderung angepasst, zusammenstellt. Dabei arbeiten wir mit SpezialistInnen aus unterschiedlichen Bereichen und realisieren so v\u00f6llig neue L\u00f6sungsans\u00e4tze f\u00fcr unsere KundInnen.[\/vc_toggle][vc_toggle title=&#8220;Die gesamte Wertsch\u00f6pfungskette&#8220;]Die zentrale Lage, im Rheintal Vorarlbergs im Westen \u00d6sterreichs, gibt uns das Privileg, in kurzer Distanz mit einer Vielzahl von PartnerInnen zusammenarbeiten zu k\u00f6nnen, die \u00fcber einen enormen Erfahrungsschatz und spezifisches technologisches Know-how verf\u00fcgen.<\/p>\n<p>Der Einsatz der richtigen Herstellungstechnologie, spezifisch f\u00fcr Ihr Produkt, ist ein wesentlicher Erfolgsfaktor.[\/vc_toggle][vc_toggle title=&#8220;Von Forschung &amp; Entwicklung zur Produktion&#8220;]Selbst aus einem Forschungsprojekt der Universit\u00e4t Innsbruck ausgegr\u00fcndet, haben wir uns von Beginn an mit dem Transfer von Prototypen in serienreife Produkte befasst. Um den Produktionsma\u00dfstab bei Bedarf schnell skalieren zu k\u00f6nnen, werden unsere ProduktionspartnerInnen bereits in einem sehr fr\u00fchen Stadium in die Produktentwicklung miteinbezogen.[\/vc_toggle][vc_toggle title=&#8220;Firmware, IT und App&#8220;]Die Auswertung von Sensordaten, welche meist \u00fcber eine externe Steuerung erfolgt, ist ein zentraler Bestandteil von Smart Textiles. Wir \u00fcbernehmen f\u00fcr Sie die Konzeptionierung der Steuerung, inkl. Hardware- und Firmware-Entwicklung, sowie der Schnittstelle zur IT\/App.[\/vc_toggle][vc_toggle title=&#8220;Made in Europe&#8220;]Die Textilindustrie hat eine sehr lange Tradition in \u00d6sterreich. W\u00e4hrend des letzten Jahrhunderts wurde sehr viel Fachkenntnis am Standort aufgebaut. Profitieren Sie von diesen F\u00e4higkeiten und der lokalen Produktion, aber auch von unseren Partnerinnen und Partnern im gesamten EU-Raum.[\/vc_toggle][vc_toggle title=&#8220;Qualit\u00e4tsmanagement und Standards&#8220;]Bei der Wahl unserer ProduktionspartnerInnen konzentrieren wir uns auf den D-A-CH Raum sowie M\u00f6glichkeiten innerhalb Europas. Qualit\u00e4tssicherung ist uns wichtig!<br \/>\nTexible ist ISO 9001:2015 zertifiziert, unsere ProduktionspartnerInnen haben Zertifizierungen in den Bereichen ISO 9001, ISO 13485 und \u00d6KO-TEX.[\/vc_toggle][\/vc_column_inner][\/vc_row_inner][\/vc_column][\/vc_row][vc_row full_width=&#8220;stretch_row&#8220; el_class=&#8220;section_large padbottom blanc&#8220;][vc_column][vc_row_inner content_placement=&#8220;bottom&#8220;][vc_column_inner width=&#8220;7\/12&#8243;][vc_column_text css_animation=&#8220;fadeIn&#8220;]<\/p>\n<h4>Projekte<\/h4>\n<p>[\/vc_column_text][vc_column_text css_animation=&#8220;fadeIn&#8220;]<\/p>\n<h2>Den Einsatzm\u00f6glichkeiten von Smart Textiles sind keine Grenzen gesetzt!<\/h2>\n<p>[\/vc_column_text][vc_column_text css_animation=&#8220;fadeIn&#8220; el_class=&#8220;nomargin&#8220;]Gemeinsam unentdeckte Potenziale erkennen! In enger Zusammenarbeit mit unseren KundInnen entwickeln wir zukunftsweisende L\u00f6sungen.[\/vc_column_text][\/vc_column_inner][vc_column_inner el_class=&#8220;right&#8220; width=&#8220;5\/12&#8243;][vc_btn title=&#8220;Projekte&#8220; style=&#8220;flat&#8220; shape=&#8220;square&#8220; css_animation=&#8220;fadeInUp&#8220; link=&#8220;url:https%3A%2F%2Fwww.texible.com%2Fde%2Fprojekte%2F|&#8220;][\/vc_column_inner][\/vc_row_inner][vc_row_inner css=&#8220;.vc_custom_1651656716599{margin-top: 40px !important;}&#8220;][vc_column_inner width=&#8220;1\/3&#8243;][vc_single_image image=&#8220;729&#8243; img_size=&#8220;full&#8220; css_animation=&#8220;fadeIn&#8220;][vc_column_text css_animation=&#8220;fadeIn&#8220; css=&#8220;.vc_custom_1651655670439{margin-top: 16px !important;}&#8220;]<\/p>\n<h3>Equusir<\/h3>\n<p>[\/vc_column_text][\/vc_column_inner][vc_column_inner width=&#8220;1\/3&#8243;][vc_single_image image=&#8220;731&#8243; img_size=&#8220;full&#8220; css_animation=&#8220;fadeIn&#8220;][vc_column_text css_animation=&#8220;fadeIn&#8220; css=&#8220;.vc_custom_1651655673625{margin-top: 16px !important;}&#8220;]<\/p>\n<h3>Adresys<\/h3>\n<p>[\/vc_column_text][\/vc_column_inner][vc_column_inner width=&#8220;1\/3&#8243;][vc_single_image image=&#8220;733&#8243; img_size=&#8220;full&#8220; css_animation=&#8220;fadeIn&#8220;][vc_column_text css_animation=&#8220;fadeIn&#8220; css=&#8220;.vc_custom_1651655681221{margin-top: 16px !important;}&#8220;]<\/p>\n<h3>Waibro Sports<\/h3>\n<p>[\/vc_column_text][\/vc_column_inner][\/vc_row_inner][\/vc_column][\/vc_row][vc_row full_width=&#8220;stretch_row&#8220; el_class=&#8220;ctabottom&#8220;][vc_column][vc_row_inner equal_height=&#8220;yes&#8220; content_placement=&#8220;middle&#8220;][vc_column_inner width=&#8220;7\/12&#8243;][vc_column_text css_animation=&#8220;fadeIn&#8220; el_class=&#8220;title&#8220;]Haben wir Sie neugierig gemacht?[\/vc_column_text][vc_column_text css_animation=&#8220;fadeIn&#8220;]Wenn Sie nach einer neuen L\u00f6sung f\u00fcr ein bestehendes Produkt suchen oder an einer innovativen Idee feilen, sind Sie bei uns genau richtig! Jetzt Smart Textiles Expertise anheuern![\/vc_column_text][vc_btn title=&#8220;Kontaktieren Sie uns!&#8220; style=&#8220;flat&#8220; shape=&#8220;square&#8220; color=&#8220;white&#8220; css_animation=&#8220;fadeInUp&#8220; link=&#8220;url:https%3A%2F%2Fwww.texible.com%2Fde%2Fkontakt%2F|&#8220;][\/vc_column_inner][vc_column_inner el_class=&#8220;right&#8220; width=&#8220;5\/12&#8243;][\/vc_column_inner][\/vc_row_inner][vc_separator color=&#8220;white&#8220; css=&#8220;.vc_custom_1651676816861{margin-top: 60px !important;}&#8220;][\/vc_column][\/vc_row]<\/p>\n","protected":false},"excerpt":{"rendered":"<p>[vc_row full_width=&#8220;stretch_row&#8220; content_placement=&#8220;middle&#8220; el_class=&#8220;pagekey-dark&#8220;][vc_column][vc_row_inner][vc_column_inner width=&#8220;10\/12&#8243;][vc_column_text css_animation=&#8220;fadeIn&#8220;] Service [\/vc_column_text][vc_column_text css_animation=&#8220;fadeIn&#8220;] Von der ersten Idee zur Serienproduktion \u2013 Alles aus einer Hand. [\/vc_column_text][vc_column_text css_animation=&#8220;fadeIn&#8220;]Wir holen Sie genau dort ab, wo Sie gerade stehen. Egal ob Sie erst eine vage Vorstellung von einem k\u00fcnftigen Smart Textiles Produkt haben, oder bereits eine marktreife L\u00f6sung, die Sie erg\u00e4nzen oder verbessern [&hellip;]<\/p>\n","protected":false},"author":2,"featured_media":0,"parent":0,"menu_order":3,"comment_status":"closed","ping_status":"closed","template":"","meta":{"footnotes":""},"class_list":["post-824","page","type-page","status-publish","hentry"],"yoast_head":"<!-- This site is optimized with the Yoast SEO plugin v20.0 - https:\/\/yoast.com\/wordpress\/plugins\/seo\/ -->\n<title>Services - TEXIBLE<\/title>\n<meta name=\"description\" content=\"Wir legen besonderes Augenmerk auf die individuellen Anforderungen, die Sie an Ihre Entwicklung haben. Entdecke unsere Services hier!\" \/>\n<meta name=\"robots\" content=\"index, follow, max-snippet:-1, max-image-preview:large, max-video-preview:-1\" \/>\n<link rel=\"canonical\" href=\"https:\/\/www.texible.com\/services\/\" \/>\n<meta property=\"og:locale\" content=\"de_DE\" \/>\n<meta property=\"og:type\" content=\"article\" \/>\n<meta property=\"og:title\" content=\"Services - TEXIBLE\" \/>\n<meta property=\"og:description\" content=\"Wir legen besonderes Augenmerk auf die individuellen Anforderungen, die Sie an Ihre Entwicklung haben. Entdecke unsere Services hier!\" \/>\n<meta property=\"og:url\" content=\"https:\/\/www.texible.com\/services\/\" \/>\n<meta property=\"og:site_name\" content=\"TEXIBLE\" \/>\n<meta property=\"article:modified_time\" content=\"2022-12-23T10:30:45+00:00\" \/>\n<meta name=\"twitter:card\" content=\"summary_large_image\" \/>\n<meta name=\"twitter:label1\" content=\"Gesch\u00e4tzte Lesezeit\" \/>\n\t<meta name=\"twitter:data1\" content=\"3\u00a0Minuten\" \/>\n<script type=\"application\/ld+json\" class=\"yoast-schema-graph\">{\"@context\":\"https:\/\/schema.org\",\"@graph\":[{\"@type\":\"WebPage\",\"@id\":\"https:\/\/www.texible.com\/services\/\",\"url\":\"https:\/\/www.texible.com\/services\/\",\"name\":\"Services - TEXIBLE\",\"isPartOf\":{\"@id\":\"https:\/\/www.texible.com\/#website\"},\"datePublished\":\"2022-05-03T16:37:26+00:00\",\"dateModified\":\"2022-12-23T10:30:45+00:00\",\"description\":\"Wir legen besonderes Augenmerk auf die individuellen Anforderungen, die Sie an Ihre Entwicklung haben. Entdecke unsere Services hier!\",\"breadcrumb\":{\"@id\":\"https:\/\/www.texible.com\/services\/#breadcrumb\"},\"inLanguage\":\"de\",\"potentialAction\":[{\"@type\":\"ReadAction\",\"target\":[\"https:\/\/www.texible.com\/services\/\"]}]},{\"@type\":\"BreadcrumbList\",\"@id\":\"https:\/\/www.texible.com\/services\/#breadcrumb\",\"itemListElement\":[{\"@type\":\"ListItem\",\"position\":1,\"name\":\"Home\",\"item\":\"https:\/\/www.texible.com\/de\/\"},{\"@type\":\"ListItem\",\"position\":2,\"name\":\"Services\"}]},{\"@type\":\"WebSite\",\"@id\":\"https:\/\/www.texible.com\/#website\",\"url\":\"https:\/\/www.texible.com\/\",\"name\":\"TEXIBLE\",\"description\":\"Realize your next innovation, using smart textiles\",\"publisher\":{\"@id\":\"https:\/\/www.texible.com\/#organization\"},\"potentialAction\":[{\"@type\":\"SearchAction\",\"target\":{\"@type\":\"EntryPoint\",\"urlTemplate\":\"https:\/\/www.texible.com\/?s={search_term_string}\"},\"query-input\":\"required name=search_term_string\"}],\"inLanguage\":\"de\"},{\"@type\":\"Organization\",\"@id\":\"https:\/\/www.texible.com\/#organization\",\"name\":\"TEXIBLE\",\"url\":\"https:\/\/www.texible.com\/\",\"logo\":{\"@type\":\"ImageObject\",\"inLanguage\":\"de\",\"@id\":\"https:\/\/www.texible.com\/#\/schema\/logo\/image\/\",\"url\":\"https:\/\/www.texible.com\/wp-content\/uploads\/2022\/06\/TEXIBLE-Brand1x.png\",\"contentUrl\":\"https:\/\/www.texible.com\/wp-content\/uploads\/2022\/06\/TEXIBLE-Brand1x.png\",\"width\":150,\"height\":20,\"caption\":\"TEXIBLE\"},\"image\":{\"@id\":\"https:\/\/www.texible.com\/#\/schema\/logo\/image\/\"}}]}<\/script>\n<!-- \/ Yoast SEO plugin. -->","yoast_head_json":{"title":"Services - TEXIBLE","description":"Wir legen besonderes Augenmerk auf die individuellen Anforderungen, die Sie an Ihre Entwicklung haben. Entdecke unsere Services hier!","robots":{"index":"index","follow":"follow","max-snippet":"max-snippet:-1","max-image-preview":"max-image-preview:large","max-video-preview":"max-video-preview:-1"},"canonical":"https:\/\/www.texible.com\/services\/","og_locale":"de_DE","og_type":"article","og_title":"Services - TEXIBLE","og_description":"Wir legen besonderes Augenmerk auf die individuellen Anforderungen, die Sie an Ihre Entwicklung haben. Entdecke unsere Services hier!","og_url":"https:\/\/www.texible.com\/services\/","og_site_name":"TEXIBLE","article_modified_time":"2022-12-23T10:30:45+00:00","twitter_card":"summary_large_image","twitter_misc":{"Gesch\u00e4tzte Lesezeit":"3\u00a0Minuten"},"schema":{"@context":"https:\/\/schema.org","@graph":[{"@type":"WebPage","@id":"https:\/\/www.texible.com\/services\/","url":"https:\/\/www.texible.com\/services\/","name":"Services - TEXIBLE","isPartOf":{"@id":"https:\/\/www.texible.com\/#website"},"datePublished":"2022-05-03T16:37:26+00:00","dateModified":"2022-12-23T10:30:45+00:00","description":"Wir legen besonderes Augenmerk auf die individuellen Anforderungen, die Sie an Ihre Entwicklung haben. Entdecke unsere Services hier!","breadcrumb":{"@id":"https:\/\/www.texible.com\/services\/#breadcrumb"},"inLanguage":"de","potentialAction":[{"@type":"ReadAction","target":["https:\/\/www.texible.com\/services\/"]}]},{"@type":"BreadcrumbList","@id":"https:\/\/www.texible.com\/services\/#breadcrumb","itemListElement":[{"@type":"ListItem","position":1,"name":"Home","item":"https:\/\/www.texible.com\/de\/"},{"@type":"ListItem","position":2,"name":"Services"}]},{"@type":"WebSite","@id":"https:\/\/www.texible.com\/#website","url":"https:\/\/www.texible.com\/","name":"TEXIBLE","description":"Realize your next innovation, using smart textiles","publisher":{"@id":"https:\/\/www.texible.com\/#organization"},"potentialAction":[{"@type":"SearchAction","target":{"@type":"EntryPoint","urlTemplate":"https:\/\/www.texible.com\/?s={search_term_string}"},"query-input":"required name=search_term_string"}],"inLanguage":"de"},{"@type":"Organization","@id":"https:\/\/www.texible.com\/#organization","name":"TEXIBLE","url":"https:\/\/www.texible.com\/","logo":{"@type":"ImageObject","inLanguage":"de","@id":"https:\/\/www.texible.com\/#\/schema\/logo\/image\/","url":"https:\/\/www.texible.com\/wp-content\/uploads\/2022\/06\/TEXIBLE-Brand1x.png","contentUrl":"https:\/\/www.texible.com\/wp-content\/uploads\/2022\/06\/TEXIBLE-Brand1x.png","width":150,"height":20,"caption":"TEXIBLE"},"image":{"@id":"https:\/\/www.texible.com\/#\/schema\/logo\/image\/"}}]}},"_links":{"self":[{"href":"https:\/\/www.texible.com\/de\/wp-json\/wp\/v2\/pages\/824","targetHints":{"allow":["GET"]}}],"collection":[{"href":"https:\/\/www.texible.com\/de\/wp-json\/wp\/v2\/pages"}],"about":[{"href":"https:\/\/www.texible.com\/de\/wp-json\/wp\/v2\/types\/page"}],"author":[{"embeddable":true,"href":"https:\/\/www.texible.com\/de\/wp-json\/wp\/v2\/users\/2"}],"replies":[{"embeddable":true,"href":"https:\/\/www.texible.com\/de\/wp-json\/wp\/v2\/comments?post=824"}],"version-history":[{"count":15,"href":"https:\/\/www.texible.com\/de\/wp-json\/wp\/v2\/pages\/824\/revisions"}],"predecessor-version":[{"id":1203,"href":"https:\/\/www.texible.com\/de\/wp-json\/wp\/v2\/pages\/824\/revisions\/1203"}],"wp:attachment":[{"href":"https:\/\/www.texible.com\/de\/wp-json\/wp\/v2\/media?parent=824"}],"curies":[{"name":"wp","href":"https:\/\/api.w.org\/{rel}","templated":true}]}}