{"id":828,"date":"2022-05-04T14:18:53","date_gmt":"2022-05-04T12:18:53","guid":{"rendered":"https:\/\/www.texible.com\/produktion\/"},"modified":"2022-12-22T22:36:44","modified_gmt":"2022-12-22T20:36:44","slug":"produktion","status":"publish","type":"page","link":"https:\/\/www.texible.com\/de\/produktion\/","title":{"rendered":"Produktion"},"content":{"rendered":"<p>[vc_row full_width=&#8220;stretch_row&#8220; content_placement=&#8220;middle&#8220; el_class=&#8220;pagekey-dark&#8220;][vc_column][vc_row_inner][vc_column_inner width=&#8220;2\/3&#8243;][vc_column_text css_animation=&#8220;fadeIn&#8220;]<\/p>\n<h4>Infrastruktur \/ Produktionsm\u00f6glichkeiten<\/h4>\n<p>[\/vc_column_text][vc_column_text css_animation=&#8220;fadeIn&#8220;]<\/p>\n<h1>St\u00e4rkung Europas als Wirtschaftsstandort mit wirtschaftlicher und nachhaltiger Produktion.<\/h1>\n<p>[\/vc_column_text][vc_column_text css_animation=&#8220;fadeIn&#8220;]Unsere hellen B\u00fcror\u00e4umlichkeiten in einer alten Strickwarenfabrik bieten uns nicht nur Platz f\u00fcr kreative Ideen, sondern verf\u00fcgen auch \u00fcber eine hausinterne Kleinserienfertigung mit einem umfangreichen Maschinenpark f\u00fcr die Entwicklung und Umsetzung von Prototypen bis hin zur Kleinserie. Wenn es f\u00fcr Ihre Einf\u00fchrung zu klein wird, k\u00f6nnen wir problemlos auf unser europ\u00e4isches Produktionsnetz zur\u00fcckgreifen.[\/vc_column_text][\/vc_column_inner][vc_column_inner width=&#8220;1\/3&#8243;][\/vc_column_inner][\/vc_row_inner][\/vc_column][\/vc_row][vc_row el_class=&#8220;section_large&#8220;][vc_column][vc_row_inner][vc_column_inner width=&#8220;2\/12&#8243;][\/vc_column_inner][vc_column_inner el_class=&#8220;center&#8220; width=&#8220;8\/12&#8243;][vc_column_text css_animation=&#8220;fadeIn&#8220;]<\/p>\n<h4>Die ideale Umgebung f\u00fcr Ihre Innovation<\/h4>\n<p>[\/vc_column_text][vc_column_text css_animation=&#8220;fadeIn&#8220;]<\/p>\n<h2>Ein Haus, ein Team, eine Vision!<\/h2>\n<p>[\/vc_column_text][vc_column_text css_animation=&#8220;fadeIn&#8220;]Die ideale Umgebung f\u00fcr interdisziplin\u00e4re Entwicklungsprojekte. Unsere hausinterne Kleinserienfertigung verf\u00fcgt \u00fcber einen umfangreichen Maschinenpark und erm\u00f6glicht uns, Prototypen und Kleinserien im Haus herzustellen. Die vielf\u00e4ltige Industrielandschaft Vorarlbergs und die N\u00e4he zur Schweiz und nach Deutschland erm\u00f6glichen Outsourcing zu FachexpertInnen auf kurzen Distanzen.[\/vc_column_text][vc_btn title=&#8220;Kontaktieren Sie uns!&#8220; style=&#8220;flat&#8220; shape=&#8220;square&#8220; color=&#8220;blue&#8220; css_animation=&#8220;fadeInUp&#8220; link=&#8220;url:https%3A%2F%2Fwww.texible.com%2Fcontact%2F|&#8220;][\/vc_column_inner][vc_column_inner width=&#8220;2\/12&#8243;][\/vc_column_inner][\/vc_row_inner][\/vc_column][\/vc_row][vc_row el_class=&#8220;section_large padbottom production&#8220;][vc_column][vc_row_inner gap=&#8220;30&#8243;][vc_column_inner el_class=&#8220;center&#8220; width=&#8220;1\/2&#8243;][vc_empty_space height=&#8220;60px&#8220; el_class=&#8220;rwdshow&#8220;][vc_single_image image=&#8220;788&#8243; img_size=&#8220;full&#8220; alignment=&#8220;center&#8220; css_animation=&#8220;fadeIn&#8220; css=&#8220;.vc_custom_1656925706291{margin-bottom: 30px !important;}&#8220;][vc_column_text css_animation=&#8220;fadeIn&#8220;]<\/p>\n<h3>Ma\u00dfgeschneiderte Faserplatzierung mittels TFP-Stickverfahren<\/h3>\n<p>[\/vc_column_text][vc_column_text css_animation=&#8220;fadeIn&#8220;]Das TFP-Stickverfahren (Tailored-Fiber-Placement) erm\u00f6glicht es, Faserstr\u00e4nge lastfallgerecht und damit in beliebig gekr\u00fcmmten Ablagepfaden und sehr kleinen Radien zu verlegen. Hauptanwendungsbereiche dieser Technologie sind GFK und CFK Bauteile sowie textile Heizelemente.[\/vc_column_text][\/vc_column_inner][vc_column_inner el_class=&#8220;center&#8220; width=&#8220;1\/2&#8243;][vc_empty_space height=&#8220;60px&#8220; el_class=&#8220;rwdshow&#8220;][vc_single_image image=&#8220;790&#8243; img_size=&#8220;full&#8220; alignment=&#8220;center&#8220; css_animation=&#8220;fadeIn&#8220; css=&#8220;.vc_custom_1656925726407{margin-bottom: 30px !important;}&#8220;][vc_column_text css_animation=&#8220;fadeIn&#8220;]<\/p>\n<h3>Stricktechnologie<\/h3>\n<p>[\/vc_column_text][vc_column_text css_animation=&#8220;fadeIn&#8220;]Durch den Einsatz maschineller Sticktechnologie k\u00f6nnen sowohl leitf\u00e4hige als auch nicht leitf\u00e4hige Garne in unterschiedlichsten Mustern und Reihenfolgen auf einem Tr\u00e4gertextil angebracht werden. Dies erm\u00f6glicht eine hohe Flexibilit\u00e4t in der Gestaltung und Anordnung der Garne. Motive k\u00f6nnen in gro\u00dfen St\u00fcckzahlen vollautomatisch gefertigt werden.[\/vc_column_text][\/vc_column_inner][\/vc_row_inner][vc_row_inner gap=&#8220;30&#8243; el_class=&#8220;section_mid&#8220;][vc_column_inner el_class=&#8220;center&#8220; width=&#8220;1\/2&#8243;][vc_single_image image=&#8220;792&#8243; img_size=&#8220;full&#8220; alignment=&#8220;center&#8220; css_animation=&#8220;fadeIn&#8220; css=&#8220;.vc_custom_1656925752722{margin-bottom: 30px !important;}&#8220;][vc_column_text css_animation=&#8220;fadeIn&#8220;]<\/p>\n<h3>Sticktechnologie<\/h3>\n<p>[\/vc_column_text][vc_column_text css_animation=&#8220;fadeIn&#8220;]Stricktechnologie erm\u00f6glicht es, textile Fl\u00e4chengebilde aus Maschen herzustellen. Gestricke sind aufgrund ihrer Maschenstruktur \u00e4u\u00dferst flexibel, dehnbar und vielseitig einsetzbar.[\/vc_column_text][\/vc_column_inner][vc_column_inner el_class=&#8220;center&#8220; width=&#8220;1\/2&#8243;][vc_empty_space height=&#8220;60px&#8220; el_class=&#8220;rwdshow&#8220;][vc_single_image image=&#8220;794&#8243; img_size=&#8220;full&#8220; alignment=&#8220;center&#8220; css_animation=&#8220;fadeIn&#8220; css=&#8220;.vc_custom_1656925779318{margin-bottom: 30px !important;}&#8220;][vc_column_text css_animation=&#8220;fadeIn&#8220;]<\/p>\n<h3>Textilveredelung<\/h3>\n<p>[\/vc_column_text][vc_column_text css_animation=&#8220;fadeIn&#8220;]Nicht nur ein bestimmter Bereich, sondern das gesamte Textil soll eine bestimmte Funktionalit\u00e4t aufweisen? Mit unseren PartnerInnen aus dem Bereich Textilveredelung k\u00f6nnen wir vollfl\u00e4chige Funktionsintegration auf Faserebene umsetzen. Das gesamte Textil wird beispielsweise wasserabweisend oder leitf\u00e4hig.[\/vc_column_text][\/vc_column_inner][\/vc_row_inner][vc_row_inner gap=&#8220;30&#8243; el_class=&#8220;section_mid&#8220;][vc_column_inner el_class=&#8220;center&#8220; width=&#8220;1\/2&#8243;][vc_single_image image=&#8220;796&#8243; img_size=&#8220;full&#8220; alignment=&#8220;center&#8220; css_animation=&#8220;fadeIn&#8220; css=&#8220;.vc_custom_1656925803478{margin-bottom: 30px !important;}&#8220;][vc_column_text css_animation=&#8220;fadeIn&#8220;]<\/p>\n<h3>Webereitechnologie<\/h3>\n<p>[\/vc_column_text][vc_column_text css_animation=&#8220;fadeIn&#8220;]Weberei macht es m\u00f6glich, kosteng\u00fcnstig gro\u00dfe, gewebte Sensorfl\u00e4chen herzustellen. So kann beispielsweise N\u00e4sseeintritt bei Flachd\u00e4chern durch eingewebte Smart Textiles Technologie kosteng\u00fcnstig und effektiv detektiert werden.[\/vc_column_text][\/vc_column_inner][vc_column_inner el_class=&#8220;center&#8220; width=&#8220;1\/2&#8243;][vc_empty_space height=&#8220;60px&#8220; el_class=&#8220;rwdshow&#8220;][vc_single_image image=&#8220;798&#8243; img_size=&#8220;full&#8220; alignment=&#8220;center&#8220; css_animation=&#8220;fadeIn&#8220; css=&#8220;.vc_custom_1656925822292{margin-bottom: 30px !important;}&#8220;][vc_column_text css_animation=&#8220;fadeIn&#8220;]<\/p>\n<h3>Siebdruck<\/h3>\n<p>[\/vc_column_text][vc_column_text css_animation=&#8220;fadeIn&#8220;]Mit dem Einsatz von Siebdruck k\u00f6nnen Sensoren punktgenau in vielen kleinen Motiven auf einem Textil angebracht werden, um m\u00f6glichst genaue Ergebnisse zu erzielen. Dies erm\u00f6glicht uns, bereits im Laborma\u00dfstab unterschiedlichste Substrate (Kleber, leitf\u00e4hige Substrate) auf einem textilen Tr\u00e4gerstoff effizient aufzutragen.[\/vc_column_text][\/vc_column_inner][\/vc_row_inner][vc_row_inner gap=&#8220;30&#8243; el_class=&#8220;section_mid&#8220;][vc_column_inner el_class=&#8220;center&#8220; width=&#8220;1\/2&#8243;][vc_single_image image=&#8220;800&#8243; img_size=&#8220;full&#8220; alignment=&#8220;center&#8220; css_animation=&#8220;fadeIn&#8220; css=&#8220;.vc_custom_1656925841442{margin-bottom: 30px !important;}&#8220;][vc_column_text css_animation=&#8220;fadeIn&#8220;]<\/p>\n<h3>Laserschneiden<\/h3>\n<p>[\/vc_column_text][vc_column_text css_animation=&#8220;fadeIn&#8220;]Unser Vision-Laserschneider erm\u00f6glicht uns Konturerkennung sowie die Ausrichtung nach Passmarkern, selbst kleinster Verzug wird erkannt. So k\u00f6nnen selbst gro\u00dfe St\u00fcckzahlen bei uns im Haus unkompliziert gefertigt werden.[\/vc_column_text][\/vc_column_inner][vc_column_inner el_class=&#8220;center&#8220; width=&#8220;1\/2&#8243;][vc_empty_space height=&#8220;60px&#8220; el_class=&#8220;rwdshow&#8220;][vc_single_image image=&#8220;802&#8243; img_size=&#8220;full&#8220; alignment=&#8220;center&#8220; css_animation=&#8220;fadeIn&#8220; css=&#8220;.vc_custom_1656925853803{margin-bottom: 30px !important;}&#8220;][vc_column_text css_animation=&#8220;fadeIn&#8220;]<\/p>\n<h3>Assemblierung und Konfektion<\/h3>\n<p>[\/vc_column_text][vc_column_text css_animation=&#8220;fadeIn&#8220;]Wir \u00fcbernehmen f\u00fcr Sie die fertige Assemblierung Ihrer Elektronikkomponente und sorgen f\u00fcr perfekte Schnittstellen. Au\u00dferdem k\u00fcmmern wir uns um die professionelle Konfektion des Textils und vereinen Funktionalit\u00e4t und Design zu einem einzigartigen Produkt, ganz nach Ihren Vorstellungen.[\/vc_column_text][\/vc_column_inner][\/vc_row_inner][vc_row_inner gap=&#8220;30&#8243; el_class=&#8220;section_mid&#8220;][vc_column_inner width=&#8220;3\/12&#8243;][\/vc_column_inner][vc_column_inner el_class=&#8220;center&#8220; width=&#8220;6\/12&#8243;][vc_single_image image=&#8220;804&#8243; img_size=&#8220;full&#8220; alignment=&#8220;center&#8220; css_animation=&#8220;fadeIn&#8220; css=&#8220;.vc_custom_1656925870946{margin-bottom: 30px !important;}&#8220;][vc_column_text css_animation=&#8220;fadeIn&#8220;]<\/p>\n<h3>Qualit\u00e4tssicherung und Tests<\/h3>\n<p>[\/vc_column_text][vc_column_text css_animation=&#8220;fadeIn&#8220;]Qualit\u00e4t bedeutet f\u00fcr uns, ein funktionst\u00fcchtiges, erprobtes Produkt auszuliefern, welches sofort eingesetzt werden kann. Prototypen und Kleinserien werden bei uns einer 100 % Pr\u00fcfung unterzogen und die Ergebnisse dokumentiert. Stichprobentestungen und standardisierte Testverfahren mittels Testroboter und Pr\u00fcfst\u00e4nden garantieren Materialsicherheit und Funktionalit\u00e4t.[\/vc_column_text][\/vc_column_inner][vc_column_inner width=&#8220;3\/12&#8243;][\/vc_column_inner][\/vc_row_inner][\/vc_column][\/vc_row][vc_row full_width=&#8220;stretch_row_content_no_spaces&#8220;][vc_column][vc_row_inner content_placement=&#8220;middle&#8220; gap=&#8220;30&#8243;][vc_column_inner el_class=&#8220;rwdhide rwdhidenew&#8220; width=&#8220;1\/3&#8243;][vc_single_image image=&#8220;1016&#8243; img_size=&#8220;full&#8220; css_animation=&#8220;fadeIn&#8220;][\/vc_column_inner][vc_column_inner width=&#8220;1\/3&#8243;][vc_single_image image=&#8220;1017&#8243; img_size=&#8220;full&#8220; css_animation=&#8220;fadeIn&#8220;][\/vc_column_inner][vc_column_inner el_class=&#8220;rwdhide rwdhidenew&#8220; width=&#8220;1\/3&#8243;][vc_single_image image=&#8220;1018&#8243; img_size=&#8220;full&#8220; css_animation=&#8220;fadeIn&#8220;][\/vc_column_inner][\/vc_row_inner][\/vc_column][\/vc_row][vc_row full_width=&#8220;stretch_row&#8220; el_class=&#8220;section_large padbottom&#8220;][vc_column][vc_row_inner content_placement=&#8220;bottom&#8220;][vc_column_inner width=&#8220;7\/12&#8243;][vc_column_text css_animation=&#8220;fadeIn&#8220;]<\/p>\n<h4>Projekte<\/h4>\n<p>[\/vc_column_text][vc_column_text css_animation=&#8220;fadeIn&#8220;]<\/p>\n<h2>Den Einsatzm\u00f6glichkeiten von Smart Textiles sind keine Grenzen gesetzt!<\/h2>\n<p>[\/vc_column_text][vc_column_text css_animation=&#8220;fadeIn&#8220; el_class=&#8220;nomargin&#8220;]Gemeinsam unentdeckte Potenziale erkennen! In enger Zusammenarbeit mit unseren KundInnen entwickeln wir zukunftsweisende L\u00f6sungen.[\/vc_column_text][\/vc_column_inner][vc_column_inner el_class=&#8220;right&#8220; width=&#8220;5\/12&#8243;][vc_btn title=&#8220;Projekte&#8220; style=&#8220;flat&#8220; shape=&#8220;square&#8220; css_animation=&#8220;fadeInUp&#8220; link=&#8220;url:https%3A%2F%2Fwww.texible.com%2Fde%2Fprojects%2F&#8220;][\/vc_column_inner][\/vc_row_inner][vc_row_inner css=&#8220;.vc_custom_1651656716599{margin-top: 40px !important;}&#8220;][vc_column_inner width=&#8220;1\/3&#8243;][vc_single_image image=&#8220;729&#8243; img_size=&#8220;full&#8220; css_animation=&#8220;fadeIn&#8220;][vc_column_text css_animation=&#8220;fadeIn&#8220; css=&#8220;.vc_custom_1651655670439{margin-top: 16px !important;}&#8220;]<\/p>\n<h3>Equusir<\/h3>\n<p>[\/vc_column_text][\/vc_column_inner][vc_column_inner width=&#8220;1\/3&#8243;][vc_single_image image=&#8220;731&#8243; img_size=&#8220;full&#8220; css_animation=&#8220;fadeIn&#8220;][vc_column_text css_animation=&#8220;fadeIn&#8220; css=&#8220;.vc_custom_1651655673625{margin-top: 16px !important;}&#8220;]<\/p>\n<h3>Adresys<\/h3>\n<p>[\/vc_column_text][\/vc_column_inner][vc_column_inner width=&#8220;1\/3&#8243;][vc_single_image image=&#8220;733&#8243; img_size=&#8220;full&#8220; css_animation=&#8220;fadeIn&#8220;][vc_column_text css_animation=&#8220;fadeIn&#8220; css=&#8220;.vc_custom_1651655681221{margin-top: 16px !important;}&#8220;]<\/p>\n<h3>Waibro Sports<\/h3>\n<p>[\/vc_column_text][\/vc_column_inner][\/vc_row_inner][\/vc_column][\/vc_row][vc_row full_width=&#8220;stretch_row&#8220; el_class=&#8220;ctabottom&#8220;][vc_column][vc_row_inner equal_height=&#8220;yes&#8220; content_placement=&#8220;middle&#8220;][vc_column_inner width=&#8220;7\/12&#8243;][vc_column_text css_animation=&#8220;fadeIn&#8220; el_class=&#8220;title&#8220;]Haben wir Sie neugierig gemacht?[\/vc_column_text][vc_column_text css_animation=&#8220;fadeIn&#8220;]Sie suchen nach einer neuen L\u00f6sung f\u00fcr ein bestehendes Produkt oder arbeiten an einer innovativen Idee? Hier sind sie richtig! Jetzt Smart Textiles Expertise anheuern![\/vc_column_text][vc_btn title=&#8220;Kontaktieren Sie uns!&#8220; style=&#8220;flat&#8220; shape=&#8220;square&#8220; color=&#8220;white&#8220; css_animation=&#8220;fadeInUp&#8220; link=&#8220;url:https%3A%2F%2Fwww.texible.com%2Fde%2Fkontakt%2F&#8220;][\/vc_column_inner][vc_column_inner el_class=&#8220;right&#8220; width=&#8220;5\/12&#8243;][\/vc_column_inner][\/vc_row_inner][vc_separator color=&#8220;white&#8220; css=&#8220;.vc_custom_1651676816861{margin-top: 60px !important;}&#8220;][\/vc_column][\/vc_row]<\/p>\n","protected":false},"excerpt":{"rendered":"<p>[vc_row full_width=&#8220;stretch_row&#8220; content_placement=&#8220;middle&#8220; el_class=&#8220;pagekey-dark&#8220;][vc_column][vc_row_inner][vc_column_inner width=&#8220;2\/3&#8243;][vc_column_text css_animation=&#8220;fadeIn&#8220;] Infrastruktur \/ Produktionsm\u00f6glichkeiten [\/vc_column_text][vc_column_text css_animation=&#8220;fadeIn&#8220;] St\u00e4rkung Europas als Wirtschaftsstandort mit wirtschaftlicher und nachhaltiger Produktion. [\/vc_column_text][vc_column_text css_animation=&#8220;fadeIn&#8220;]Unsere hellen B\u00fcror\u00e4umlichkeiten in einer alten Strickwarenfabrik bieten uns nicht nur Platz f\u00fcr kreative Ideen, sondern verf\u00fcgen auch \u00fcber eine hausinterne Kleinserienfertigung mit einem umfangreichen Maschinenpark f\u00fcr die Entwicklung und Umsetzung von Prototypen bis [&hellip;]<\/p>\n","protected":false},"author":2,"featured_media":0,"parent":0,"menu_order":4,"comment_status":"closed","ping_status":"closed","template":"","meta":{"footnotes":""},"class_list":["post-828","page","type-page","status-publish","hentry"],"yoast_head":"<!-- This site is optimized with the Yoast SEO plugin v20.0 - https:\/\/yoast.com\/wordpress\/plugins\/seo\/ -->\n<title>Produktion - TEXIBLE<\/title>\n<meta name=\"description\" content=\"Produktion von Prototypen und industrielle Fertigung. Bei Texible unterst\u00fctzen wir Sie vom Prototyp bis zur Serienproduktion.\" \/>\n<meta name=\"robots\" content=\"index, follow, max-snippet:-1, max-image-preview:large, max-video-preview:-1\" \/>\n<link rel=\"canonical\" href=\"https:\/\/www.texible.com\/de\/produktion\/\" \/>\n<meta property=\"og:locale\" content=\"de_DE\" \/>\n<meta property=\"og:type\" content=\"article\" \/>\n<meta property=\"og:title\" content=\"Produktion - TEXIBLE\" \/>\n<meta property=\"og:description\" content=\"Produktion von Prototypen und industrielle Fertigung. Bei Texible unterst\u00fctzen wir Sie vom Prototyp bis zur Serienproduktion.\" \/>\n<meta property=\"og:url\" content=\"https:\/\/www.texible.com\/de\/produktion\/\" \/>\n<meta property=\"og:site_name\" content=\"TEXIBLE\" \/>\n<meta property=\"article:modified_time\" content=\"2022-12-22T20:36:44+00:00\" \/>\n<meta name=\"twitter:card\" content=\"summary_large_image\" \/>\n<meta name=\"twitter:label1\" content=\"Gesch\u00e4tzte Lesezeit\" \/>\n\t<meta name=\"twitter:data1\" content=\"5\u00a0Minuten\" \/>\n<script type=\"application\/ld+json\" class=\"yoast-schema-graph\">{\"@context\":\"https:\/\/schema.org\",\"@graph\":[{\"@type\":\"WebPage\",\"@id\":\"https:\/\/www.texible.com\/de\/produktion\/\",\"url\":\"https:\/\/www.texible.com\/de\/produktion\/\",\"name\":\"Produktion - TEXIBLE\",\"isPartOf\":{\"@id\":\"https:\/\/www.texible.com\/#website\"},\"datePublished\":\"2022-05-04T12:18:53+00:00\",\"dateModified\":\"2022-12-22T20:36:44+00:00\",\"description\":\"Produktion von Prototypen und industrielle Fertigung. Bei Texible unterst\u00fctzen wir Sie vom Prototyp bis zur Serienproduktion.\",\"breadcrumb\":{\"@id\":\"https:\/\/www.texible.com\/de\/produktion\/#breadcrumb\"},\"inLanguage\":\"de\",\"potentialAction\":[{\"@type\":\"ReadAction\",\"target\":[\"https:\/\/www.texible.com\/de\/produktion\/\"]}]},{\"@type\":\"BreadcrumbList\",\"@id\":\"https:\/\/www.texible.com\/de\/produktion\/#breadcrumb\",\"itemListElement\":[{\"@type\":\"ListItem\",\"position\":1,\"name\":\"Home\",\"item\":\"https:\/\/www.texible.com\/de\/\"},{\"@type\":\"ListItem\",\"position\":2,\"name\":\"Produktion\"}]},{\"@type\":\"WebSite\",\"@id\":\"https:\/\/www.texible.com\/#website\",\"url\":\"https:\/\/www.texible.com\/\",\"name\":\"TEXIBLE\",\"description\":\"Realize your next innovation, using smart textiles\",\"publisher\":{\"@id\":\"https:\/\/www.texible.com\/#organization\"},\"potentialAction\":[{\"@type\":\"SearchAction\",\"target\":{\"@type\":\"EntryPoint\",\"urlTemplate\":\"https:\/\/www.texible.com\/?s={search_term_string}\"},\"query-input\":\"required name=search_term_string\"}],\"inLanguage\":\"de\"},{\"@type\":\"Organization\",\"@id\":\"https:\/\/www.texible.com\/#organization\",\"name\":\"TEXIBLE\",\"url\":\"https:\/\/www.texible.com\/\",\"logo\":{\"@type\":\"ImageObject\",\"inLanguage\":\"de\",\"@id\":\"https:\/\/www.texible.com\/#\/schema\/logo\/image\/\",\"url\":\"https:\/\/www.texible.com\/wp-content\/uploads\/2022\/06\/TEXIBLE-Brand1x.png\",\"contentUrl\":\"https:\/\/www.texible.com\/wp-content\/uploads\/2022\/06\/TEXIBLE-Brand1x.png\",\"width\":150,\"height\":20,\"caption\":\"TEXIBLE\"},\"image\":{\"@id\":\"https:\/\/www.texible.com\/#\/schema\/logo\/image\/\"}}]}<\/script>\n<!-- \/ Yoast SEO plugin. -->","yoast_head_json":{"title":"Produktion - TEXIBLE","description":"Produktion von Prototypen und industrielle Fertigung. Bei Texible unterst\u00fctzen wir Sie vom Prototyp bis zur Serienproduktion.","robots":{"index":"index","follow":"follow","max-snippet":"max-snippet:-1","max-image-preview":"max-image-preview:large","max-video-preview":"max-video-preview:-1"},"canonical":"https:\/\/www.texible.com\/de\/produktion\/","og_locale":"de_DE","og_type":"article","og_title":"Produktion - TEXIBLE","og_description":"Produktion von Prototypen und industrielle Fertigung. Bei Texible unterst\u00fctzen wir Sie vom Prototyp bis zur Serienproduktion.","og_url":"https:\/\/www.texible.com\/de\/produktion\/","og_site_name":"TEXIBLE","article_modified_time":"2022-12-22T20:36:44+00:00","twitter_card":"summary_large_image","twitter_misc":{"Gesch\u00e4tzte Lesezeit":"5\u00a0Minuten"},"schema":{"@context":"https:\/\/schema.org","@graph":[{"@type":"WebPage","@id":"https:\/\/www.texible.com\/de\/produktion\/","url":"https:\/\/www.texible.com\/de\/produktion\/","name":"Produktion - TEXIBLE","isPartOf":{"@id":"https:\/\/www.texible.com\/#website"},"datePublished":"2022-05-04T12:18:53+00:00","dateModified":"2022-12-22T20:36:44+00:00","description":"Produktion von Prototypen und industrielle Fertigung. Bei Texible unterst\u00fctzen wir Sie vom Prototyp bis zur Serienproduktion.","breadcrumb":{"@id":"https:\/\/www.texible.com\/de\/produktion\/#breadcrumb"},"inLanguage":"de","potentialAction":[{"@type":"ReadAction","target":["https:\/\/www.texible.com\/de\/produktion\/"]}]},{"@type":"BreadcrumbList","@id":"https:\/\/www.texible.com\/de\/produktion\/#breadcrumb","itemListElement":[{"@type":"ListItem","position":1,"name":"Home","item":"https:\/\/www.texible.com\/de\/"},{"@type":"ListItem","position":2,"name":"Produktion"}]},{"@type":"WebSite","@id":"https:\/\/www.texible.com\/#website","url":"https:\/\/www.texible.com\/","name":"TEXIBLE","description":"Realize your next innovation, using smart textiles","publisher":{"@id":"https:\/\/www.texible.com\/#organization"},"potentialAction":[{"@type":"SearchAction","target":{"@type":"EntryPoint","urlTemplate":"https:\/\/www.texible.com\/?s={search_term_string}"},"query-input":"required name=search_term_string"}],"inLanguage":"de"},{"@type":"Organization","@id":"https:\/\/www.texible.com\/#organization","name":"TEXIBLE","url":"https:\/\/www.texible.com\/","logo":{"@type":"ImageObject","inLanguage":"de","@id":"https:\/\/www.texible.com\/#\/schema\/logo\/image\/","url":"https:\/\/www.texible.com\/wp-content\/uploads\/2022\/06\/TEXIBLE-Brand1x.png","contentUrl":"https:\/\/www.texible.com\/wp-content\/uploads\/2022\/06\/TEXIBLE-Brand1x.png","width":150,"height":20,"caption":"TEXIBLE"},"image":{"@id":"https:\/\/www.texible.com\/#\/schema\/logo\/image\/"}}]}},"_links":{"self":[{"href":"https:\/\/www.texible.com\/de\/wp-json\/wp\/v2\/pages\/828","targetHints":{"allow":["GET"]}}],"collection":[{"href":"https:\/\/www.texible.com\/de\/wp-json\/wp\/v2\/pages"}],"about":[{"href":"https:\/\/www.texible.com\/de\/wp-json\/wp\/v2\/types\/page"}],"author":[{"embeddable":true,"href":"https:\/\/www.texible.com\/de\/wp-json\/wp\/v2\/users\/2"}],"replies":[{"embeddable":true,"href":"https:\/\/www.texible.com\/de\/wp-json\/wp\/v2\/comments?post=828"}],"version-history":[{"count":11,"href":"https:\/\/www.texible.com\/de\/wp-json\/wp\/v2\/pages\/828\/revisions"}],"predecessor-version":[{"id":1188,"href":"https:\/\/www.texible.com\/de\/wp-json\/wp\/v2\/pages\/828\/revisions\/1188"}],"wp:attachment":[{"href":"https:\/\/www.texible.com\/de\/wp-json\/wp\/v2\/media?parent=828"}],"curies":[{"name":"wp","href":"https:\/\/api.w.org\/{rel}","templated":true}]}}