{"id":838,"date":"2022-05-03T18:38:48","date_gmt":"2022-05-03T16:38:48","guid":{"rendered":"https:\/\/www.texible.com\/projekte\/"},"modified":"2024-10-16T13:41:23","modified_gmt":"2024-10-16T11:41:23","slug":"projekte","status":"publish","type":"page","link":"https:\/\/www.texible.com\/de\/projekte\/","title":{"rendered":"Projekte"},"content":{"rendered":"<p>[vc_row full_width=&#8220;stretch_row&#8220; content_placement=&#8220;middle&#8220; el_class=&#8220;pagekey-dark&#8220;][vc_column][vc_row_inner][vc_column_inner width=&#8220;9\/12&#8243;][vc_column_text css_animation=&#8220;fadeIn&#8220;]<\/p>\n<h4>Projekte<\/h4>\n<p>[\/vc_column_text][vc_column_text css_animation=&#8220;fadeIn&#8220;]<\/p>\n<h1>In enger Zusammenarbeit mit unseren KundInnen entwickeln wir zukunftsweisende L\u00f6sungen.<\/h1>\n<p>[\/vc_column_text][vc_column_text css_animation=&#8220;fadeIn&#8220;]Texible kann auf eine Vielzahl abgeschlossener und laufender Projekte in den unterschiedlichsten Anwendungsbereichen zur\u00fcckblicken. Unabh\u00e4ngig davon, wo Ihre Expertise und Ihre Interessen liegen, finden Sie gemeinsam mit uns Ihre Smart Textiles L\u00f6sung![\/vc_column_text][\/vc_column_inner][vc_column_inner width=&#8220;3\/12&#8243;][\/vc_column_inner][\/vc_row_inner][\/vc_column][\/vc_row][vc_row content_placement=&#8220;middle&#8220; el_class=&#8220;blanc project&#8220; css=&#8220;.vc_custom_1651673807293{margin-top: 120px !important;}&#8220;][vc_column width=&#8220;5\/12&#8243; el_class=&#8220;project_image&#8220;][vc_single_image image=&#8220;841&#8243; img_size=&#8220;full&#8220;][\/vc_column][vc_column width=&#8220;7\/12&#8243;][vc_row_inner][vc_column_inner el_class=&#8220;project_text&#8220;][vc_column_text css_animation=&#8220;fadeIn&#8220;]<\/p>\n<h4>Adresys<\/h4>\n<p>[\/vc_column_text][vc_column_text css_animation=&#8220;fadeIn&#8220;]<\/p>\n<h2>Ein Shirt das Leben rettet &#8211; ANGEL, eine Innovation in der Arbeitssicherheit<\/h2>\n<p>[\/vc_column_text][vc_column_text css_animation=&#8220;fadeIn&#8220;]ANGEL &#8211; wo intelligente Elektronik und komfortable Textilien harmonieren.<br \/>  ANGEL ist die intelligente Arbeitskleidung f\u00fcr elektrische Notf\u00e4lle. Die Elektronik erkennt \u00fcber integrierte Elektroden einen Elektrounfall oder einen Sturz und kann automatisiert die individuelle Rettungskette aktivieren. Zus\u00e4tzlich kann der manuelle Alarm f\u00fcr weitere Notfallsituationen gestartet werden. Bei Arbeiten mit erh\u00f6hter Gef\u00e4hrdung kann der Task Timer aktiviert werden, um rasche Hilfe sicherzustellen.[\/vc_column_text][vc_column_text css_animation=&#8220;fadeIn&#8220; el_class=&#8220;link&#8220;]<a href=\"https:\/\/www.adresys.com\/en\/angel\/\" target=\"_blank\" rel=\"noopener\">Besuchen Sie die Adresys Website<\/a>[\/vc_column_text][\/vc_column_inner][\/vc_row_inner][\/vc_column][\/vc_row][vc_row content_placement=&#8220;middle&#8220; el_class=&#8220;blanc project flexrev&#8220;][vc_column width=&#8220;7\/12&#8243;][vc_row_inner][vc_column_inner el_class=&#8220;project_text&#8220;][vc_column_text css_animation=&#8220;fadeIn&#8220;]<\/p>\n<h4>StAPPone<\/h4>\n<p>[\/vc_column_text][vc_column_text css_animation=&#8220;fadeIn&#8220;]<\/p>\n<h2>Fu\u00dfdrucksensorik auf h\u00f6chstem Niveau.<\/h2>\n<p>[\/vc_column_text][vc_column_text css_animation=&#8220;fadeIn&#8220;]Stapp one verwendet ein v\u00f6llig neuartiges System von Textildrucksensoren. Aufgrund der hohen mechanischen Beanspruchung und der st\u00e4ndigen Lastwechsel am Fu\u00df sind herk\u00f6mmliche Drucksensoren nur bedingt langfristig einsatzf\u00e4hig. Vollfl\u00e4chig, textile Drucksensorik im Inneren der Sensorsohle weist eine 50 Mal l\u00e4ngere Haltbarkeit gegen\u00fcber standardm\u00e4\u00dfig verwendeten Foliendrucksensoren auf. Diese Technologie ist f\u00fcr den t\u00e4glichen Einsatz konzipiert und liefert dauerhaft valide Daten.[\/vc_column_text][vc_column_text css_animation=&#8220;fadeIn&#8220; el_class=&#8220;link&#8220;]<a href=\"https:\/\/www.stappone.com\/en\/product\/\" target=\"_blank\" rel=\"noopener\">Besuchen Sie die StAPPone Website<\/a>[\/vc_column_text][\/vc_column_inner][\/vc_row_inner][\/vc_column][vc_column width=&#8220;5\/12&#8243; el_class=&#8220;project_image&#8220;][vc_single_image image=&#8220;839&#8243; img_size=&#8220;full&#8220;][\/vc_column][\/vc_row][vc_row content_placement=&#8220;middle&#8220; el_class=&#8220;blanc project&#8220;][vc_column width=&#8220;5\/12&#8243; el_class=&#8220;project_image&#8220;][vc_single_image image=&#8220;1019&#8243; img_size=&#8220;full&#8220;][\/vc_column][vc_column width=&#8220;7\/12&#8243;][vc_row_inner][vc_column_inner el_class=&#8220;project_text&#8220;][vc_column_text css_animation=&#8220;fadeIn&#8220;]<\/p>\n<h4>WaibroSports<\/h4>\n<p>[\/vc_column_text][vc_column_text css_animation=&#8220;fadeIn&#8220;]<\/p>\n<h2>Unabh\u00e4ngig Sport aus\u00fcben, trotz beeintr\u00e4chtigter Sehf\u00e4higkeit!<\/h2>\n<p>[\/vc_column_text][vc_column_text css_animation=&#8220;fadeIn&#8220;]WAIBROsports entwickelt einen Gurt, der blinden und sehbehinderten SportlerInnen eine unabh\u00e4ngige Nutzung von Sportlaufbahnen erm\u00f6glichen soll. In weiterer Folge sollen auch andere Sportarten folgen, um eine Aus\u00fcbung ohne BegleitsportlerInnen zu erm\u00f6glichen.[\/vc_column_text][vc_column_text css_animation=&#8220;fadeIn&#8220; el_class=&#8220;link&#8220;]<a href=\"https:\/\/www.waibrosports.com\/\" target=\"_blank\" rel=\"noopener\">Besuchen Sie die WAIBROsports Website<\/a>[\/vc_column_text][\/vc_column_inner][\/vc_row_inner][\/vc_column][\/vc_row][vc_row content_placement=&#8220;middle&#8220; el_class=&#8220;blanc project flexrev&#8220;][vc_column width=&#8220;7\/12&#8243;][vc_row_inner][vc_column_inner el_class=&#8220;project_text&#8220;][vc_column_text css_animation=&#8220;fadeIn&#8220;]<\/p>\n<h4>Equusir<\/h4>\n<p>[\/vc_column_text][vc_column_text css_animation=&#8220;fadeIn&#8220;]<\/p>\n<h2>BALANCE DURCH GEZIELTE IMPULSE<\/h2>\n<p>[\/vc_column_text][vc_column_text css_animation=&#8220;fadeIn&#8220;]Das Gleichgewicht im K\u00f6rper des Pferdes wird durch ein komplexes System an Vitalfunktionen bestimmt: Atmung, Herzschlag, Muskeltonus spielen je nach Leistungsanforderung zusammen. Die EQUUSIR BIOS-DECKE stimuliert die Steuerung der Vitalfunktionen. Elektrischen Impulse werden u\u0308ber ein Gleichstromsystem von einem Signalgeber in hochdichte, geometrisch exakte und unver\u00e4nderliche Spulen (= Sender) geleitet.[\/vc_column_text][vc_column_text css_animation=&#8220;fadeIn&#8220; el_class=&#8220;link&#8220;]<a href=\"https:\/\/equusir.com\/en\/\" target=\"_blank\" rel=\"noopener\">Besuchen Sie die EQUUSIR Website<\/a>[\/vc_column_text][\/vc_column_inner][\/vc_row_inner][\/vc_column][vc_column width=&#8220;5\/12&#8243; el_class=&#8220;project_image&#8220;][vc_single_image image=&#8220;729&#8243; img_size=&#8220;full&#8220;][\/vc_column][\/vc_row][vc_row content_placement=&#8220;middle&#8220; el_class=&#8220;blanc project&#8220;][vc_column width=&#8220;5\/12&#8243; el_class=&#8220;project_image&#8220;][vc_single_image image=&#8220;1021&#8243; img_size=&#8220;full&#8220;][\/vc_column][vc_column width=&#8220;7\/12&#8243;][vc_row_inner][vc_column_inner el_class=&#8220;project_text&#8220;][vc_column_text css_animation=&#8220;fadeIn&#8220;]<\/p>\n<h4>Texible Wisbi<\/h4>\n<p>[\/vc_column_text][vc_column_text css_animation=&#8220;fadeIn&#8220;]<\/p>\n<h2>Intelligente Pflegeunterst\u00fctzung f\u00fcr die Pflege zu Hause und im Pflegeheim!<\/h2>\n<p>[\/vc_column_text][vc_column_text css_animation=&#8220;fadeIn&#8220;]F\u00fcr eine gezielte Pflege \u2212 eine Pflege mit Fokus \u2013 hat Texible das intelligente Sensortextil in Form einer Betteinlage TEXIBLE Wisbi entwickelt. TEXIBLE Wisbi ist ein innovatives Sensortextil, das sich durch die selbstst\u00e4ndige Alarmierung beim Erkennen von N\u00e4sse, K\u00f6rperfl\u00fcssigkeiten und dem Verlassen des Bettes auszeichnet. Texible Wisbi ist eine Eigenmarke der Texible GmbH.[\/vc_column_text][vc_column_text css_animation=&#8220;fadeIn&#8220; el_class=&#8220;link&#8220; css=&#8220;.vc_custom_1671791173305{margin-bottom: 0px !important;padding-bottom: 0px !important;}&#8220;]<a href=\"https:\/\/www.texible.com\/wp-content\/uploads\/2022\/06\/TEXIBLE-Wisbi-HOME_ENG_brochure.pdf\" target=\"_blank\" rel=\"noopener\">Download Texible Wisbi Home Brosch\u00fcre (eng)<\/a> |<a href=\"https:\/\/www.texible.com\/wp-content\/uploads\/2022\/11\/TEXIBLE-Wisbi-HOME_Broschure.pdf\" target=\"_blank\" rel=\"noopener\">(ger<\/a>)[\/vc_column_text][vc_column_text css_animation=&#8220;fadeIn&#8220; el_class=&#8220;link&#8220; css=&#8220;.vc_custom_1671791154471{margin-top: 0px !important;padding-top: 0px !important;}&#8220;]<a href=\"https:\/\/www.texible.com\/wp-content\/uploads\/2022\/06\/TEXIBLE-Wisbi-PLUS_EN_Brochure.pdf\" target=\"_blank\" rel=\"noopener\">Download Texible Wisbi Plus Brosch\u00fcre (eng)<\/a> |<a href=\"https:\/\/www.texible.com\/wp-content\/uploads\/2022\/11\/Pflege-mit-Fokus_Texible-Wisbi-Plus_Brochure.pdf\" target=\"_blank\" rel=\"noopener\">(ger<\/a>)[\/vc_column_text][\/vc_column_inner][\/vc_row_inner][\/vc_column][\/vc_row][vc_row content_placement=&#8220;middle&#8220; el_class=&#8220;blanc project flexrev&#8220; css=&#8220;.vc_custom_1652799890645{margin-bottom: 120px !important;}&#8220;][vc_column width=&#8220;7\/12&#8243;][vc_row_inner][vc_column_inner el_class=&#8220;project_text&#8220;][vc_column_text css_animation=&#8220;fadeIn&#8220;]<\/p>\n<h4>Interreg Bayern-\u00d6sterreich<\/h4>\n<p>[\/vc_column_text][vc_column_text css_animation=&#8220;fadeIn&#8220;]<\/p>\n<h2>L\u00e4nder\u00fcbergreifendes Forschungsprojekt Smart Care Assist<\/h2>\n<p>[\/vc_column_text][vc_column_text css_animation=&#8220;fadeIn&#8220;]Texible legt gro\u00dfen Wert auf die Verkn\u00fcpfung von Wissenschaft und Praxis und beteiligt sich daher aktiv an ausgew\u00e4hlten Forschungsprojekten. Derzeit sind wir Partner im Interreg-Projekt &#8222;Smart Care Assist&#8220;, in dem untersucht wird, wie intelligente Textilien in Pflegebetten das Pflegepersonal entlasten und gleichzeitig die optimale Versorgung der Patienten unterst\u00fctzen k\u00f6nnen. <\/p>\n<p><a href=\"https:\/\/www.texible.com\/wp-content\/uploads\/2024\/10\/Interreg_Kommunikationsmittel_A3_Plakat_Quer.pdf\">Download Interreg Bayern-\u00d6sterreich Smart Care Assist<\/a>[\/vc_column_text][\/vc_column_inner][\/vc_row_inner][\/vc_column][vc_column width=&#8220;5\/12&#8243; el_class=&#8220;project_image&#8220;][vc_single_image image=&#8220;1212&#8243; img_size=&#8220;full&#8220;][\/vc_column][\/vc_row][vc_row full_width=&#8220;stretch_row&#8220; el_class=&#8220;ctabottom&#8220;][vc_column][vc_row_inner equal_height=&#8220;yes&#8220; content_placement=&#8220;middle&#8220;][vc_column_inner width=&#8220;7\/12&#8243;][vc_column_text css_animation=&#8220;fadeIn&#8220; el_class=&#8220;title&#8220;]Haben wir Sie neugierig gemacht?[\/vc_column_text][vc_column_text css_animation=&#8220;fadeIn&#8220;]Wenn Sie nach einer neuen L\u00f6sung f\u00fcr ein bestehendes Produkt suchen oder an einer innovativen Idee feilen, sind Sie bei uns genau richtig! Jetzt Smart Textiles Expertise anheuern![\/vc_column_text][vc_btn title=&#8220;Kontaktieren Sie uns!&#8220; style=&#8220;flat&#8220; shape=&#8220;square&#8220; color=&#8220;white&#8220; css_animation=&#8220;fadeInUp&#8220; link=&#8220;url:https%3A%2F%2Fwww.texible.com%2Fde%2Fkontakt%2F|&#8220;][\/vc_column_inner][vc_column_inner el_class=&#8220;right&#8220; width=&#8220;5\/12&#8243;][\/vc_column_inner][\/vc_row_inner][vc_separator color=&#8220;white&#8220; css=&#8220;.vc_custom_1651676816861{margin-top: 60px !important;}&#8220;][\/vc_column][\/vc_row]<\/p>\n","protected":false},"excerpt":{"rendered":"<p>[vc_row full_width=&#8220;stretch_row&#8220; content_placement=&#8220;middle&#8220; el_class=&#8220;pagekey-dark&#8220;][vc_column][vc_row_inner][vc_column_inner width=&#8220;9\/12&#8243;][vc_column_text css_animation=&#8220;fadeIn&#8220;] Projekte [\/vc_column_text][vc_column_text css_animation=&#8220;fadeIn&#8220;] In enger Zusammenarbeit mit unseren KundInnen entwickeln wir zukunftsweisende L\u00f6sungen. [\/vc_column_text][vc_column_text css_animation=&#8220;fadeIn&#8220;]Texible kann auf eine Vielzahl abgeschlossener und laufender Projekte in den unterschiedlichsten Anwendungsbereichen zur\u00fcckblicken. Unabh\u00e4ngig davon, wo Ihre Expertise und Ihre Interessen liegen, finden Sie gemeinsam mit uns Ihre Smart Textiles L\u00f6sung![\/vc_column_text][\/vc_column_inner][vc_column_inner width=&#8220;3\/12&#8243;][\/vc_column_inner][\/vc_row_inner][\/vc_column][\/vc_row][vc_row content_placement=&#8220;middle&#8220; el_class=&#8220;blanc [&hellip;]<\/p>\n","protected":false},"author":2,"featured_media":0,"parent":0,"menu_order":4,"comment_status":"closed","ping_status":"closed","template":"","meta":{"footnotes":""},"class_list":["post-838","page","type-page","status-publish","hentry"],"yoast_head":"<!-- This site is optimized with the Yoast SEO plugin v20.0 - https:\/\/yoast.com\/wordpress\/plugins\/seo\/ -->\n<title>Projekte - TEXIBLE<\/title>\n<meta name=\"description\" content=\"In enger Zusammenarbeit mit unseren KundInnen entwickeln wir zukunftsweisende L\u00f6sungen. Sehen Sie sich unsere Projekte und Produkte an.\" \/>\n<meta name=\"robots\" content=\"index, follow, max-snippet:-1, max-image-preview:large, max-video-preview:-1\" \/>\n<link rel=\"canonical\" href=\"https:\/\/www.texible.com\/de\/projekte\/\" \/>\n<meta property=\"og:locale\" content=\"de_DE\" \/>\n<meta property=\"og:type\" content=\"article\" \/>\n<meta property=\"og:title\" content=\"Projekte - TEXIBLE\" \/>\n<meta property=\"og:description\" content=\"In enger Zusammenarbeit mit unseren KundInnen entwickeln wir zukunftsweisende L\u00f6sungen. Sehen Sie sich unsere Projekte und Produkte an.\" \/>\n<meta property=\"og:url\" content=\"https:\/\/www.texible.com\/de\/projekte\/\" \/>\n<meta property=\"og:site_name\" content=\"TEXIBLE\" \/>\n<meta property=\"article:modified_time\" content=\"2024-10-16T11:41:23+00:00\" \/>\n<meta name=\"twitter:card\" content=\"summary_large_image\" \/>\n<meta name=\"twitter:label1\" content=\"Gesch\u00e4tzte Lesezeit\" \/>\n\t<meta name=\"twitter:data1\" content=\"4\u00a0Minuten\" \/>\n<script type=\"application\/ld+json\" class=\"yoast-schema-graph\">{\"@context\":\"https:\/\/schema.org\",\"@graph\":[{\"@type\":\"WebPage\",\"@id\":\"https:\/\/www.texible.com\/de\/projekte\/\",\"url\":\"https:\/\/www.texible.com\/de\/projekte\/\",\"name\":\"Projekte - TEXIBLE\",\"isPartOf\":{\"@id\":\"https:\/\/www.texible.com\/#website\"},\"datePublished\":\"2022-05-03T16:38:48+00:00\",\"dateModified\":\"2024-10-16T11:41:23+00:00\",\"description\":\"In enger Zusammenarbeit mit unseren KundInnen entwickeln wir zukunftsweisende L\u00f6sungen. Sehen Sie sich unsere Projekte und Produkte an.\",\"breadcrumb\":{\"@id\":\"https:\/\/www.texible.com\/de\/projekte\/#breadcrumb\"},\"inLanguage\":\"de\",\"potentialAction\":[{\"@type\":\"ReadAction\",\"target\":[\"https:\/\/www.texible.com\/de\/projekte\/\"]}]},{\"@type\":\"BreadcrumbList\",\"@id\":\"https:\/\/www.texible.com\/de\/projekte\/#breadcrumb\",\"itemListElement\":[{\"@type\":\"ListItem\",\"position\":1,\"name\":\"Home\",\"item\":\"https:\/\/www.texible.com\/de\/\"},{\"@type\":\"ListItem\",\"position\":2,\"name\":\"Projekte\"}]},{\"@type\":\"WebSite\",\"@id\":\"https:\/\/www.texible.com\/#website\",\"url\":\"https:\/\/www.texible.com\/\",\"name\":\"TEXIBLE\",\"description\":\"Realize your next innovation, using smart textiles\",\"publisher\":{\"@id\":\"https:\/\/www.texible.com\/#organization\"},\"potentialAction\":[{\"@type\":\"SearchAction\",\"target\":{\"@type\":\"EntryPoint\",\"urlTemplate\":\"https:\/\/www.texible.com\/?s={search_term_string}\"},\"query-input\":\"required name=search_term_string\"}],\"inLanguage\":\"de\"},{\"@type\":\"Organization\",\"@id\":\"https:\/\/www.texible.com\/#organization\",\"name\":\"TEXIBLE\",\"url\":\"https:\/\/www.texible.com\/\",\"logo\":{\"@type\":\"ImageObject\",\"inLanguage\":\"de\",\"@id\":\"https:\/\/www.texible.com\/#\/schema\/logo\/image\/\",\"url\":\"https:\/\/www.texible.com\/wp-content\/uploads\/2022\/06\/TEXIBLE-Brand1x.png\",\"contentUrl\":\"https:\/\/www.texible.com\/wp-content\/uploads\/2022\/06\/TEXIBLE-Brand1x.png\",\"width\":150,\"height\":20,\"caption\":\"TEXIBLE\"},\"image\":{\"@id\":\"https:\/\/www.texible.com\/#\/schema\/logo\/image\/\"}}]}<\/script>\n<!-- \/ Yoast SEO plugin. -->","yoast_head_json":{"title":"Projekte - TEXIBLE","description":"In enger Zusammenarbeit mit unseren KundInnen entwickeln wir zukunftsweisende L\u00f6sungen. Sehen Sie sich unsere Projekte und Produkte an.","robots":{"index":"index","follow":"follow","max-snippet":"max-snippet:-1","max-image-preview":"max-image-preview:large","max-video-preview":"max-video-preview:-1"},"canonical":"https:\/\/www.texible.com\/de\/projekte\/","og_locale":"de_DE","og_type":"article","og_title":"Projekte - TEXIBLE","og_description":"In enger Zusammenarbeit mit unseren KundInnen entwickeln wir zukunftsweisende L\u00f6sungen. Sehen Sie sich unsere Projekte und Produkte an.","og_url":"https:\/\/www.texible.com\/de\/projekte\/","og_site_name":"TEXIBLE","article_modified_time":"2024-10-16T11:41:23+00:00","twitter_card":"summary_large_image","twitter_misc":{"Gesch\u00e4tzte Lesezeit":"4\u00a0Minuten"},"schema":{"@context":"https:\/\/schema.org","@graph":[{"@type":"WebPage","@id":"https:\/\/www.texible.com\/de\/projekte\/","url":"https:\/\/www.texible.com\/de\/projekte\/","name":"Projekte - TEXIBLE","isPartOf":{"@id":"https:\/\/www.texible.com\/#website"},"datePublished":"2022-05-03T16:38:48+00:00","dateModified":"2024-10-16T11:41:23+00:00","description":"In enger Zusammenarbeit mit unseren KundInnen entwickeln wir zukunftsweisende L\u00f6sungen. Sehen Sie sich unsere Projekte und Produkte an.","breadcrumb":{"@id":"https:\/\/www.texible.com\/de\/projekte\/#breadcrumb"},"inLanguage":"de","potentialAction":[{"@type":"ReadAction","target":["https:\/\/www.texible.com\/de\/projekte\/"]}]},{"@type":"BreadcrumbList","@id":"https:\/\/www.texible.com\/de\/projekte\/#breadcrumb","itemListElement":[{"@type":"ListItem","position":1,"name":"Home","item":"https:\/\/www.texible.com\/de\/"},{"@type":"ListItem","position":2,"name":"Projekte"}]},{"@type":"WebSite","@id":"https:\/\/www.texible.com\/#website","url":"https:\/\/www.texible.com\/","name":"TEXIBLE","description":"Realize your next innovation, using smart textiles","publisher":{"@id":"https:\/\/www.texible.com\/#organization"},"potentialAction":[{"@type":"SearchAction","target":{"@type":"EntryPoint","urlTemplate":"https:\/\/www.texible.com\/?s={search_term_string}"},"query-input":"required name=search_term_string"}],"inLanguage":"de"},{"@type":"Organization","@id":"https:\/\/www.texible.com\/#organization","name":"TEXIBLE","url":"https:\/\/www.texible.com\/","logo":{"@type":"ImageObject","inLanguage":"de","@id":"https:\/\/www.texible.com\/#\/schema\/logo\/image\/","url":"https:\/\/www.texible.com\/wp-content\/uploads\/2022\/06\/TEXIBLE-Brand1x.png","contentUrl":"https:\/\/www.texible.com\/wp-content\/uploads\/2022\/06\/TEXIBLE-Brand1x.png","width":150,"height":20,"caption":"TEXIBLE"},"image":{"@id":"https:\/\/www.texible.com\/#\/schema\/logo\/image\/"}}]}},"_links":{"self":[{"href":"https:\/\/www.texible.com\/de\/wp-json\/wp\/v2\/pages\/838","targetHints":{"allow":["GET"]}}],"collection":[{"href":"https:\/\/www.texible.com\/de\/wp-json\/wp\/v2\/pages"}],"about":[{"href":"https:\/\/www.texible.com\/de\/wp-json\/wp\/v2\/types\/page"}],"author":[{"embeddable":true,"href":"https:\/\/www.texible.com\/de\/wp-json\/wp\/v2\/users\/2"}],"replies":[{"embeddable":true,"href":"https:\/\/www.texible.com\/de\/wp-json\/wp\/v2\/comments?post=838"}],"version-history":[{"count":19,"href":"https:\/\/www.texible.com\/de\/wp-json\/wp\/v2\/pages\/838\/revisions"}],"predecessor-version":[{"id":1223,"href":"https:\/\/www.texible.com\/de\/wp-json\/wp\/v2\/pages\/838\/revisions\/1223"}],"wp:attachment":[{"href":"https:\/\/www.texible.com\/de\/wp-json\/wp\/v2\/media?parent=838"}],"curies":[{"name":"wp","href":"https:\/\/api.w.org\/{rel}","templated":true}]}}