{"id":845,"date":"2022-05-10T11:20:29","date_gmt":"2022-05-10T09:20:29","guid":{"rendered":"https:\/\/www.texible.com\/allgemeine-geschaeftsbedingungen\/"},"modified":"2022-07-18T16:08:30","modified_gmt":"2022-07-18T14:08:30","slug":"allgemeine-geschaeftsbedingungen","status":"publish","type":"page","link":"https:\/\/www.texible.com\/de\/allgemeine-geschaeftsbedingungen\/","title":{"rendered":"Allgemeine Gesch\u00e4ftsbedingungen"},"content":{"rendered":"<p>[vc_row full_width=&#8220;stretch_row&#8220; content_placement=&#8220;middle&#8220; el_class=&#8220;pagekey-light&#8220;][vc_column][vc_row_inner][vc_column_inner width=&#8220;11\/12&#8243;][vc_column_text css_animation=&#8220;fadeIn&#8220;]<\/p>\n<h4>Texible<\/h4>\n<p>[\/vc_column_text][vc_column_text css_animation=&#8220;fadeIn&#8220;]<\/p>\n<h1>Allgemeine Gesch\u00e4ftsbedingungen TEXIBLE GmbH (nachfolgend kurz &#8222;TEXIBLE&#8220; genannt)<\/h1>\n<p>[\/vc_column_text][\/vc_column_inner][vc_column_inner el_class=&#8220;rwdhide&#8220; width=&#8220;1\/12&#8243;][\/vc_column_inner][\/vc_row_inner][\/vc_column][\/vc_row][vc_row el_class=&#8220;section_large padbottom&#8220;][vc_column][vc_row_inner content_placement=&#8220;middle&#8220;][vc_column_inner width=&#8220;2\/3&#8243;][vc_column_text css_animation=&#8220;fadeIn&#8220;]1. Allgemeines<br \/>\nDie nachstehenden allgemeinen Gesch\u00e4ftsbedingungen gelten f\u00fcr alle Vertr\u00e4ge, Angebote und Lieferungen von TEXIBLE. Davon abweichende Bedingungen des Kunden (Gesch\u00e4ftspartners) werden nur wirksam, wenn TEXIBLE ausdr\u00fccklich zustimmt.<\/p>\n<p>2. Angebote<br \/>\nVon TEXIBLE abgegebene Angebote sind freibleibend. Die Preise verstehen sich grunds\u00e4tzlich netto und gelten ab Werk bzw. ab Lager von TEXIBLE ausschlie\u00dflich sonstiger Kosten (Incoterms 2020). Werden im Zusammenhang mit der Lieferung Geb\u00fchren, Steuern oder sonstige Abgaben erhoben, tr\u00e4gt diese der Kunde.<\/p>\n<p>3. Lieferung<br \/>\nTEXIBLE bem\u00fcht sich um Einhaltung der angegebenen Liefertermine, garantiert diese jedoch nicht. Die Lieferung erfolgt auf Kosten und Gefahr des Kunden.<\/p>\n<p>4. Eigentumsvorbehalt<br \/>\nDas Eigentum an allen Produkten von TEXIBLE geht erst nach vollst\u00e4ndiger Bezahlung des Rechnungsbetrages auf den Kunden \u00fcber.<\/p>\n<p>5. Gew\u00e4hrleistung\/Garantie\/Schadenersatz<br \/>\n5.1 Die Gew\u00e4hrleistungs- und Garantiefrist betr\u00e4gt 24 Monate, wenn nicht ausdr\u00fccklich etwas anderes vereinbart wurde. F\u00fcr Reparaturen beschr\u00e4nkt sich die Frist auf 6 Monate. Verschlei\u00dfteile (insbesondere textile Komponenten wie Shirts) sind von der Garantie ausgeschlossen.<br \/>\n5.2 TEXIBLE wird im Falle der Gew\u00e4hrleistung\/Garantie nach eigener Wahl Nachbesserung, Ersatzlieferung, Preisminderung oder Wandlung vornehmen. In der Gew\u00e4hrleistung und Garantie nicht inkludiert sind Verschlei\u00df- und Verbrauchsteile.<br \/>\n5.3 Gew\u00e4hrleistungs- und Garantieanspr\u00fcche sind ausgeschlossen, wenn der Kunde selbst oder ein Dritter die gelieferten Produkte ge\u00e4ndert, repariert oder gewartet, die technischen Spezifikationen ge\u00e4ndert oder sonstige Eingriffe vorgenommen hat. Gleiches gilt bei unsachgem\u00e4\u00dfer Handhabung oder Benutzung von ungeeigneten Datentr\u00e4gern und wenn der Mangel nicht unverz\u00fcglich ger\u00fcgt wird.<br \/>\n5.4 TEXIBLE trifft keine Haftung f\u00fcr mittelbare Sch\u00e4den oder Folgesch\u00e4den gleich welcher Art. TEXIBLE haftet in keinem Fall f\u00fcr leichte Fahrl\u00e4ssigkeit.<\/p>\n<p>6. Urheberrechte<br \/>\nDie geistigen Eigentumsrechte an allen Ger\u00e4ten, Programmen und Dienstleistungen sowie allen damit verbundenen Urheber-, Patent-, Zeichen- und Schutzrechten stehen TEXIBLE zu und verbleiben ungeteilt bei dieser.<\/p>\n<p>7. Softwarelizenzen<br \/>\n7.1 TEXIBLE r\u00e4umt dem Kunden an jenem Softwareprodukt, f\u00fcr welches dieser eine Lizenz erwirbt, ein nicht ausschlie\u00dfliches und nicht \u00fcbertragbares Nutzungsrecht ein.<br \/>\n7.2 Die dem Kunden von TEXIBLE einger\u00e4umten Lizenzrechte d\u00fcrfen vom Kunden weder abgetreten, noch \u00fcbertragen, verpf\u00e4ndet, vermietet oder in anderer Form Dritten weitergegeben, \u00fcberlassen oder mit diesen geteilt werden.<br \/>\n7.3 Mit Ausnahme einer Backupkopie ist jede Art der Vervielf\u00e4ltigung des Softwareproduktes, der Dokumentation oder von Teilen davon nur mit vorheriger, schriftlicher Genehmigung von TEXIBLE erlaubt.<br \/>\n7.4 Ohne vorherige, schriftliche Genehmigung von TEXIBLE darf der Kunde das Softwareprodukt oder die beigef\u00fcgte Dokumentation nicht \u00e4ndern, \u00fcbertragen (weder elektronisch, noch auf anderem Wege), \u00fcbersetzen, disassemblieren, dekompilieren, oder auf andere Art und Weise durch Reverse Engineering \u00e4ndern.<\/p>\n<p>8. Reparaturen<br \/>\nWird ein Ger\u00e4t zur Reparatur an TEXIBLE gesandt, so sind alle Arbeiten in den Betriebsst\u00e4tten oder zertifizierten Reparaturcentern von TEXIBLE auszuf\u00fchren. Der Kunde ist verpflichtet, das Ger\u00e4t auf seine Kosten ordnungsgem\u00e4\u00df mit einem Reparaturauftrag zu versenden. TEXIBLE wird nach erfolgter Dienstleistung das Ger\u00e4t CIP (Incoterms 2020) zur\u00fccksenden. TEXIBLE \u00fcbernimmt die R\u00fccksendekosten, jedoch keine Haftung f\u00fcr Transportverlust oder Transportsch\u00e4den.<\/p>\n<p>9. Zahlungsbedingungen und -verzug, Preisgestaltung<br \/>\n9.1 Grunds\u00e4tzlich hat der Kunde den vollst\u00e4ndigen Rechnungsbetrag innerhalb 30 Tage ab Erhalt der Rechnung auf ein von TEXIBLE gew\u00e4hltes Bankkonto zu \u00fcberweisen.<br \/>\n9.2 Ger\u00e4t der Kunde in Zahlungsverzug, so ersetzt er TEXIBLE alle anfallenden Spesen.<br \/>\n9.3 Der zu zahlende Kaufpreis der Produkte entspricht dem von TEXIBLE in einer separaten Preisliste festgelegten EUR-Preis.<\/p>\n<p>10. Verschwiegenheit<\/p>\n<p>Der Kunde sowie TEXIBLE werden alle Informationen, die sie im Zusammenhang mit ihrer Gesch\u00e4ftsbeziehung und deren Abwicklung gegenseitig erhalten, vertraulich behandeln und Dritten nicht zug\u00e4nglich machen. TEXIBLE ist jedoch berechtigt, Kundendaten f\u00fcr Marketingzwecke, z.B. Referenzen, zu verwenden.<\/p>\n<p>11. Datenschutz<br \/>\nPersonenbezogene Daten, die von TEXIBLE verarbeitet werden, werden vom Nutzer direkt zur Verf\u00fcgung gestellt und sind f\u00fcr die Erf\u00fcllung der vertraglichen Leistungen erforderlich. Eine \u00dcbermittlung personenbezogener Daten an andere Unternehmen erfolgt nur, soweit dies zur ordnungsgem\u00e4\u00dfen Erbringung der vertraglichen Leistungen, zur Abwicklung der Angelegenheiten des Nutzers oder sonstiger gesch\u00e4ftlicher Aktivit\u00e4ten von TEXIBLE erforderlich ist. Weitere Informationen zur Verarbeitung personenbezogener Daten sind im Bereich Datenschutz auf https:\/\/www.TEXIBLE.com\/xyz\/ abrufbar.<\/p>\n<p>12. Schlussbestimmungen<br \/>\n12.1 M\u00fcndliche Nebenabreden bestehen nicht.<br \/>\n12.2 Um Missverst\u00e4ndnissen vorzubeugen bed\u00fcrfen Vertrags\u00e4nderungen und -erg\u00e4nzungen zu ihrer Wirksamkeit der Schriftform. Dies gilt auch f\u00fcr die Vereinbarung des Abgehens vom Erfordernis der Schriftform.<br \/>\n12.3 Sollten einzelne Bestimmungen dieser allgemeinen Verkaufsbedingungen oder der durch sie erg\u00e4nzten Vertr\u00e4ge ganz oder teilweise unwirksam sein, so bleibt die Wirksamkeit der \u00fcbrigen Bestimmungen unber\u00fchrt. TEXIBLE und der Kunde werden anstelle der unwirksamen oder erg\u00e4nzungsbed\u00fcrftigen oder auslegungsbed\u00fcrftigen Regelung eine neue Regelung beschlie\u00dfen, die dem gewollten, wirtschaftlichen Zweck m\u00f6glichst nahe kommt.<br \/>\n12.4 F\u00fcr alle Beziehungen zwischen TEXIBLE und dem Kunden kommt ausschlie\u00dflich \u00d6sterreichisches Recht zur Anwendung. Das UN-Kaufrecht sowie das Internationale Privatrecht sind nicht anwendbar.<br \/>\n12.5 Sowohl TEXIBLE als auch der Kunde werden sich bei s\u00e4mtlichen Streitigkeiten, welche sich aus den Vertr\u00e4gen, Angeboten und Lieferungen ergeben oder sich auf deren Verletzung, Aufl\u00f6sung oder Nichtigkeit beziehen, zun\u00e4chst um eine au\u00dfergerichtliche L\u00f6sung bem\u00fchen, z.B. durch eine Mediation. Wird innerhalb von vier Wochen keine Einigung erzielt, werden diese Streitigkeiten durch das zust\u00e4ndige Gericht in 6800 Feldkirch\/\u00d6sterreich endg\u00fcltig entschieden.<br \/>\n12.6 Sofern eine Vertragspartei verhindert oder in Verzug mit der Durchf\u00fchrung einer Vertragspflicht ist, so hat diese Partei die andere unverz\u00fcglich \u00fcber das Ereignis, die beeintr\u00e4chtigte Vertragspflicht sowie \u00fcber die voraussichtliche Dauer des Ereignisses zu informieren. Sofern ein Akt h\u00f6herer Gewalt die Erf\u00fcllung einer Vertragspflicht l\u00e4nger als 90 Tage verhindert oder verz\u00f6gert, ist jede Partei berechtigt, diesen Vertrag mit angemessener Benachrichtigung zu k\u00fcndigen.<br \/>\n12.7 Im Fall von Widerspr\u00fcchlichkeiten zwischen der englischen und der deutschen Fassung der Allgemeinen Verkaufsbedingungen oder anderer rechtlich relevanter Dokumente, geht die deutsche Fassung vor.<\/p>\n<p>Status: 21.12.2021[\/vc_column_text][\/vc_column_inner][vc_column_inner width=&#8220;1\/3&#8243;][\/vc_column_inner][\/vc_row_inner][\/vc_column][\/vc_row]<\/p>\n","protected":false},"excerpt":{"rendered":"<p>[vc_row full_width=&#8220;stretch_row&#8220; content_placement=&#8220;middle&#8220; el_class=&#8220;pagekey-light&#8220;][vc_column][vc_row_inner][vc_column_inner width=&#8220;11\/12&#8243;][vc_column_text css_animation=&#8220;fadeIn&#8220;] Texible [\/vc_column_text][vc_column_text css_animation=&#8220;fadeIn&#8220;] Allgemeine Gesch\u00e4ftsbedingungen TEXIBLE GmbH (nachfolgend kurz &#8222;TEXIBLE&#8220; genannt) [\/vc_column_text][\/vc_column_inner][vc_column_inner el_class=&#8220;rwdhide&#8220; width=&#8220;1\/12&#8243;][\/vc_column_inner][\/vc_row_inner][\/vc_column][\/vc_row][vc_row el_class=&#8220;section_large padbottom&#8220;][vc_column][vc_row_inner content_placement=&#8220;middle&#8220;][vc_column_inner width=&#8220;2\/3&#8243;][vc_column_text css_animation=&#8220;fadeIn&#8220;]1. Allgemeines Die nachstehenden allgemeinen Gesch\u00e4ftsbedingungen gelten f\u00fcr alle Vertr\u00e4ge, Angebote und Lieferungen von TEXIBLE. Davon abweichende Bedingungen des Kunden (Gesch\u00e4ftspartners) werden nur wirksam, wenn TEXIBLE ausdr\u00fccklich zustimmt. 2. Angebote Von [&hellip;]<\/p>\n","protected":false},"author":2,"featured_media":0,"parent":0,"menu_order":11,"comment_status":"closed","ping_status":"closed","template":"","meta":{"footnotes":""},"class_list":["post-845","page","type-page","status-publish","hentry"],"yoast_head":"<!-- This site is optimized with the Yoast SEO plugin v20.0 - https:\/\/yoast.com\/wordpress\/plugins\/seo\/ -->\n<title>Allgemeine Gesch\u00e4ftsbedingungen - TEXIBLE<\/title>\n<meta name=\"robots\" content=\"index, follow, max-snippet:-1, max-image-preview:large, max-video-preview:-1\" \/>\n<link rel=\"canonical\" href=\"https:\/\/www.texible.com\/de\/allgemeine-geschaeftsbedingungen\/\" \/>\n<meta property=\"og:locale\" content=\"de_DE\" \/>\n<meta property=\"og:type\" content=\"article\" \/>\n<meta property=\"og:title\" content=\"Allgemeine Gesch\u00e4ftsbedingungen - TEXIBLE\" \/>\n<meta property=\"og:description\" content=\"[vc_row full_width=&#8220;stretch_row&#8220; content_placement=&#8220;middle&#8220; el_class=&#8220;pagekey-light&#8220;][vc_column][vc_row_inner][vc_column_inner width=&#8220;11\/12&#8243;][vc_column_text css_animation=&#8220;fadeIn&#8220;] Texible [\/vc_column_text][vc_column_text css_animation=&#8220;fadeIn&#8220;] Allgemeine Gesch\u00e4ftsbedingungen TEXIBLE GmbH (nachfolgend kurz &#8222;TEXIBLE&#8220; genannt) [\/vc_column_text][\/vc_column_inner][vc_column_inner el_class=&#8220;rwdhide&#8220; width=&#8220;1\/12&#8243;][\/vc_column_inner][\/vc_row_inner][\/vc_column][\/vc_row][vc_row el_class=&#8220;section_large padbottom&#8220;][vc_column][vc_row_inner content_placement=&#8220;middle&#8220;][vc_column_inner width=&#8220;2\/3&#8243;][vc_column_text css_animation=&#8220;fadeIn&#8220;]1. Allgemeines Die nachstehenden allgemeinen Gesch\u00e4ftsbedingungen gelten f\u00fcr alle Vertr\u00e4ge, Angebote und Lieferungen von TEXIBLE. Davon abweichende Bedingungen des Kunden (Gesch\u00e4ftspartners) werden nur wirksam, wenn TEXIBLE ausdr\u00fccklich zustimmt. 2. Angebote Von [&hellip;]\" \/>\n<meta property=\"og:url\" content=\"https:\/\/www.texible.com\/de\/allgemeine-geschaeftsbedingungen\/\" \/>\n<meta property=\"og:site_name\" content=\"TEXIBLE\" \/>\n<meta property=\"article:modified_time\" content=\"2022-07-18T14:08:30+00:00\" \/>\n<meta name=\"twitter:card\" content=\"summary_large_image\" \/>\n<meta name=\"twitter:label1\" content=\"Gesch\u00e4tzte Lesezeit\" \/>\n\t<meta name=\"twitter:data1\" content=\"5\u00a0Minuten\" \/>\n<script type=\"application\/ld+json\" class=\"yoast-schema-graph\">{\"@context\":\"https:\/\/schema.org\",\"@graph\":[{\"@type\":\"WebPage\",\"@id\":\"https:\/\/www.texible.com\/de\/allgemeine-geschaeftsbedingungen\/\",\"url\":\"https:\/\/www.texible.com\/de\/allgemeine-geschaeftsbedingungen\/\",\"name\":\"Allgemeine Gesch\u00e4ftsbedingungen - TEXIBLE\",\"isPartOf\":{\"@id\":\"https:\/\/www.texible.com\/#website\"},\"datePublished\":\"2022-05-10T09:20:29+00:00\",\"dateModified\":\"2022-07-18T14:08:30+00:00\",\"breadcrumb\":{\"@id\":\"https:\/\/www.texible.com\/de\/allgemeine-geschaeftsbedingungen\/#breadcrumb\"},\"inLanguage\":\"de\",\"potentialAction\":[{\"@type\":\"ReadAction\",\"target\":[\"https:\/\/www.texible.com\/de\/allgemeine-geschaeftsbedingungen\/\"]}]},{\"@type\":\"BreadcrumbList\",\"@id\":\"https:\/\/www.texible.com\/de\/allgemeine-geschaeftsbedingungen\/#breadcrumb\",\"itemListElement\":[{\"@type\":\"ListItem\",\"position\":1,\"name\":\"Home\",\"item\":\"https:\/\/www.texible.com\/de\/\"},{\"@type\":\"ListItem\",\"position\":2,\"name\":\"Allgemeine Gesch\u00e4ftsbedingungen\"}]},{\"@type\":\"WebSite\",\"@id\":\"https:\/\/www.texible.com\/#website\",\"url\":\"https:\/\/www.texible.com\/\",\"name\":\"TEXIBLE\",\"description\":\"Realize your next innovation, using smart textiles\",\"publisher\":{\"@id\":\"https:\/\/www.texible.com\/#organization\"},\"potentialAction\":[{\"@type\":\"SearchAction\",\"target\":{\"@type\":\"EntryPoint\",\"urlTemplate\":\"https:\/\/www.texible.com\/?s={search_term_string}\"},\"query-input\":\"required name=search_term_string\"}],\"inLanguage\":\"de\"},{\"@type\":\"Organization\",\"@id\":\"https:\/\/www.texible.com\/#organization\",\"name\":\"TEXIBLE\",\"url\":\"https:\/\/www.texible.com\/\",\"logo\":{\"@type\":\"ImageObject\",\"inLanguage\":\"de\",\"@id\":\"https:\/\/www.texible.com\/#\/schema\/logo\/image\/\",\"url\":\"https:\/\/www.texible.com\/wp-content\/uploads\/2022\/06\/TEXIBLE-Brand1x.png\",\"contentUrl\":\"https:\/\/www.texible.com\/wp-content\/uploads\/2022\/06\/TEXIBLE-Brand1x.png\",\"width\":150,\"height\":20,\"caption\":\"TEXIBLE\"},\"image\":{\"@id\":\"https:\/\/www.texible.com\/#\/schema\/logo\/image\/\"}}]}<\/script>\n<!-- \/ Yoast SEO plugin. -->","yoast_head_json":{"title":"Allgemeine Gesch\u00e4ftsbedingungen - TEXIBLE","robots":{"index":"index","follow":"follow","max-snippet":"max-snippet:-1","max-image-preview":"max-image-preview:large","max-video-preview":"max-video-preview:-1"},"canonical":"https:\/\/www.texible.com\/de\/allgemeine-geschaeftsbedingungen\/","og_locale":"de_DE","og_type":"article","og_title":"Allgemeine Gesch\u00e4ftsbedingungen - TEXIBLE","og_description":"[vc_row full_width=&#8220;stretch_row&#8220; content_placement=&#8220;middle&#8220; el_class=&#8220;pagekey-light&#8220;][vc_column][vc_row_inner][vc_column_inner width=&#8220;11\/12&#8243;][vc_column_text css_animation=&#8220;fadeIn&#8220;] Texible [\/vc_column_text][vc_column_text css_animation=&#8220;fadeIn&#8220;] Allgemeine Gesch\u00e4ftsbedingungen TEXIBLE GmbH (nachfolgend kurz &#8222;TEXIBLE&#8220; genannt) [\/vc_column_text][\/vc_column_inner][vc_column_inner el_class=&#8220;rwdhide&#8220; width=&#8220;1\/12&#8243;][\/vc_column_inner][\/vc_row_inner][\/vc_column][\/vc_row][vc_row el_class=&#8220;section_large padbottom&#8220;][vc_column][vc_row_inner content_placement=&#8220;middle&#8220;][vc_column_inner width=&#8220;2\/3&#8243;][vc_column_text css_animation=&#8220;fadeIn&#8220;]1. Allgemeines Die nachstehenden allgemeinen Gesch\u00e4ftsbedingungen gelten f\u00fcr alle Vertr\u00e4ge, Angebote und Lieferungen von TEXIBLE. Davon abweichende Bedingungen des Kunden (Gesch\u00e4ftspartners) werden nur wirksam, wenn TEXIBLE ausdr\u00fccklich zustimmt. 2. Angebote Von [&hellip;]","og_url":"https:\/\/www.texible.com\/de\/allgemeine-geschaeftsbedingungen\/","og_site_name":"TEXIBLE","article_modified_time":"2022-07-18T14:08:30+00:00","twitter_card":"summary_large_image","twitter_misc":{"Gesch\u00e4tzte Lesezeit":"5\u00a0Minuten"},"schema":{"@context":"https:\/\/schema.org","@graph":[{"@type":"WebPage","@id":"https:\/\/www.texible.com\/de\/allgemeine-geschaeftsbedingungen\/","url":"https:\/\/www.texible.com\/de\/allgemeine-geschaeftsbedingungen\/","name":"Allgemeine Gesch\u00e4ftsbedingungen - TEXIBLE","isPartOf":{"@id":"https:\/\/www.texible.com\/#website"},"datePublished":"2022-05-10T09:20:29+00:00","dateModified":"2022-07-18T14:08:30+00:00","breadcrumb":{"@id":"https:\/\/www.texible.com\/de\/allgemeine-geschaeftsbedingungen\/#breadcrumb"},"inLanguage":"de","potentialAction":[{"@type":"ReadAction","target":["https:\/\/www.texible.com\/de\/allgemeine-geschaeftsbedingungen\/"]}]},{"@type":"BreadcrumbList","@id":"https:\/\/www.texible.com\/de\/allgemeine-geschaeftsbedingungen\/#breadcrumb","itemListElement":[{"@type":"ListItem","position":1,"name":"Home","item":"https:\/\/www.texible.com\/de\/"},{"@type":"ListItem","position":2,"name":"Allgemeine Gesch\u00e4ftsbedingungen"}]},{"@type":"WebSite","@id":"https:\/\/www.texible.com\/#website","url":"https:\/\/www.texible.com\/","name":"TEXIBLE","description":"Realize your next innovation, using smart textiles","publisher":{"@id":"https:\/\/www.texible.com\/#organization"},"potentialAction":[{"@type":"SearchAction","target":{"@type":"EntryPoint","urlTemplate":"https:\/\/www.texible.com\/?s={search_term_string}"},"query-input":"required name=search_term_string"}],"inLanguage":"de"},{"@type":"Organization","@id":"https:\/\/www.texible.com\/#organization","name":"TEXIBLE","url":"https:\/\/www.texible.com\/","logo":{"@type":"ImageObject","inLanguage":"de","@id":"https:\/\/www.texible.com\/#\/schema\/logo\/image\/","url":"https:\/\/www.texible.com\/wp-content\/uploads\/2022\/06\/TEXIBLE-Brand1x.png","contentUrl":"https:\/\/www.texible.com\/wp-content\/uploads\/2022\/06\/TEXIBLE-Brand1x.png","width":150,"height":20,"caption":"TEXIBLE"},"image":{"@id":"https:\/\/www.texible.com\/#\/schema\/logo\/image\/"}}]}},"_links":{"self":[{"href":"https:\/\/www.texible.com\/de\/wp-json\/wp\/v2\/pages\/845","targetHints":{"allow":["GET"]}}],"collection":[{"href":"https:\/\/www.texible.com\/de\/wp-json\/wp\/v2\/pages"}],"about":[{"href":"https:\/\/www.texible.com\/de\/wp-json\/wp\/v2\/types\/page"}],"author":[{"embeddable":true,"href":"https:\/\/www.texible.com\/de\/wp-json\/wp\/v2\/users\/2"}],"replies":[{"embeddable":true,"href":"https:\/\/www.texible.com\/de\/wp-json\/wp\/v2\/comments?post=845"}],"version-history":[{"count":2,"href":"https:\/\/www.texible.com\/de\/wp-json\/wp\/v2\/pages\/845\/revisions"}],"predecessor-version":[{"id":847,"href":"https:\/\/www.texible.com\/de\/wp-json\/wp\/v2\/pages\/845\/revisions\/847"}],"wp:attachment":[{"href":"https:\/\/www.texible.com\/de\/wp-json\/wp\/v2\/media?parent=845"}],"curies":[{"name":"wp","href":"https:\/\/api.w.org\/{rel}","templated":true}]}}