{"id":848,"date":"2022-05-04T13:35:57","date_gmt":"2022-05-04T11:35:57","guid":{"rendered":"https:\/\/www.texible.com\/smart-textiles\/aktoren\/"},"modified":"2022-12-23T11:37:10","modified_gmt":"2022-12-23T09:37:10","slug":"aktoren","status":"publish","type":"page","link":"https:\/\/www.texible.com\/de\/smart-textiles\/aktoren\/","title":{"rendered":"Aktoren"},"content":{"rendered":"<p>[vc_row full_width=&#8220;stretch_row_content&#8220; full_height=&#8220;yes&#8220; equal_height=&#8220;yes&#8220; content_placement=&#8220;middle&#8220; el_class=&#8220;pagekey-dark imagebg&#8220;][vc_column width=&#8220;1\/2&#8243;][vc_row_inner equal_height=&#8220;yes&#8220; content_placement=&#8220;middle&#8220; el_class=&#8220;imagebg&#8220;][vc_column_inner el_class=&#8220;text&#8220;][vc_column_text css_animation=&#8220;fadeIn&#8220;]<\/p>\n<h4><strong>Aktoren<\/strong><\/h4>\n<p>[\/vc_column_text][vc_column_text css_animation=&#8220;fadeIn&#8220;]<\/p>\n<h1>Sp\u00fcrbares Feedback<\/h1>\n<p>[\/vc_column_text][vc_column_text css_animation=&#8220;fadeIn&#8220;]<strong>Aktoren verwerten was die Sensorik misst <\/strong>und machen die Welt f\u00fcr uns sp\u00fcrbar.<\/p>\n<p>Im Textil integriert k\u00f6nnen diese beispielsweise heizen, k\u00fchlen, vibrieren oder auch elektrisch stimulieren.<br \/>\nWesentlich bei den von uns entwickelten Aktoren ist, dass sie weich und im Textil nicht sp\u00fcrbar integriert sind. Sie geben uns die M\u00f6glichkeit, Dinge zu sp\u00fcren. Dies ist beispielsweise unerl\u00e4sslich f\u00fcr die Arbeitssicherheit von Einsatzkr\u00e4ften oder im Bereich von Augmented Reality Anwendungen.[\/vc_column_text][vc_btn title=&#8220;Kontaktieren Sie uns!&#8220; style=&#8220;flat&#8220; shape=&#8220;square&#8220; color=&#8220;white&#8220; css_animation=&#8220;fadeInUp&#8220; link=&#8220;url:https%3A%2F%2Fwww.texible.com%2Fde%2Fkontakt%2F|&#8220;][\/vc_column_inner][\/vc_row_inner][\/vc_column][vc_column width=&#8220;1\/2&#8243; css=&#8220;.vc_custom_1655196578991{background-image: url(https:\/\/www.texible.com\/wp-content\/uploads\/2022\/06\/TEXIBLE-Smart-Textiles-Actuators-min.webp?id=631) !important;}&#8220; el_class=&#8220;rwdhide imagesizer&#8220;][\/vc_column][\/vc_row][vc_row el_class=&#8220;section_large&#8220;][vc_column][vc_row_inner][vc_column_inner width=&#8220;1\/2&#8243;][vc_single_image image=&#8220;775&#8243; img_size=&#8220;full&#8220; css_animation=&#8220;fadeIn&#8220; css=&#8220;.vc_custom_1656925347025{margin-bottom: 30px !important;}&#8220;][vc_column_text css_animation=&#8220;fadeIn&#8220;]<\/p>\n<h3>Elektrostimulation<\/h3>\n<p>[\/vc_column_text][vc_column_text css_animation=&#8220;fadeIn&#8220; el_class=&#8220;padright&#8220;]Gezieltes Reizen der Muskulatur oder Nerven mit elektrischen Impulsen. In Medizin und Physiotherapie wird Elektrostimulation bereits erfolgreich eingesetzt. Waschbare textile Elektroden \u00fcbertragen Hochspannung \u00fcber die Haut in den Muskel.[\/vc_column_text][\/vc_column_inner][vc_column_inner width=&#8220;1\/2&#8243;][vc_single_image image=&#8220;777&#8243; img_size=&#8220;full&#8220; css_animation=&#8220;fadeIn&#8220; css=&#8220;.vc_custom_1656925370155{margin-bottom: 30px !important;}&#8220;][vc_column_text css_animation=&#8220;fadeIn&#8220;]<\/p>\n<h3>Aktivierung und Stimulation durch Vibration<\/h3>\n<p>[\/vc_column_text][vc_column_text css_animation=&#8220;fadeIn&#8220; el_class=&#8220;padright&#8220;]Textile Vibrationsmotoren kommen bereits aktiv zur Behandlung von Phantomschmerzen zum Einsatz. Kleinste, ins Textil integrierte Aktoren stimulieren und aktivieren durch Vibration den K\u00f6rper.[\/vc_column_text][\/vc_column_inner][\/vc_row_inner][vc_row_inner el_class=&#8220;section_small&#8220;][vc_column_inner width=&#8220;1\/2&#8243;][vc_single_image image=&#8220;779&#8243; img_size=&#8220;full&#8220; css_animation=&#8220;fadeIn&#8220; css=&#8220;.vc_custom_1656925388205{margin-bottom: 30px !important;}&#8220;][vc_column_text css_animation=&#8220;fadeIn&#8220;]<\/p>\n<h3>Beheizbare Textilien<\/h3>\n<p>[\/vc_column_text][vc_column_text css_animation=&#8220;fadeIn&#8220; el_class=&#8220;padright&#8220;]W\u00e4rme tr\u00e4gt aktiv zum Wohlbefinden bei und verschafft Linderung diverser Beschwerden, weshalb beheizbare Textilien im Gesundheits- und Wellnessbereich bereits sehr beliebt sind. Doch auch technische Anwendungen k\u00f6nnen durch die M\u00f6glichkeit einer textilen Beheizung im Nieder- und Hochtemperaturbereich erw\u00e4rmt werden.[\/vc_column_text][\/vc_column_inner][vc_column_inner width=&#8220;1\/2&#8243;][vc_single_image image=&#8220;781&#8243; img_size=&#8220;full&#8220; css_animation=&#8220;fadeIn&#8220; css=&#8220;.vc_custom_1656925405636{margin-bottom: 30px !important;}&#8220;][vc_column_text css_animation=&#8220;fadeIn&#8220;]<\/p>\n<h3>K\u00fchlende Textilien<\/h3>\n<p>[\/vc_column_text][vc_column_text css_animation=&#8220;fadeIn&#8220; el_class=&#8220;padright&#8220;]Ob im Sport, im Bereich Heimtextilien oder \u00fcberall dort, wo eine gezielte K\u00fchlung in Kombination mit den Vorteilen eines textilen Grundmaterials gew\u00fcnscht wird, machen ins Textil integrierte Aktoren dies m\u00f6glich. So wird eine punktgenaue K\u00fchlung im jeweiligen Anwendungsbereich erreicht.[\/vc_column_text][\/vc_column_inner][\/vc_row_inner][vc_row_inner el_class=&#8220;section_small&#8220;][vc_column_inner width=&#8220;1\/2&#8243;][vc_single_image image=&#8220;783&#8243; img_size=&#8220;full&#8220; css_animation=&#8220;fadeIn&#8220; css=&#8220;.vc_custom_1656925428201{margin-bottom: 30px !important;}&#8220;][vc_column_text css_animation=&#8220;fadeIn&#8220;]<\/p>\n<h3>Magnetfeldstimulation<\/h3>\n<p>[\/vc_column_text][vc_column_text css_animation=&#8220;fadeIn&#8220; el_class=&#8220;padright&#8220;]In der Schmerztherapie oder zur Beruhigung oder Aktivierung beanspruchter Muskulatur wird Magnetfeldtherapie erfolgreich eingesetzt. In Textilien integrierte, ein Magnetfeld erzeugende Aktoren machen eine benutzerfreundliche Anwendung und v\u00f6llig neue Designs m\u00f6glich.[\/vc_column_text][\/vc_column_inner][vc_column_inner width=&#8220;1\/2&#8243;][\/vc_column_inner][\/vc_row_inner][\/vc_column][\/vc_row][vc_row content_placement=&#8220;middle&#8220; el_class=&#8220;blanc project&#8220; css=&#8220;.vc_custom_1651669860156{margin-bottom: 120px !important;}&#8220;][vc_column width=&#8220;5\/12&#8243; el_class=&#8220;project_image&#8220;][vc_single_image image=&#8220;1019&#8243; img_size=&#8220;full&#8220;][\/vc_column][vc_column width=&#8220;7\/12&#8243;][vc_row_inner][vc_column_inner el_class=&#8220;project_text&#8220;][vc_column_text css_animation=&#8220;fadeIn&#8220;]<\/p>\n<h4>WaibroSports<\/h4>\n<p>[\/vc_column_text][vc_column_text css_animation=&#8220;fadeIn&#8220;]<\/p>\n<h2>Unabh\u00e4ngig Sport aus\u00fcben, trotz beeintr\u00e4chtigter Sehf\u00e4higkeit!<\/h2>\n<p>[\/vc_column_text][vc_column_text css_animation=&#8220;fadeIn&#8220;]WAIBROsports entwickelt einen Gurt, der blinden und sehbehinderten SportlerInnen eine unabh\u00e4ngige Nutzung von Sportlaufbahnen erm\u00f6glichen soll. In weiterer Folge sollen auch andere Sportarten folgen, um eine Aus\u00fcbung ohne BegleitsportlerInnen zu erm\u00f6glichen.[\/vc_column_text][vc_column_text css_animation=&#8220;fadeIn&#8220; el_class=&#8220;link&#8220;]<a href=\"https:\/\/www.texible.com\/de\/projekte\/\">Unsere Projekte<\/a>[\/vc_column_text][\/vc_column_inner][\/vc_row_inner][\/vc_column][\/vc_row][vc_row full_width=&#8220;stretch_row&#8220; el_class=&#8220;ctabottom&#8220;][vc_column][vc_row_inner equal_height=&#8220;yes&#8220; content_placement=&#8220;middle&#8220;][vc_column_inner width=&#8220;7\/12&#8243;][vc_column_text css_animation=&#8220;fadeIn&#8220; el_class=&#8220;title&#8220;]Haben wir Sie neugierig gemacht?[\/vc_column_text][vc_column_text css_animation=&#8220;fadeIn&#8220;]Wenn Sie nach einer neuen L\u00f6sung f\u00fcr ein bestehendes Produkt suchen oder an einer innovativen Idee feilen, sind Sie bei uns genau richtig! Jetzt Smart Textiles Expertise anheuern![\/vc_column_text][vc_btn title=&#8220;Kontaktieren Sie uns!&#8220; style=&#8220;flat&#8220; shape=&#8220;square&#8220; color=&#8220;white&#8220; css_animation=&#8220;fadeInUp&#8220; link=&#8220;url:https%3A%2F%2Fwww.texible.com%2Fde%2Fkontakt%2F|&#8220;][\/vc_column_inner][vc_column_inner el_class=&#8220;right&#8220; width=&#8220;5\/12&#8243;][\/vc_column_inner][\/vc_row_inner][vc_separator color=&#8220;white&#8220; css=&#8220;.vc_custom_1651676816861{margin-top: 60px !important;}&#8220;][\/vc_column][\/vc_row]<\/p>\n","protected":false},"excerpt":{"rendered":"<p>[vc_row full_width=&#8220;stretch_row_content&#8220; full_height=&#8220;yes&#8220; equal_height=&#8220;yes&#8220; content_placement=&#8220;middle&#8220; el_class=&#8220;pagekey-dark imagebg&#8220;][vc_column width=&#8220;1\/2&#8243;][vc_row_inner equal_height=&#8220;yes&#8220; content_placement=&#8220;middle&#8220; el_class=&#8220;imagebg&#8220;][vc_column_inner el_class=&#8220;text&#8220;][vc_column_text css_animation=&#8220;fadeIn&#8220;] Aktoren [\/vc_column_text][vc_column_text css_animation=&#8220;fadeIn&#8220;] Sp\u00fcrbares Feedback [\/vc_column_text][vc_column_text css_animation=&#8220;fadeIn&#8220;]Aktoren verwerten was die Sensorik misst und machen die Welt f\u00fcr uns sp\u00fcrbar. Im Textil integriert k\u00f6nnen diese beispielsweise heizen, k\u00fchlen, vibrieren oder auch elektrisch stimulieren. Wesentlich bei den von uns entwickelten Aktoren ist, dass sie [&hellip;]<\/p>\n","protected":false},"author":2,"featured_media":0,"parent":820,"menu_order":2,"comment_status":"closed","ping_status":"closed","template":"","meta":{"footnotes":""},"class_list":["post-848","page","type-page","status-publish","hentry"],"yoast_head":"<!-- This site is optimized with the Yoast SEO plugin v20.0 - https:\/\/yoast.com\/wordpress\/plugins\/seo\/ -->\n<title>Arten von Aktoren in Smart Textiles - TEXIBLE<\/title>\n<meta name=\"description\" content=\"Aktoren verwerten was die Sensorik misst und macht die Welt f\u00fcr uns sp\u00fcrbar. Erfahre mehr von Sensoren hier!\" \/>\n<meta name=\"robots\" content=\"index, follow, max-snippet:-1, max-image-preview:large, max-video-preview:-1\" \/>\n<link rel=\"canonical\" href=\"https:\/\/www.texible.com\/de\/smart-textiles\/aktoren\/\" \/>\n<meta property=\"og:locale\" content=\"de_DE\" \/>\n<meta property=\"og:type\" content=\"article\" \/>\n<meta property=\"og:title\" content=\"Arten von Aktoren in Smart Textiles - TEXIBLE\" \/>\n<meta property=\"og:description\" content=\"Aktoren verwerten was die Sensorik misst und macht die Welt f\u00fcr uns sp\u00fcrbar. Erfahre mehr von Sensoren hier!\" \/>\n<meta property=\"og:url\" content=\"https:\/\/www.texible.com\/de\/smart-textiles\/aktoren\/\" \/>\n<meta property=\"og:site_name\" content=\"TEXIBLE\" \/>\n<meta property=\"article:modified_time\" content=\"2022-12-23T09:37:10+00:00\" \/>\n<meta name=\"twitter:card\" content=\"summary_large_image\" \/>\n<meta name=\"twitter:label1\" content=\"Gesch\u00e4tzte Lesezeit\" \/>\n\t<meta name=\"twitter:data1\" content=\"3\u00a0Minuten\" \/>\n<script type=\"application\/ld+json\" class=\"yoast-schema-graph\">{\"@context\":\"https:\/\/schema.org\",\"@graph\":[{\"@type\":\"WebPage\",\"@id\":\"https:\/\/www.texible.com\/de\/smart-textiles\/aktoren\/\",\"url\":\"https:\/\/www.texible.com\/de\/smart-textiles\/aktoren\/\",\"name\":\"Arten von Aktoren in Smart Textiles - TEXIBLE\",\"isPartOf\":{\"@id\":\"https:\/\/www.texible.com\/#website\"},\"datePublished\":\"2022-05-04T11:35:57+00:00\",\"dateModified\":\"2022-12-23T09:37:10+00:00\",\"description\":\"Aktoren verwerten was die Sensorik misst und macht die Welt f\u00fcr uns sp\u00fcrbar. Erfahre mehr von Sensoren hier!\",\"breadcrumb\":{\"@id\":\"https:\/\/www.texible.com\/de\/smart-textiles\/aktoren\/#breadcrumb\"},\"inLanguage\":\"de\",\"potentialAction\":[{\"@type\":\"ReadAction\",\"target\":[\"https:\/\/www.texible.com\/de\/smart-textiles\/aktoren\/\"]}]},{\"@type\":\"BreadcrumbList\",\"@id\":\"https:\/\/www.texible.com\/de\/smart-textiles\/aktoren\/#breadcrumb\",\"itemListElement\":[{\"@type\":\"ListItem\",\"position\":1,\"name\":\"Home\",\"item\":\"https:\/\/www.texible.com\/de\/\"},{\"@type\":\"ListItem\",\"position\":2,\"name\":\"Smart Textiles\",\"item\":\"https:\/\/www.texible.com\/de\/smart-textiles\/\"},{\"@type\":\"ListItem\",\"position\":3,\"name\":\"Aktoren\"}]},{\"@type\":\"WebSite\",\"@id\":\"https:\/\/www.texible.com\/#website\",\"url\":\"https:\/\/www.texible.com\/\",\"name\":\"TEXIBLE\",\"description\":\"Realize your next innovation, using smart textiles\",\"publisher\":{\"@id\":\"https:\/\/www.texible.com\/#organization\"},\"potentialAction\":[{\"@type\":\"SearchAction\",\"target\":{\"@type\":\"EntryPoint\",\"urlTemplate\":\"https:\/\/www.texible.com\/?s={search_term_string}\"},\"query-input\":\"required name=search_term_string\"}],\"inLanguage\":\"de\"},{\"@type\":\"Organization\",\"@id\":\"https:\/\/www.texible.com\/#organization\",\"name\":\"TEXIBLE\",\"url\":\"https:\/\/www.texible.com\/\",\"logo\":{\"@type\":\"ImageObject\",\"inLanguage\":\"de\",\"@id\":\"https:\/\/www.texible.com\/#\/schema\/logo\/image\/\",\"url\":\"https:\/\/www.texible.com\/wp-content\/uploads\/2022\/06\/TEXIBLE-Brand1x.png\",\"contentUrl\":\"https:\/\/www.texible.com\/wp-content\/uploads\/2022\/06\/TEXIBLE-Brand1x.png\",\"width\":150,\"height\":20,\"caption\":\"TEXIBLE\"},\"image\":{\"@id\":\"https:\/\/www.texible.com\/#\/schema\/logo\/image\/\"}}]}<\/script>\n<!-- \/ Yoast SEO plugin. -->","yoast_head_json":{"title":"Arten von Aktoren in Smart Textiles - TEXIBLE","description":"Aktoren verwerten was die Sensorik misst und macht die Welt f\u00fcr uns sp\u00fcrbar. Erfahre mehr von Sensoren hier!","robots":{"index":"index","follow":"follow","max-snippet":"max-snippet:-1","max-image-preview":"max-image-preview:large","max-video-preview":"max-video-preview:-1"},"canonical":"https:\/\/www.texible.com\/de\/smart-textiles\/aktoren\/","og_locale":"de_DE","og_type":"article","og_title":"Arten von Aktoren in Smart Textiles - TEXIBLE","og_description":"Aktoren verwerten was die Sensorik misst und macht die Welt f\u00fcr uns sp\u00fcrbar. Erfahre mehr von Sensoren hier!","og_url":"https:\/\/www.texible.com\/de\/smart-textiles\/aktoren\/","og_site_name":"TEXIBLE","article_modified_time":"2022-12-23T09:37:10+00:00","twitter_card":"summary_large_image","twitter_misc":{"Gesch\u00e4tzte Lesezeit":"3\u00a0Minuten"},"schema":{"@context":"https:\/\/schema.org","@graph":[{"@type":"WebPage","@id":"https:\/\/www.texible.com\/de\/smart-textiles\/aktoren\/","url":"https:\/\/www.texible.com\/de\/smart-textiles\/aktoren\/","name":"Arten von Aktoren in Smart Textiles - TEXIBLE","isPartOf":{"@id":"https:\/\/www.texible.com\/#website"},"datePublished":"2022-05-04T11:35:57+00:00","dateModified":"2022-12-23T09:37:10+00:00","description":"Aktoren verwerten was die Sensorik misst und macht die Welt f\u00fcr uns sp\u00fcrbar. Erfahre mehr von Sensoren hier!","breadcrumb":{"@id":"https:\/\/www.texible.com\/de\/smart-textiles\/aktoren\/#breadcrumb"},"inLanguage":"de","potentialAction":[{"@type":"ReadAction","target":["https:\/\/www.texible.com\/de\/smart-textiles\/aktoren\/"]}]},{"@type":"BreadcrumbList","@id":"https:\/\/www.texible.com\/de\/smart-textiles\/aktoren\/#breadcrumb","itemListElement":[{"@type":"ListItem","position":1,"name":"Home","item":"https:\/\/www.texible.com\/de\/"},{"@type":"ListItem","position":2,"name":"Smart Textiles","item":"https:\/\/www.texible.com\/de\/smart-textiles\/"},{"@type":"ListItem","position":3,"name":"Aktoren"}]},{"@type":"WebSite","@id":"https:\/\/www.texible.com\/#website","url":"https:\/\/www.texible.com\/","name":"TEXIBLE","description":"Realize your next innovation, using smart textiles","publisher":{"@id":"https:\/\/www.texible.com\/#organization"},"potentialAction":[{"@type":"SearchAction","target":{"@type":"EntryPoint","urlTemplate":"https:\/\/www.texible.com\/?s={search_term_string}"},"query-input":"required name=search_term_string"}],"inLanguage":"de"},{"@type":"Organization","@id":"https:\/\/www.texible.com\/#organization","name":"TEXIBLE","url":"https:\/\/www.texible.com\/","logo":{"@type":"ImageObject","inLanguage":"de","@id":"https:\/\/www.texible.com\/#\/schema\/logo\/image\/","url":"https:\/\/www.texible.com\/wp-content\/uploads\/2022\/06\/TEXIBLE-Brand1x.png","contentUrl":"https:\/\/www.texible.com\/wp-content\/uploads\/2022\/06\/TEXIBLE-Brand1x.png","width":150,"height":20,"caption":"TEXIBLE"},"image":{"@id":"https:\/\/www.texible.com\/#\/schema\/logo\/image\/"}}]}},"_links":{"self":[{"href":"https:\/\/www.texible.com\/de\/wp-json\/wp\/v2\/pages\/848","targetHints":{"allow":["GET"]}}],"collection":[{"href":"https:\/\/www.texible.com\/de\/wp-json\/wp\/v2\/pages"}],"about":[{"href":"https:\/\/www.texible.com\/de\/wp-json\/wp\/v2\/types\/page"}],"author":[{"embeddable":true,"href":"https:\/\/www.texible.com\/de\/wp-json\/wp\/v2\/users\/2"}],"replies":[{"embeddable":true,"href":"https:\/\/www.texible.com\/de\/wp-json\/wp\/v2\/comments?post=848"}],"version-history":[{"count":8,"href":"https:\/\/www.texible.com\/de\/wp-json\/wp\/v2\/pages\/848\/revisions"}],"predecessor-version":[{"id":1198,"href":"https:\/\/www.texible.com\/de\/wp-json\/wp\/v2\/pages\/848\/revisions\/1198"}],"up":[{"embeddable":true,"href":"https:\/\/www.texible.com\/de\/wp-json\/wp\/v2\/pages\/820"}],"wp:attachment":[{"href":"https:\/\/www.texible.com\/de\/wp-json\/wp\/v2\/media?parent=848"}],"curies":[{"name":"wp","href":"https:\/\/api.w.org\/{rel}","templated":true}]}}