{"id":936,"date":"2022-05-03T13:40:02","date_gmt":"2022-05-03T11:40:02","guid":{"rendered":"https:\/\/www.texible.com\/wilkommen-bei-texible\/"},"modified":"2022-12-22T23:00:34","modified_gmt":"2022-12-22T21:00:34","slug":"wilkommen-bei-texible","status":"publish","type":"page","link":"https:\/\/www.texible.com\/de\/","title":{"rendered":"Wilkommen bei Texible"},"content":{"rendered":"<p>[vc_row full_width=&#8220;stretch_row&#8220; css_animation=&#8220;fadeIn&#8220; el_class=&#8220;homekey nolazyload&#8220;][vc_column]\n\t\t\t<!-- START DE  Welcome to Texible REVOLUTION SLIDER 6.5.31 --><p class=\"rs-p-wp-fix\"><\/p>\n\t\t\t<rs-module-wrap id=\"rev_slider_3_1_wrapper\" data-source=\"gallery\" style=\"visibility:hidden;background:transparent;padding:0;margin:0px auto;margin-top:0;margin-bottom:0;\">\n\t\t\t\t<rs-module id=\"rev_slider_3_1\" style=\"\" data-version=\"6.5.31\">\n\t\t\t\t\t<rs-slides>\n\t\t\t\t\t\t<rs-slide style=\"position: absolute;\" data-key=\"rs-15\" data-title=\"Slide\" data-anim=\"adpr:false;\" data-in=\"o:0;\" data-out=\"a:false;\">\n\t\t\t\t\t\t\t<img decoding=\"async\" src=\"\/\/www.texible.com\/wp-content\/plugins\/revslider\/public\/assets\/assets\/dummy.png\" alt=\"spool\" title=\"TEXIBLE-Slide005-1-min\" width=\"1920\" height=\"1080\" class=\"rev-slidebg tp-rs-img rs-lazyload\" data-lazyload=\"\/\/www.texible.com\/wp-content\/uploads\/2022\/06\/TEXIBLE-Slide005-1-min.webp\" data-no-retina>\n<!---->\t\t\t\t\t\t<\/rs-slide>\n\t\t\t\t\t\t<rs-slide style=\"position: absolute;\" data-key=\"rs-11\" data-title=\"Slide\" data-anim=\"adpr:false;\" data-in=\"o:0;\" data-out=\"a:false;\">\n\t\t\t\t\t\t\t<img decoding=\"async\" src=\"\/\/www.texible.com\/wp-content\/plugins\/revslider\/public\/assets\/assets\/dummy.png\" alt=\"sewing machine\" title=\"TEXIBLE-Slide004-min\" width=\"1920\" height=\"1080\" class=\"rev-slidebg tp-rs-img rs-lazyload\" data-lazyload=\"\/\/www.texible.com\/wp-content\/uploads\/2022\/06\/TEXIBLE-Slide004-min.webp\" data-no-retina>\n<!---->\t\t\t\t\t\t<\/rs-slide>\n\t\t\t\t\t\t<rs-slide style=\"position: absolute;\" data-key=\"rs-12\" data-title=\"Slide\" data-anim=\"adpr:false;\" data-in=\"o:0;\" data-out=\"a:false;\">\n\t\t\t\t\t\t\t<img decoding=\"async\" src=\"\/\/www.texible.com\/wp-content\/plugins\/revslider\/public\/assets\/assets\/dummy.png\" alt=\"carbon reinforcement\" title=\"TEXIBLE-Slide002-min\" width=\"1920\" height=\"1080\" class=\"rev-slidebg tp-rs-img rs-lazyload\" data-lazyload=\"\/\/www.texible.com\/wp-content\/uploads\/2022\/06\/TEXIBLE-Slide002-min.webp\" data-no-retina>\n<!---->\t\t\t\t\t\t<\/rs-slide>\n\t\t\t\t\t\t<rs-slide style=\"position: absolute;\" data-key=\"rs-14\" data-title=\"Slide\" data-anim=\"adpr:false;\" data-in=\"o:0;\" data-out=\"a:false;\">\n\t\t\t\t\t\t\t<img decoding=\"async\" src=\"\/\/www.texible.com\/wp-content\/plugins\/revslider\/public\/assets\/assets\/dummy.png\" alt=\"textile wire\" title=\"1-TEXIBLE-Slide003-min\" width=\"1920\" height=\"1080\" class=\"rev-slidebg tp-rs-img rs-lazyload\" data-lazyload=\"\/\/www.texible.com\/wp-content\/uploads\/2022\/06\/1-TEXIBLE-Slide003-min.webp\" data-no-retina>\n<!---->\t\t\t\t\t\t<\/rs-slide>\n\t\t\t\t\t\t<rs-slide style=\"position: absolute;\" data-key=\"rs-13\" data-title=\"Slide\" data-anim=\"adpr:false;\" data-in=\"o:0;\" data-out=\"a:false;\">\n\t\t\t\t\t\t\t<img decoding=\"async\" src=\"\/\/www.texible.com\/wp-content\/plugins\/revslider\/public\/assets\/assets\/dummy.png\" alt=\"Conductive yarn\" title=\"TEXIBLE-Slide001-min\" width=\"1920\" height=\"1080\" class=\"rev-slidebg tp-rs-img rs-lazyload\" data-lazyload=\"\/\/www.texible.com\/wp-content\/uploads\/2022\/06\/TEXIBLE-Slide001-min.webp\" data-no-retina>\n<!---->\t\t\t\t\t\t<\/rs-slide>\n\t\t\t\t\t<\/rs-slides>\n\t\t\t\t\t<rs-static-layers><!--\n\n\t\t\t\t\t\t\t--><h1\n\t\t\t\t\t\t\t\tid=\"slider-3-slide-3-layer-0\" \n\t\t\t\t\t\t\t\tclass=\"rs-layer rs-layer-static\"\n\t\t\t\t\t\t\t\tdata-type=\"text\"\n\t\t\t\t\t\t\t\tdata-rsp_ch=\"on\"\n\t\t\t\t\t\t\t\tdata-xy=\"x:c;y:m;yo:-30px,-26px,-19px,-11px;\"\n\t\t\t\t\t\t\t\tdata-text=\"w:normal;s:20,17,12,7;l:25,22,16,9;a:center;\"\n\t\t\t\t\t\t\t\tdata-dim=\"w:70%;\"\n\t\t\t\t\t\t\t\tdata-onslides=\"s:1;\"\n\t\t\t\t\t\t\t\tdata-frame_999=\"o:0;st:w;\"\n\t\t\t\t\t\t\t\tstyle=\"z-index:14;font-family:'Roboto';\"\n\t\t\t\t\t\t\t>Entwickeln Sie Ihre n\u00e4chste Innovation mit Smart Textiles \n\t\t\t\t\t\t\t<\/h1><!--\n\n\t\t\t\t\t\t\t--><a\n\t\t\t\t\t\t\t\tid=\"slider-3-slide-3-layer-3\" \n\t\t\t\t\t\t\t\tclass=\"rs-layer homekey_solid_cta rev-btn rs-layer-static\"\n\t\t\t\t\t\t\t\thref=\"\/de\/smart-textiles\/\" target=\"_self\" rel=\"nofollow\"\n\t\t\t\t\t\t\t\tdata-type=\"button\"\n\t\t\t\t\t\t\t\tdata-rsp_ch=\"on\"\n\t\t\t\t\t\t\t\tdata-xy=\"x:c;y:m;yo:80px,71px,53px,150px;\"\n\t\t\t\t\t\t\t\tdata-text=\"w:normal;s:17,15,11,6;l:40,35,26,16;fw:500;\"\n\t\t\t\t\t\t\t\tdata-dim=\"minh:0px,none,none,none;\"\n\t\t\t\t\t\t\t\tdata-onslides=\"s:1;\"\n\t\t\t\t\t\t\t\tdata-padding=\"r:25,22,17,10;l:25,22,17,10;\"\n\t\t\t\t\t\t\t\tdata-border=\"bos:solid;boc:rgba(255,255,255,0.35);bow:1px,1px,1px,1px;\"\n\t\t\t\t\t\t\t\tdata-frame_999=\"o:0;st:w;\"\n\t\t\t\t\t\t\t\tdata-frame_hover=\"bgc:rgba(0,0,0,0);boc:rgba(255,255,255,0.75);bor:0px,0px,0px,0px;bos:solid;bow:1px,1px,1px,1px;e:power1.inOut;\"\n\t\t\t\t\t\t\t\tstyle=\"z-index:13;background-color:rgba(0,0,0,0);font-family:'Roboto';\"\n\t\t\t\t\t\t\t>Mehr \u00fcber Smart Textiles \n\t\t\t\t\t\t\t<\/a><!--\n\n\t\t\t\t\t\t\t--><rs-layer\n\t\t\t\t\t\t\t\tid=\"slider-3-slide-3-layer-7\" \n\t\t\t\t\t\t\t\tclass=\"rs-layer-static\"\n\t\t\t\t\t\t\t\tdata-type=\"object\"\n\t\t\t\t\t\t\t\tdata-rsp_ch=\"on\"\n\t\t\t\t\t\t\t\tdata-xy=\"xo:50px,44px,33px,20px;yo:50px,44px,33px,20px;\"\n\t\t\t\t\t\t\t\tdata-text=\"w:normal;s:20,17,12,7;l:0,22,16,9;\"\n\t\t\t\t\t\t\t\tdata-onslides=\"s:1;\"\n\t\t\t\t\t\t\t\tdata-frame_999=\"o:0;st:w;\"\n\t\t\t\t\t\t\t\tstyle=\"z-index:15;font-family:'Roboto';\"\n\t\t\t\t\t\t\t> \n\t\t\t\t\t\t\t<\/rs-layer><!--\n\n\t\t\t\t\t\t\t--><rs-layer\n\t\t\t\t\t\t\t\tid=\"slider-3-slide-3-layer-10\" \n\t\t\t\t\t\t\t\tclass=\"rev-scroll-btn rev-b-span-light rs-layer-static\"\n\t\t\t\t\t\t\t\tdata-type=\"button\"\n\t\t\t\t\t\t\t\tdata-xy=\"x:c;y:b;yo:30px;\"\n\t\t\t\t\t\t\t\tdata-text=\"w:normal;s:17;l:20;ls:1;\"\n\t\t\t\t\t\t\t\tdata-dim=\"w:35px;h:55px;minw:35px,none,none,none;minh:55px,none,none,none;\"\n\t\t\t\t\t\t\t\tdata-actions='id:content;o:click;a:scrollto;sp:1000ms;e:power1.inOut;'\n\t\t\t\t\t\t\t\tdata-rsp_o=\"off\"\n\t\t\t\t\t\t\t\tdata-rsp_bd=\"off\"\n\t\t\t\t\t\t\t\tdata-onslides=\"s:1;\"\n\t\t\t\t\t\t\t\tdata-padding=\"t:22;r:14;b:22;l:14;\"\n\t\t\t\t\t\t\t\tdata-border=\"bos:solid;boc:rgba(255,255,255,0.75);bow:3px,3px,3px,3px;bor:23px,23px,23px,23px;\"\n\t\t\t\t\t\t\t\tdata-frame_999=\"o:0;st:w;\"\n\t\t\t\t\t\t\t\tstyle=\"z-index:16;font-family:'Roboto';text-transform:uppercase;\"\n\t\t\t\t\t\t\t><span><\/span><span><\/span><span><\/span> \n\t\t\t\t\t\t\t<\/rs-layer><!--\n\t\t\t\t\t--><\/rs-static-layers>\n\t\t\t\t<\/rs-module>\n\t\t\t\t<script>\n\t\t\t\t\tsetREVStartSize({c: 'rev_slider_3_1',rl:[1240,1024,778,480],el:[720,768,960,720],gw:[1140,1024,778,480],gh:[720,768,960,720],type:'standard',justify:'',layout:'fullwidth',mh:\"0\"});if (window.RS_MODULES!==undefined && window.RS_MODULES.modules!==undefined && window.RS_MODULES.modules[\"revslider31\"]!==undefined) {window.RS_MODULES.modules[\"revslider31\"].once = false;window.revapi3 = undefined;if (window.RS_MODULES.checkMinimal!==undefined) window.RS_MODULES.checkMinimal()}\n\t\t\t\t<\/script>\n\t\t\t<\/rs-module-wrap>\n\t\t\t<!-- END REVOLUTION SLIDER -->\n[\/vc_column][\/vc_row][vc_row el_class=&#8220;section_large&#8220; el_id=&#8220;content&#8220;][vc_column][vc_row_inner][vc_column_inner width=&#8220;2\/12&#8243;][\/vc_column_inner][vc_column_inner el_class=&#8220;center&#8220; width=&#8220;8\/12&#8243;][vc_column_text css_animation=&#8220;fadeIn&#8220;]<\/p>\n<h4>Wilkommen bei Texible<\/h4>\n<p>[\/vc_column_text][vc_column_text css_animation=&#8220;fadeIn&#8220;]<\/p>\n<h2>Zukunft hei\u00dft Vernetzung \u2013 Smart Textiles Expertise im Haus und SpezialistInnen anderer Branchen vor der Haust\u00fcre.<\/h2>\n<p>[\/vc_column_text][vc_column_text css_animation=&#8220;fadeIn&#8220;]Ganz nach Anforderung der individuellen Entwicklung stellen wir interdisziplin\u00e4re Projektteams zusammen und erm\u00f6glichen so Komplettl\u00f6sungen aus einer Hand. In der Umsetzung legen wir gro\u00dfen Wert auf Pr\u00e4zision und Diskretion. Wir nutzen innovativste Technologien und unser umfassendes Know-how, um perfekte Ergebnisse zu erm\u00f6glichen.<\/p>\n<p>Die zentrale Lage im Rheintal Vorarlbergs mit ihrer vielf\u00e4ltigen Industrielandschaft erm\u00f6glicht uns, in kurzen Distanzen die gesamte textile Wertsch\u00f6pfungskette abzubilden. Denn der Einsatz der richtigen Herstellungstechnologie stellt einen zentralen Erfolgsfaktor f\u00fcr Ihr Produkt dar.[\/vc_column_text][vc_btn title=&#8220;Mehr \u00fcber Services&#8220; style=&#8220;flat&#8220; shape=&#8220;square&#8220; color=&#8220;blue&#8220; css_animation=&#8220;fadeInUp&#8220; link=&#8220;url:https%3A%2F%2Fwww.texible.com%2Fde%2Fproduktion%2F|&#8220;][\/vc_column_inner][vc_column_inner width=&#8220;2\/12&#8243;][\/vc_column_inner][\/vc_row_inner][\/vc_column][\/vc_row][vc_row full_width=&#8220;stretch_row_content_no_spaces&#8220; el_class=&#8220;section_large&#8220;][vc_column][vc_row_inner content_placement=&#8220;middle&#8220; gap=&#8220;30&#8243;][vc_column_inner el_class=&#8220;rwdhide rwdhidenew&#8220; width=&#8220;1\/3&#8243;][vc_single_image image=&#8220;1004&#8243; img_size=&#8220;full&#8220; css_animation=&#8220;fadeIn&#8220;][\/vc_column_inner][vc_column_inner width=&#8220;1\/3&#8243;][vc_single_image image=&#8220;1005&#8243; img_size=&#8220;full&#8220; css_animation=&#8220;fadeIn&#8220;][\/vc_column_inner][vc_column_inner el_class=&#8220;rwdhide rwdhidenew&#8220; width=&#8220;1\/3&#8243;][vc_single_image image=&#8220;1006&#8243; img_size=&#8220;full&#8220; css_animation=&#8220;fadeIn&#8220;][\/vc_column_inner][\/vc_row_inner][\/vc_column][\/vc_row][vc_row el_class=&#8220;section_large&#8220;][vc_column][vc_row_inner content_placement=&#8220;bottom&#8220;][vc_column_inner width=&#8220;2\/3&#8243;][vc_column_text css_animation=&#8220;fadeIn&#8220;]<\/p>\n<h4>\u00dcber uns<\/h4>\n<p>[\/vc_column_text][vc_column_text css_animation=&#8220;fadeIn&#8220;]<\/p>\n<h2>Unsere Vision ist, eine nachhaltige Textilproduktion von Smart Textiles in Europa voranzutreiben.<\/h2>\n<p>[\/vc_column_text][vc_column_text css_animation=&#8220;fadeIn&#8220; el_class=&#8220;nomargin&#8220;]Texible vereint ein interdisziplin\u00e4res Team aus den Bereichen IT, Textilindustrie, Kunststofftechnik, Elektronik und Projektmanagement. Wir sind Wissenstr\u00e4ger und Drehscheibe f\u00fcr innovative Netzwerke und finden so ma\u00dfgeschneiderte L\u00f6sungen f\u00fcr die Herausforderungen unserer KundInnen.[\/vc_column_text][\/vc_column_inner][vc_column_inner el_class=&#8220;right&#8220; width=&#8220;1\/3&#8243;][vc_btn title=&#8220;Mehr \u00fcber uns&#8220; style=&#8220;flat&#8220; shape=&#8220;square&#8220; color=&#8220;blue&#8220; css_animation=&#8220;fadeInUp&#8220; link=&#8220;url:https%3A%2F%2Fwww.texible.com%2Fde%2Fueber-uns%2F|&#8220;][\/vc_column_inner][\/vc_row_inner][vc_row_inner css=&#8220;.vc_custom_1651656915619{margin-top: 40px !important;}&#8220;][vc_column_inner][vc_single_image image=&#8220;640&#8243; img_size=&#8220;full&#8220; css_animation=&#8220;fadeIn&#8220;][\/vc_column_inner][\/vc_row_inner][\/vc_column][\/vc_row][vc_row full_width=&#8220;stretch_row&#8220; el_class=&#8220;section_large padbottom blanc&#8220;][vc_column][vc_row_inner content_placement=&#8220;bottom&#8220;][vc_column_inner width=&#8220;7\/12&#8243;][vc_column_text css_animation=&#8220;fadeIn&#8220;]<\/p>\n<h4>Projekte<\/h4>\n<p>[\/vc_column_text][vc_column_text css_animation=&#8220;fadeIn&#8220;]<\/p>\n<h2>Den Einsatzm\u00f6glichkeiten von Smart Textiles sind keine Grenzen gesetzt!<\/h2>\n<p>[\/vc_column_text][vc_column_text css_animation=&#8220;fadeIn&#8220; el_class=&#8220;nomargin&#8220;]Gemeinsam unentdeckte Potenziale erkennen! In enger Zusammenarbeit mit unseren KundInnen entwickeln wir zukunftsweisende L\u00f6sungen.[\/vc_column_text][\/vc_column_inner][vc_column_inner el_class=&#8220;right&#8220; width=&#8220;5\/12&#8243;][vc_btn title=&#8220;Projekte&#8220; style=&#8220;flat&#8220; shape=&#8220;square&#8220; color=&#8220;blue&#8220; css_animation=&#8220;fadeInUp&#8220; link=&#8220;url:https%3A%2F%2Fwww.texible.com%2Fde%2Fprojekte%2F|&#8220;][\/vc_column_inner][\/vc_row_inner][vc_row_inner css=&#8220;.vc_custom_1651656716599{margin-top: 40px !important;}&#8220;][vc_column_inner width=&#8220;1\/3&#8243;][vc_single_image image=&#8220;729&#8243; img_size=&#8220;full&#8220; css_animation=&#8220;fadeIn&#8220;][vc_column_text css_animation=&#8220;fadeIn&#8220; css=&#8220;.vc_custom_1651655670439{margin-top: 16px !important;}&#8220;]<\/p>\n<h3>Equusir<\/h3>\n<p>[\/vc_column_text][\/vc_column_inner][vc_column_inner width=&#8220;1\/3&#8243;][vc_single_image image=&#8220;731&#8243; img_size=&#8220;full&#8220; css_animation=&#8220;fadeIn&#8220;][vc_column_text css_animation=&#8220;fadeIn&#8220; css=&#8220;.vc_custom_1651655673625{margin-top: 16px !important;}&#8220;]<\/p>\n<h3>Adresys<\/h3>\n<p>[\/vc_column_text][\/vc_column_inner][vc_column_inner width=&#8220;1\/3&#8243;][vc_single_image image=&#8220;733&#8243; img_size=&#8220;full&#8220; css_animation=&#8220;fadeIn&#8220;][vc_column_text css_animation=&#8220;fadeIn&#8220; css=&#8220;.vc_custom_1651655681221{margin-top: 16px !important;}&#8220;]<\/p>\n<h3>Waibro Sports<\/h3>\n<p>[\/vc_column_text][\/vc_column_inner][\/vc_row_inner][\/vc_column][\/vc_row][vc_row full_width=&#8220;stretch_row&#8220; el_class=&#8220;ctabottom&#8220;][vc_column][vc_row_inner equal_height=&#8220;yes&#8220; content_placement=&#8220;middle&#8220;][vc_column_inner width=&#8220;7\/12&#8243;][vc_column_text css_animation=&#8220;fadeIn&#8220; el_class=&#8220;title&#8220;]Haben wir Sie neugierig gemacht?[\/vc_column_text][vc_column_text css_animation=&#8220;fadeIn&#8220;]Wenn Sie nach einer neuen L\u00f6sung f\u00fcr ein bestehendes Produkt suchen oder an einer innovativen Idee feilen, sind Sie bei uns genau richtig! Jetzt Smart Textiles Expertise anheuern![\/vc_column_text][vc_btn title=&#8220;Kontaktieren Sie uns!&#8220; style=&#8220;flat&#8220; shape=&#8220;square&#8220; color=&#8220;white&#8220; css_animation=&#8220;fadeInUp&#8220; link=&#8220;url:https%3A%2F%2Fwww.texible.com%2Fde%2Fkontakt%2F|&#8220;][\/vc_column_inner][vc_column_inner el_class=&#8220;right&#8220; width=&#8220;5\/12&#8243;][\/vc_column_inner][\/vc_row_inner][vc_separator color=&#8220;white&#8220; css=&#8220;.vc_custom_1651676816861{margin-top: 60px !important;}&#8220;][\/vc_column][\/vc_row]<\/p>\n","protected":false},"excerpt":{"rendered":"<p>[vc_row full_width=&#8220;stretch_row&#8220; css_animation=&#8220;fadeIn&#8220; el_class=&#8220;homekey nolazyload&#8220;][vc_column][\/vc_column][\/vc_row][vc_row el_class=&#8220;section_large&#8220; el_id=&#8220;content&#8220;][vc_column][vc_row_inner][vc_column_inner width=&#8220;2\/12&#8243;][\/vc_column_inner][vc_column_inner el_class=&#8220;center&#8220; width=&#8220;8\/12&#8243;][vc_column_text css_animation=&#8220;fadeIn&#8220;] Wilkommen bei Texible [\/vc_column_text][vc_column_text css_animation=&#8220;fadeIn&#8220;] Zukunft hei\u00dft Vernetzung \u2013 Smart Textiles Expertise im Haus und SpezialistInnen anderer Branchen vor der Haust\u00fcre. [\/vc_column_text][vc_column_text css_animation=&#8220;fadeIn&#8220;]Ganz nach Anforderung der individuellen Entwicklung stellen wir interdisziplin\u00e4re Projektteams zusammen und erm\u00f6glichen so Komplettl\u00f6sungen aus einer Hand. In der Umsetzung legen [&hellip;]<\/p>\n","protected":false},"author":2,"featured_media":0,"parent":0,"menu_order":1,"comment_status":"closed","ping_status":"closed","template":"","meta":{"footnotes":""},"class_list":["post-936","page","type-page","status-publish","hentry"],"yoast_head":"<!-- This site is optimized with the Yoast SEO plugin v20.0 - https:\/\/yoast.com\/wordpress\/plugins\/seo\/ -->\n<title>Entwickeln Sie Ihre n\u00e4chste Innovation mit Smart Textiles!<\/title>\n<meta name=\"description\" content=\"Texible designt, entwickelt und produziert Smart Textiles L\u00f6sungen, die punktgenau den kundenspezifischen Anforderungen entsprechen.\" \/>\n<meta name=\"robots\" content=\"index, follow, max-snippet:-1, max-image-preview:large, max-video-preview:-1\" \/>\n<link rel=\"canonical\" href=\"https:\/\/www.texible.com\/de\/\" \/>\n<meta property=\"og:locale\" content=\"de_DE\" \/>\n<meta property=\"og:type\" content=\"article\" \/>\n<meta property=\"og:title\" content=\"Entwickeln Sie Ihre n\u00e4chste Innovation mit Smart Textiles!\" \/>\n<meta property=\"og:description\" content=\"Texible designt, entwickelt und produziert Smart Textiles L\u00f6sungen, die punktgenau den kundenspezifischen Anforderungen entsprechen.\" \/>\n<meta property=\"og:url\" content=\"https:\/\/www.texible.com\/de\/\" \/>\n<meta property=\"og:site_name\" content=\"TEXIBLE\" \/>\n<meta property=\"article:modified_time\" content=\"2022-12-22T21:00:34+00:00\" \/>\n<meta name=\"twitter:card\" content=\"summary_large_image\" \/>\n<meta name=\"twitter:label1\" content=\"Gesch\u00e4tzte Lesezeit\" \/>\n\t<meta name=\"twitter:data1\" content=\"2\u00a0Minuten\" \/>\n<script type=\"application\/ld+json\" class=\"yoast-schema-graph\">{\"@context\":\"https:\/\/schema.org\",\"@graph\":[{\"@type\":\"WebPage\",\"@id\":\"https:\/\/www.texible.com\/de\/\",\"url\":\"https:\/\/www.texible.com\/de\/\",\"name\":\"Entwickeln Sie Ihre n\u00e4chste Innovation mit Smart Textiles!\",\"isPartOf\":{\"@id\":\"https:\/\/www.texible.com\/#website\"},\"datePublished\":\"2022-05-03T11:40:02+00:00\",\"dateModified\":\"2022-12-22T21:00:34+00:00\",\"description\":\"Texible designt, entwickelt und produziert Smart Textiles L\u00f6sungen, die punktgenau den kundenspezifischen Anforderungen entsprechen.\",\"breadcrumb\":{\"@id\":\"https:\/\/www.texible.com\/de\/#breadcrumb\"},\"inLanguage\":\"de\",\"potentialAction\":[{\"@type\":\"ReadAction\",\"target\":[\"https:\/\/www.texible.com\/de\/\"]}]},{\"@type\":\"BreadcrumbList\",\"@id\":\"https:\/\/www.texible.com\/de\/#breadcrumb\",\"itemListElement\":[{\"@type\":\"ListItem\",\"position\":1,\"name\":\"Home\",\"item\":\"https:\/\/www.texible.com\/de\/\"},{\"@type\":\"ListItem\",\"position\":2,\"name\":\"Wilkommen bei Texible\"}]},{\"@type\":\"WebSite\",\"@id\":\"https:\/\/www.texible.com\/#website\",\"url\":\"https:\/\/www.texible.com\/\",\"name\":\"TEXIBLE\",\"description\":\"Realize your next innovation, using smart textiles\",\"publisher\":{\"@id\":\"https:\/\/www.texible.com\/#organization\"},\"potentialAction\":[{\"@type\":\"SearchAction\",\"target\":{\"@type\":\"EntryPoint\",\"urlTemplate\":\"https:\/\/www.texible.com\/?s={search_term_string}\"},\"query-input\":\"required name=search_term_string\"}],\"inLanguage\":\"de\"},{\"@type\":\"Organization\",\"@id\":\"https:\/\/www.texible.com\/#organization\",\"name\":\"TEXIBLE\",\"url\":\"https:\/\/www.texible.com\/\",\"logo\":{\"@type\":\"ImageObject\",\"inLanguage\":\"de\",\"@id\":\"https:\/\/www.texible.com\/#\/schema\/logo\/image\/\",\"url\":\"https:\/\/www.texible.com\/wp-content\/uploads\/2022\/06\/TEXIBLE-Brand1x.png\",\"contentUrl\":\"https:\/\/www.texible.com\/wp-content\/uploads\/2022\/06\/TEXIBLE-Brand1x.png\",\"width\":150,\"height\":20,\"caption\":\"TEXIBLE\"},\"image\":{\"@id\":\"https:\/\/www.texible.com\/#\/schema\/logo\/image\/\"}}]}<\/script>\n<!-- \/ Yoast SEO plugin. -->","yoast_head_json":{"title":"Entwickeln Sie Ihre n\u00e4chste Innovation mit Smart Textiles!","description":"Texible designt, entwickelt und produziert Smart Textiles L\u00f6sungen, die punktgenau den kundenspezifischen Anforderungen entsprechen.","robots":{"index":"index","follow":"follow","max-snippet":"max-snippet:-1","max-image-preview":"max-image-preview:large","max-video-preview":"max-video-preview:-1"},"canonical":"https:\/\/www.texible.com\/de\/","og_locale":"de_DE","og_type":"article","og_title":"Entwickeln Sie Ihre n\u00e4chste Innovation mit Smart Textiles!","og_description":"Texible designt, entwickelt und produziert Smart Textiles L\u00f6sungen, die punktgenau den kundenspezifischen Anforderungen entsprechen.","og_url":"https:\/\/www.texible.com\/de\/","og_site_name":"TEXIBLE","article_modified_time":"2022-12-22T21:00:34+00:00","twitter_card":"summary_large_image","twitter_misc":{"Gesch\u00e4tzte Lesezeit":"2\u00a0Minuten"},"schema":{"@context":"https:\/\/schema.org","@graph":[{"@type":"WebPage","@id":"https:\/\/www.texible.com\/de\/","url":"https:\/\/www.texible.com\/de\/","name":"Entwickeln Sie Ihre n\u00e4chste Innovation mit Smart Textiles!","isPartOf":{"@id":"https:\/\/www.texible.com\/#website"},"datePublished":"2022-05-03T11:40:02+00:00","dateModified":"2022-12-22T21:00:34+00:00","description":"Texible designt, entwickelt und produziert Smart Textiles L\u00f6sungen, die punktgenau den kundenspezifischen Anforderungen entsprechen.","breadcrumb":{"@id":"https:\/\/www.texible.com\/de\/#breadcrumb"},"inLanguage":"de","potentialAction":[{"@type":"ReadAction","target":["https:\/\/www.texible.com\/de\/"]}]},{"@type":"BreadcrumbList","@id":"https:\/\/www.texible.com\/de\/#breadcrumb","itemListElement":[{"@type":"ListItem","position":1,"name":"Home","item":"https:\/\/www.texible.com\/de\/"},{"@type":"ListItem","position":2,"name":"Wilkommen bei Texible"}]},{"@type":"WebSite","@id":"https:\/\/www.texible.com\/#website","url":"https:\/\/www.texible.com\/","name":"TEXIBLE","description":"Realize your next innovation, using smart textiles","publisher":{"@id":"https:\/\/www.texible.com\/#organization"},"potentialAction":[{"@type":"SearchAction","target":{"@type":"EntryPoint","urlTemplate":"https:\/\/www.texible.com\/?s={search_term_string}"},"query-input":"required name=search_term_string"}],"inLanguage":"de"},{"@type":"Organization","@id":"https:\/\/www.texible.com\/#organization","name":"TEXIBLE","url":"https:\/\/www.texible.com\/","logo":{"@type":"ImageObject","inLanguage":"de","@id":"https:\/\/www.texible.com\/#\/schema\/logo\/image\/","url":"https:\/\/www.texible.com\/wp-content\/uploads\/2022\/06\/TEXIBLE-Brand1x.png","contentUrl":"https:\/\/www.texible.com\/wp-content\/uploads\/2022\/06\/TEXIBLE-Brand1x.png","width":150,"height":20,"caption":"TEXIBLE"},"image":{"@id":"https:\/\/www.texible.com\/#\/schema\/logo\/image\/"}}]}},"_links":{"self":[{"href":"https:\/\/www.texible.com\/de\/wp-json\/wp\/v2\/pages\/936","targetHints":{"allow":["GET"]}}],"collection":[{"href":"https:\/\/www.texible.com\/de\/wp-json\/wp\/v2\/pages"}],"about":[{"href":"https:\/\/www.texible.com\/de\/wp-json\/wp\/v2\/types\/page"}],"author":[{"embeddable":true,"href":"https:\/\/www.texible.com\/de\/wp-json\/wp\/v2\/users\/2"}],"replies":[{"embeddable":true,"href":"https:\/\/www.texible.com\/de\/wp-json\/wp\/v2\/comments?post=936"}],"version-history":[{"count":10,"href":"https:\/\/www.texible.com\/de\/wp-json\/wp\/v2\/pages\/936\/revisions"}],"predecessor-version":[{"id":1196,"href":"https:\/\/www.texible.com\/de\/wp-json\/wp\/v2\/pages\/936\/revisions\/1196"}],"wp:attachment":[{"href":"https:\/\/www.texible.com\/de\/wp-json\/wp\/v2\/media?parent=936"}],"curies":[{"name":"wp","href":"https:\/\/api.w.org\/{rel}","templated":true}]}}