{"id":939,"date":"2022-05-04T12:06:22","date_gmt":"2022-05-04T10:06:22","guid":{"rendered":"https:\/\/www.texible.com\/smart-textiles\/sensoren\/"},"modified":"2022-12-22T21:29:48","modified_gmt":"2022-12-22T19:29:48","slug":"sensoren","status":"publish","type":"page","link":"https:\/\/www.texible.com\/de\/smart-textiles\/sensoren\/","title":{"rendered":"Sensoren"},"content":{"rendered":"<p>[vc_row full_width=&#8220;stretch_row_content&#8220; full_height=&#8220;yes&#8220; equal_height=&#8220;yes&#8220; content_placement=&#8220;middle&#8220; el_class=&#8220;pagekey-dark imagebg&#8220;][vc_column width=&#8220;1\/2&#8243;][vc_row_inner equal_height=&#8220;yes&#8220; content_placement=&#8220;middle&#8220; el_class=&#8220;imagebg&#8220;][vc_column_inner el_class=&#8220;text&#8220;][vc_column_text css_animation=&#8220;fadeIn&#8220;]<\/p>\n<h4>Sensoren<\/h4>\n<p>[\/vc_column_text][vc_column_text css_animation=&#8220;fadeIn&#8220;]<\/p>\n<h1>Technische Sinnesorgane<\/h1>\n<p>[\/vc_column_text][vc_column_text css_animation=&#8220;fadeIn&#8220;]<strong>Sensoren sind die \u201eAugen\u201c des intelligenten Textils <\/strong>und messen was aktuell passiert.<\/p>\n<p>Sensorik bezeichnet die Anwendung von Sensoren zur Messung verschiedener physikalischer oder chemischer Eigenschaften. Wir fokussieren uns darauf, Sensoren durch die gezielte Platzierung textiler Leitmaterialien zu erzeugen.<br \/>\nDiese Sensoren besitzen im Vergleich zu elektronischen Sensoren nicht nur messtechnische, sondern auch textile Eigenschaften.[\/vc_column_text][vc_btn title=&#8220;Kontaktieren Sie uns!&#8220; style=&#8220;flat&#8220; shape=&#8220;square&#8220; color=&#8220;white&#8220; css_animation=&#8220;fadeInUp&#8220; link=&#8220;url:https%3A%2F%2Fwww.texible.com%2Fde%2Fkontakt%2F|&#8220;][\/vc_column_inner][\/vc_row_inner][\/vc_column][vc_column width=&#8220;1\/2&#8243; css=&#8220;.vc_custom_1655196521520{background-image: url(https:\/\/www.texible.com\/wp-content\/uploads\/2022\/06\/TEXIBLE-Smart-Textiles-Sensor-min.webp?id=633) !important;}&#8220; el_class=&#8220;rwdhide imagesizer&#8220;][\/vc_column][\/vc_row][vc_row el_class=&#8220;section_large&#8220;][vc_column][vc_row_inner][vc_column_inner width=&#8220;1\/2&#8243;][vc_single_image image=&#8220;758&#8243; img_size=&#8220;full&#8220; css_animation=&#8220;fadeIn&#8220; css=&#8220;.vc_custom_1656924918025{margin-bottom: 30px !important;}&#8220;][vc_column_text css_animation=&#8220;fadeIn&#8220;]<\/p>\n<h3>N\u00e4sse- und Feuchtigkeitsdetektion<\/h3>\n<p>[\/vc_column_text][vc_column_text css_animation=&#8220;fadeIn&#8220; el_class=&#8220;padright&#8220;]Gro\u00dffl\u00e4chige N\u00e4sse\u00fcberwachung auf Flachd\u00e4chern oder punktuelle Alarmierung bereits bei beginnender Feuchtigkeit auf einer Betteinlage \u2013 N\u00e4ssesensoren geben Info \u00fcber bevorstehende Probleme in Folge von N\u00e4sse oder beginnender Feuchtigkeit. Wird der Sensor nass oder feucht, so bewirkt dies eine Widerstands\u00e4nderung zwischen den Sensorelektroden.[\/vc_column_text][\/vc_column_inner][vc_column_inner width=&#8220;1\/2&#8243;][vc_single_image image=&#8220;760&#8243; img_size=&#8220;full&#8220; css_animation=&#8220;fadeIn&#8220; css=&#8220;.vc_custom_1656924934157{margin-bottom: 30px !important;}&#8220;][vc_column_text css_animation=&#8220;fadeIn&#8220;]<\/p>\n<h3>Drucksensoren<\/h3>\n<p>[\/vc_column_text][vc_column_text css_animation=&#8220;fadeIn&#8220; el_class=&#8220;padright&#8220;]Optimale Erfolge in der Physiotherapie mittels intelligenter Schuheinlagen oder gesteigerte Leistungen im Sport durch Messung der Atmung. Der Einsatz von textilen Drucksensoren ist bereits in vielen Anwendungen erfolgreich erprobt. Der Druck auf das Textil bewirkt eine Widerstands- oder Kapazit\u00e4ts\u00e4nderung des Sensors.[\/vc_column_text][\/vc_column_inner][\/vc_row_inner][vc_row_inner el_class=&#8220;section_small&#8220;][vc_column_inner width=&#8220;1\/2&#8243;][vc_single_image image=&#8220;762&#8243; img_size=&#8220;full&#8220; css_animation=&#8220;fadeIn&#8220; css=&#8220;.vc_custom_1656924962681{margin-bottom: 30px !important;}&#8220;][vc_column_text css_animation=&#8220;fadeIn&#8220;]<\/p>\n<h3>Schwei\u00dfanalyse<\/h3>\n<p>[\/vc_column_text][vc_column_text css_animation=&#8220;fadeIn&#8220; el_class=&#8220;padright&#8220;]Menschlichen Schwei\u00df auf seine Inhaltstoffe und Zusammensetzung zu analysieren, ist im Gesundheitsbereich genauso wie im Sport bereits g\u00e4ngige Praxis geworden. Mittels dieses Sensors wird die chemische Zusammensetzung bzw. die Impedanz der Schwei\u00dfmenge und Zusammensetzung analysiert.[\/vc_column_text][\/vc_column_inner][vc_column_inner width=&#8220;1\/2&#8243;][vc_single_image image=&#8220;764&#8243; img_size=&#8220;full&#8220; css_animation=&#8220;fadeIn&#8220; css=&#8220;.vc_custom_1656924985502{margin-bottom: 30px !important;}&#8220;][vc_column_text css_animation=&#8220;fadeIn&#8220;]<\/p>\n<h3>Temperaturmessung<\/h3>\n<p>[\/vc_column_text][vc_column_text css_animation=&#8220;fadeIn&#8220; el_class=&#8220;padright&#8220;]Zu warm, zu kalt oder gerade richtig? Ver\u00e4nderungen in der Temperatur des Textils bewirken eine Widerstands\u00e4nderung und somit eine Alarmierung.[\/vc_column_text][\/vc_column_inner][\/vc_row_inner][vc_row_inner el_class=&#8220;section_small&#8220;][vc_column_inner width=&#8220;1\/2&#8243;][vc_single_image image=&#8220;766&#8243; img_size=&#8220;full&#8220; css_animation=&#8220;fadeIn&#8220; css=&#8220;.vc_custom_1656925002481{margin-bottom: 30px !important;}&#8220;][vc_column_text css_animation=&#8220;fadeIn&#8220;]<\/p>\n<h3>Belegungs- und Bewegungssensoren<\/h3>\n<p>[\/vc_column_text][vc_column_text css_animation=&#8220;fadeIn&#8220; el_class=&#8220;padright&#8220;]Wie oft hat sich Frau Maier im Pflegebett heute Nacht umgedreht? Achtung, Herr Huber sitzt an der Bettkante und k\u00f6nnte beim Aufstehen st\u00fcrzen! \u2013 speziell im Pflege- und Krankenhausbereich sind Belegungs- und Drucksensoren bereits eine gro\u00dfe Unterst\u00fctzung im Alltag. Die belegte Fl\u00e4che des Sensors bewirkt eine Widerstands- oder Kapazit\u00e4ts\u00e4nderung.[\/vc_column_text][\/vc_column_inner][vc_column_inner width=&#8220;1\/2&#8243;][vc_single_image image=&#8220;769&#8243; img_size=&#8220;full&#8220; css_animation=&#8220;fadeIn&#8220; css=&#8220;.vc_custom_1656925087240{margin-bottom: 30px !important;}&#8220;][vc_column_text css_animation=&#8220;fadeIn&#8220;]<\/p>\n<h3>Stretch- oder Spannungssensoren<\/h3>\n<p>[\/vc_column_text][vc_column_text css_animation=&#8220;fadeIn&#8220; el_class=&#8220;padright&#8220;]Wie viele Bewegungen sind f\u00fcr Menschen, die dauerhaft bettl\u00e4gerig sind, m\u00f6glich und mit welcher Intensit\u00e4t k\u00f6nnen sie ausgef\u00fchrt werden? Gerade in der station\u00e4ren Pflege oder im Krankenhauskontext sind dies wichtige Parameter, um eine optimale Pflege zu gew\u00e4hrleisten. Dehnung oder Spannung des Textils bewirkt eine Widerstands- oder Kapazit\u00e4ts\u00e4nderung.[\/vc_column_text][\/vc_column_inner][\/vc_row_inner][vc_row_inner el_class=&#8220;section_small&#8220;][vc_column_inner width=&#8220;1\/2&#8243;][vc_single_image image=&#8220;771&#8243; img_size=&#8220;full&#8220; css_animation=&#8220;fadeIn&#8220; css=&#8220;.vc_custom_1656925118381{margin-bottom: 30px !important;}&#8220;][vc_column_text css_animation=&#8220;fadeIn&#8220;]<\/p>\n<h3>EKG-Kontaktelektrode \u2013 Messung der Herzspannung<\/h3>\n<p>[\/vc_column_text][vc_column_text css_animation=&#8220;fadeIn&#8220; el_class=&#8220;padright&#8220;]Einfl\u00fcsse verschiedener Trainingsmethoden im Sport messen oder die \u00dcberwachung von PatientInnen mit Herzschw\u00e4che \u2013 mittels textiler Kontaktelektrode werden Messungen einfacher in der Handhabung und genauer in der Auswertung. Waschbare textile Elektroden messen die Spannung des Herzmuskels.[\/vc_column_text][\/vc_column_inner][vc_column_inner width=&#8220;1\/2&#8243;][\/vc_column_inner][\/vc_row_inner][\/vc_column][\/vc_row][vc_row content_placement=&#8220;middle&#8220; el_class=&#8220;blanc project&#8220; css=&#8220;.vc_custom_1651669659041{margin-bottom: 120px !important;}&#8220;][vc_column width=&#8220;5\/12&#8243; el_class=&#8220;project_image&#8220;][vc_single_image image=&#8220;1021&#8243; img_size=&#8220;full&#8220;][\/vc_column][vc_column width=&#8220;7\/12&#8243;][vc_row_inner][vc_column_inner el_class=&#8220;project_text&#8220;][vc_column_text css_animation=&#8220;fadeIn&#8220;]<\/p>\n<h4>Texible Wisbi<\/h4>\n<p>[\/vc_column_text][vc_column_text css_animation=&#8220;fadeIn&#8220;]<\/p>\n<h2>Intelligente Pflegeunterst\u00fctzung f\u00fcr die Pflege zu Hause und im Pflegeheim!<\/h2>\n<p>[\/vc_column_text][vc_column_text css_animation=&#8220;fadeIn&#8220;]F\u00fcr eine gezielte Pflege \u2212 eine Pflege mit Fokus \u2013 hat Texible das intelligente Sensortextil in Form einer Betteinlage TEXIBLE Wisbi entwickelt. TEXIBLE Wisbi ist ein innovatives Sensortextil, das sich durch die selbstst\u00e4ndige Alarmierung beim Erkennen von N\u00e4sse, K\u00f6rperfl\u00fcssigkeiten und dem Verlassen des Bettes auszeichnet. Texible Wisbi ist eine Eigenmarke der Texible GmbH.[\/vc_column_text][vc_column_text css_animation=&#8220;fadeIn&#8220; el_class=&#8220;link&#8220;]<a href=\"https:\/\/www.texible.com\/de\/projekte\/\">Unsere Projekte<\/a>[\/vc_column_text][\/vc_column_inner][\/vc_row_inner][\/vc_column][\/vc_row][vc_row full_width=&#8220;stretch_row&#8220; el_class=&#8220;ctabottom&#8220;][vc_column][vc_row_inner equal_height=&#8220;yes&#8220; content_placement=&#8220;middle&#8220;][vc_column_inner width=&#8220;7\/12&#8243;][vc_column_text css_animation=&#8220;fadeIn&#8220; el_class=&#8220;title&#8220;]Haben wir Sie neugierig gemacht?[\/vc_column_text][vc_column_text css_animation=&#8220;fadeIn&#8220;]Wenn Sie nach einer neuen L\u00f6sung f\u00fcr ein bestehendes Produkt suchen oder an einer innovativen Idee feilen, sind Sie bei uns genau richtig! Jetzt Smart Textiles Expertise anheuern![\/vc_column_text][vc_btn title=&#8220;Kontaktieren Sie uns!&#8220; style=&#8220;flat&#8220; shape=&#8220;square&#8220; color=&#8220;white&#8220; css_animation=&#8220;fadeInUp&#8220; link=&#8220;url:https%3A%2F%2Fwww.texible.com%2Fde%2Fkontakt%2F|&#8220;][\/vc_column_inner][vc_column_inner el_class=&#8220;right&#8220; width=&#8220;5\/12&#8243;][\/vc_column_inner][\/vc_row_inner][vc_separator color=&#8220;white&#8220; css=&#8220;.vc_custom_1651676816861{margin-top: 60px !important;}&#8220;][\/vc_column][\/vc_row]<\/p>\n","protected":false},"excerpt":{"rendered":"<p>[vc_row full_width=&#8220;stretch_row_content&#8220; full_height=&#8220;yes&#8220; equal_height=&#8220;yes&#8220; content_placement=&#8220;middle&#8220; el_class=&#8220;pagekey-dark imagebg&#8220;][vc_column width=&#8220;1\/2&#8243;][vc_row_inner equal_height=&#8220;yes&#8220; content_placement=&#8220;middle&#8220; el_class=&#8220;imagebg&#8220;][vc_column_inner el_class=&#8220;text&#8220;][vc_column_text css_animation=&#8220;fadeIn&#8220;] Sensoren [\/vc_column_text][vc_column_text css_animation=&#8220;fadeIn&#8220;] Technische Sinnesorgane [\/vc_column_text][vc_column_text css_animation=&#8220;fadeIn&#8220;]Sensoren sind die \u201eAugen\u201c des intelligenten Textils und messen was aktuell passiert. Sensorik bezeichnet die Anwendung von Sensoren zur Messung verschiedener physikalischer oder chemischer Eigenschaften. Wir fokussieren uns darauf, Sensoren durch die gezielte Platzierung textiler Leitmaterialien [&hellip;]<\/p>\n","protected":false},"author":2,"featured_media":0,"parent":820,"menu_order":1,"comment_status":"closed","ping_status":"closed","template":"","meta":{"footnotes":""},"class_list":["post-939","page","type-page","status-publish","hentry"],"yoast_head":"<!-- This site is optimized with the Yoast SEO plugin v20.0 - https:\/\/yoast.com\/wordpress\/plugins\/seo\/ -->\n<title>Verschiedene Arten von Sensoren in Smart Textiles - TEXIBLE<\/title>\n<meta name=\"description\" content=\"Sensoren sind die \u201eAugen\u201c des intelligenten Textils und messen was aktuell passiert. Erfahre mehr von Sensoren hier!\" \/>\n<meta name=\"robots\" content=\"index, follow, max-snippet:-1, max-image-preview:large, max-video-preview:-1\" \/>\n<link rel=\"canonical\" href=\"https:\/\/www.texible.com\/de\/smart-textiles\/sensoren\/\" \/>\n<meta property=\"og:locale\" content=\"de_DE\" \/>\n<meta property=\"og:type\" content=\"article\" \/>\n<meta property=\"og:title\" content=\"Verschiedene Arten von Sensoren in Smart Textiles - TEXIBLE\" \/>\n<meta property=\"og:description\" content=\"Sensoren sind die \u201eAugen\u201c des intelligenten Textils und messen was aktuell passiert. Erfahre mehr von Sensoren hier!\" \/>\n<meta property=\"og:url\" content=\"https:\/\/www.texible.com\/de\/smart-textiles\/sensoren\/\" \/>\n<meta property=\"og:site_name\" content=\"TEXIBLE\" \/>\n<meta property=\"article:modified_time\" content=\"2022-12-22T19:29:48+00:00\" \/>\n<meta name=\"twitter:card\" content=\"summary_large_image\" \/>\n<meta name=\"twitter:label1\" content=\"Gesch\u00e4tzte Lesezeit\" \/>\n\t<meta name=\"twitter:data1\" content=\"4\u00a0Minuten\" \/>\n<script type=\"application\/ld+json\" class=\"yoast-schema-graph\">{\"@context\":\"https:\/\/schema.org\",\"@graph\":[{\"@type\":\"WebPage\",\"@id\":\"https:\/\/www.texible.com\/de\/smart-textiles\/sensoren\/\",\"url\":\"https:\/\/www.texible.com\/de\/smart-textiles\/sensoren\/\",\"name\":\"Verschiedene Arten von Sensoren in Smart Textiles - TEXIBLE\",\"isPartOf\":{\"@id\":\"https:\/\/www.texible.com\/#website\"},\"datePublished\":\"2022-05-04T10:06:22+00:00\",\"dateModified\":\"2022-12-22T19:29:48+00:00\",\"description\":\"Sensoren sind die \u201eAugen\u201c des intelligenten Textils und messen was aktuell passiert. Erfahre mehr von Sensoren hier!\",\"breadcrumb\":{\"@id\":\"https:\/\/www.texible.com\/de\/smart-textiles\/sensoren\/#breadcrumb\"},\"inLanguage\":\"de\",\"potentialAction\":[{\"@type\":\"ReadAction\",\"target\":[\"https:\/\/www.texible.com\/de\/smart-textiles\/sensoren\/\"]}]},{\"@type\":\"BreadcrumbList\",\"@id\":\"https:\/\/www.texible.com\/de\/smart-textiles\/sensoren\/#breadcrumb\",\"itemListElement\":[{\"@type\":\"ListItem\",\"position\":1,\"name\":\"Home\",\"item\":\"https:\/\/www.texible.com\/de\/\"},{\"@type\":\"ListItem\",\"position\":2,\"name\":\"Smart Textiles\",\"item\":\"https:\/\/www.texible.com\/de\/smart-textiles\/\"},{\"@type\":\"ListItem\",\"position\":3,\"name\":\"Sensoren\"}]},{\"@type\":\"WebSite\",\"@id\":\"https:\/\/www.texible.com\/#website\",\"url\":\"https:\/\/www.texible.com\/\",\"name\":\"TEXIBLE\",\"description\":\"Realize your next innovation, using smart textiles\",\"publisher\":{\"@id\":\"https:\/\/www.texible.com\/#organization\"},\"potentialAction\":[{\"@type\":\"SearchAction\",\"target\":{\"@type\":\"EntryPoint\",\"urlTemplate\":\"https:\/\/www.texible.com\/?s={search_term_string}\"},\"query-input\":\"required name=search_term_string\"}],\"inLanguage\":\"de\"},{\"@type\":\"Organization\",\"@id\":\"https:\/\/www.texible.com\/#organization\",\"name\":\"TEXIBLE\",\"url\":\"https:\/\/www.texible.com\/\",\"logo\":{\"@type\":\"ImageObject\",\"inLanguage\":\"de\",\"@id\":\"https:\/\/www.texible.com\/#\/schema\/logo\/image\/\",\"url\":\"https:\/\/www.texible.com\/wp-content\/uploads\/2022\/06\/TEXIBLE-Brand1x.png\",\"contentUrl\":\"https:\/\/www.texible.com\/wp-content\/uploads\/2022\/06\/TEXIBLE-Brand1x.png\",\"width\":150,\"height\":20,\"caption\":\"TEXIBLE\"},\"image\":{\"@id\":\"https:\/\/www.texible.com\/#\/schema\/logo\/image\/\"}}]}<\/script>\n<!-- \/ Yoast SEO plugin. -->","yoast_head_json":{"title":"Verschiedene Arten von Sensoren in Smart Textiles - TEXIBLE","description":"Sensoren sind die \u201eAugen\u201c des intelligenten Textils und messen was aktuell passiert. Erfahre mehr von Sensoren hier!","robots":{"index":"index","follow":"follow","max-snippet":"max-snippet:-1","max-image-preview":"max-image-preview:large","max-video-preview":"max-video-preview:-1"},"canonical":"https:\/\/www.texible.com\/de\/smart-textiles\/sensoren\/","og_locale":"de_DE","og_type":"article","og_title":"Verschiedene Arten von Sensoren in Smart Textiles - TEXIBLE","og_description":"Sensoren sind die \u201eAugen\u201c des intelligenten Textils und messen was aktuell passiert. Erfahre mehr von Sensoren hier!","og_url":"https:\/\/www.texible.com\/de\/smart-textiles\/sensoren\/","og_site_name":"TEXIBLE","article_modified_time":"2022-12-22T19:29:48+00:00","twitter_card":"summary_large_image","twitter_misc":{"Gesch\u00e4tzte Lesezeit":"4\u00a0Minuten"},"schema":{"@context":"https:\/\/schema.org","@graph":[{"@type":"WebPage","@id":"https:\/\/www.texible.com\/de\/smart-textiles\/sensoren\/","url":"https:\/\/www.texible.com\/de\/smart-textiles\/sensoren\/","name":"Verschiedene Arten von Sensoren in Smart Textiles - TEXIBLE","isPartOf":{"@id":"https:\/\/www.texible.com\/#website"},"datePublished":"2022-05-04T10:06:22+00:00","dateModified":"2022-12-22T19:29:48+00:00","description":"Sensoren sind die \u201eAugen\u201c des intelligenten Textils und messen was aktuell passiert. Erfahre mehr von Sensoren hier!","breadcrumb":{"@id":"https:\/\/www.texible.com\/de\/smart-textiles\/sensoren\/#breadcrumb"},"inLanguage":"de","potentialAction":[{"@type":"ReadAction","target":["https:\/\/www.texible.com\/de\/smart-textiles\/sensoren\/"]}]},{"@type":"BreadcrumbList","@id":"https:\/\/www.texible.com\/de\/smart-textiles\/sensoren\/#breadcrumb","itemListElement":[{"@type":"ListItem","position":1,"name":"Home","item":"https:\/\/www.texible.com\/de\/"},{"@type":"ListItem","position":2,"name":"Smart Textiles","item":"https:\/\/www.texible.com\/de\/smart-textiles\/"},{"@type":"ListItem","position":3,"name":"Sensoren"}]},{"@type":"WebSite","@id":"https:\/\/www.texible.com\/#website","url":"https:\/\/www.texible.com\/","name":"TEXIBLE","description":"Realize your next innovation, using smart textiles","publisher":{"@id":"https:\/\/www.texible.com\/#organization"},"potentialAction":[{"@type":"SearchAction","target":{"@type":"EntryPoint","urlTemplate":"https:\/\/www.texible.com\/?s={search_term_string}"},"query-input":"required name=search_term_string"}],"inLanguage":"de"},{"@type":"Organization","@id":"https:\/\/www.texible.com\/#organization","name":"TEXIBLE","url":"https:\/\/www.texible.com\/","logo":{"@type":"ImageObject","inLanguage":"de","@id":"https:\/\/www.texible.com\/#\/schema\/logo\/image\/","url":"https:\/\/www.texible.com\/wp-content\/uploads\/2022\/06\/TEXIBLE-Brand1x.png","contentUrl":"https:\/\/www.texible.com\/wp-content\/uploads\/2022\/06\/TEXIBLE-Brand1x.png","width":150,"height":20,"caption":"TEXIBLE"},"image":{"@id":"https:\/\/www.texible.com\/#\/schema\/logo\/image\/"}}]}},"_links":{"self":[{"href":"https:\/\/www.texible.com\/de\/wp-json\/wp\/v2\/pages\/939","targetHints":{"allow":["GET"]}}],"collection":[{"href":"https:\/\/www.texible.com\/de\/wp-json\/wp\/v2\/pages"}],"about":[{"href":"https:\/\/www.texible.com\/de\/wp-json\/wp\/v2\/types\/page"}],"author":[{"embeddable":true,"href":"https:\/\/www.texible.com\/de\/wp-json\/wp\/v2\/users\/2"}],"replies":[{"embeddable":true,"href":"https:\/\/www.texible.com\/de\/wp-json\/wp\/v2\/comments?post=939"}],"version-history":[{"count":9,"href":"https:\/\/www.texible.com\/de\/wp-json\/wp\/v2\/pages\/939\/revisions"}],"predecessor-version":[{"id":1183,"href":"https:\/\/www.texible.com\/de\/wp-json\/wp\/v2\/pages\/939\/revisions\/1183"}],"up":[{"embeddable":true,"href":"https:\/\/www.texible.com\/de\/wp-json\/wp\/v2\/pages\/820"}],"wp:attachment":[{"href":"https:\/\/www.texible.com\/de\/wp-json\/wp\/v2\/media?parent=939"}],"curies":[{"name":"wp","href":"https:\/\/api.w.org\/{rel}","templated":true}]}}